{"id":2060,"date":"2019-05-06T14:34:56","date_gmt":"2019-05-06T12:34:56","guid":{"rendered":"http:\/\/publikationen.zhdk.ch\/?post_type=product&#038;p=2060"},"modified":"2023-08-10T13:42:32","modified_gmt":"2023-08-10T11:42:32","slug":"seien-wir-realistisch","status":"publish","type":"product","link":"https:\/\/publikationen.zhdk.ch\/?product=seien-wir-realistisch","title":{"rendered":"Seien wir realistisch | Magdalena Marsza\u0142ek, Dieter Mersch (Hg.)"},"content":{"rendered":"<p>ZHdK: Institut f\u00fcr Theorie (ITH)<\/p>\n","protected":false},"excerpt":{"rendered":"<p>Neue Realismen und Dokumentarismen in Philosophie und Kunst<\/p>\n<p>Dokumentarische Kunstpraktiken haben derzeit Hochkonjunktur, ob in Fotografie, Film, Theater, performativen Kunstexperimenten oder Literatur. \u00dcber einen \u00bbneuen Realismus\u00ab wird in der Philosophie ebenso wie in der k\u00fcnstlerischen Produktion diskutiert. Ein postkonstruktivistischer Realismus misstraut der Repr\u00e4sentation, wei\u00df um die Gemachtheit der Darstellung und will auf die Selbstreflexivit\u00e4t k\u00fcnstlerischer Praktiken nicht verzichten. Doch weder ist den gegenw\u00e4rtigen Realismen das Begehren nach unmittelbarer Wirklichkeitserfahrung fremd, noch verzichten sie auf Wirklichkeitskritik und politische Intervention. Immer wieder geht es um die Herstellung einer Ber\u00fchrung mit Wirklichkeit und einer Wirklichkeit der Ber\u00fchrung, des Affekts \u2013 in der Einflechtung des \u203aRohmaterials\u2039 ins Artefakt, der Restitution einer Erfahrung im Reenactment oder der Arbeit mit Zeugen und \u203aExperten des Alltags\u2039 in Film und Theater.<\/p>\n<p>Reihe <a href=\"https:\/\/publikationen.zhdk.ch\/?product_cat=denkt-kunst\">Denkt Kunst<\/a><\/p>\n<p>400 Seiten, Diaphanes, 2017<br \/>\nISBN 978-3-03734-574-0<\/p>\n","protected":false},"featured_media":2062,"template":"","meta":[],"product_brand":[],"product_cat":[149,291,345,245],"product_tag":[627,915],"class_list":{"0":"post-2060","1":"product","2":"type-product","3":"status-publish","4":"has-post-thumbnail","6":"product_cat-ith","7":"product_cat-denkt-kunst","8":"product_cat-marzalek-magdalena","9":"product_cat-mersch-dieter","10":"product_tag-kunst","11":"product_tag-philosophie","13":"first","14":"instock","15":"shipping-taxable","16":"product-type-external"},"_links":{"self":[{"href":"https:\/\/publikationen.zhdk.ch\/index.php?rest_route=\/wp\/v2\/product\/2060","targetHints":{"allow":["GET"]}}],"collection":[{"href":"https:\/\/publikationen.zhdk.ch\/index.php?rest_route=\/wp\/v2\/product"}],"about":[{"href":"https:\/\/publikationen.zhdk.ch\/index.php?rest_route=\/wp\/v2\/types\/product"}],"version-history":[{"count":5,"href":"https:\/\/publikationen.zhdk.ch\/index.php?rest_route=\/wp\/v2\/product\/2060\/revisions"}],"predecessor-version":[{"id":6137,"href":"https:\/\/publikationen.zhdk.ch\/index.php?rest_route=\/wp\/v2\/product\/2060\/revisions\/6137"}],"wp:featuredmedia":[{"embeddable":true,"href":"https:\/\/publikationen.zhdk.ch\/index.php?rest_route=\/wp\/v2\/media\/2062"}],"wp:attachment":[{"href":"https:\/\/publikationen.zhdk.ch\/index.php?rest_route=%2Fwp%2Fv2%2Fmedia&parent=2060"}],"wp:term":[{"taxonomy":"product_brand","embeddable":true,"href":"https:\/\/publikationen.zhdk.ch\/index.php?rest_route=%2Fwp%2Fv2%2Fproduct_brand&post=2060"},{"taxonomy":"product_cat","embeddable":true,"href":"https:\/\/publikationen.zhdk.ch\/index.php?rest_route=%2Fwp%2Fv2%2Fproduct_cat&post=2060"},{"taxonomy":"product_tag","embeddable":true,"href":"https:\/\/publikationen.zhdk.ch\/index.php?rest_route=%2Fwp%2Fv2%2Fproduct_tag&post=2060"}],"curies":[{"name":"wp","href":"https:\/\/api.w.org\/{rel}","templated":true}]}}