{"id":2053,"date":"2019-05-04T20:35:55","date_gmt":"2019-05-04T18:35:55","guid":{"rendered":"http:\/\/publikationen.zhdk.ch\/?post_type=product&#038;p=2053"},"modified":"2023-08-10T11:18:33","modified_gmt":"2023-08-10T09:18:33","slug":"lektionen-fuer-den-professionellen-schauspieler","status":"publish","type":"product","link":"https:\/\/publikationen.zhdk.ch\/?product=lektionen-fuer-den-professionellen-schauspieler","title":{"rendered":"Lektionen f\u00fcr den professionellen Schauspieler | Michael Tschechow"},"content":{"rendered":"<p>\u00bbIm November 1941 erhielt Michael Tschechow die M\u00f6glichkeit, einer Gruppe von Theaterschauspielern die Grunds\u00e4tze seiner Methode vorzustellen. Im New York Studio wurde eine Serie von vierzehn Unterrichtsstunden abgehalten. Als Tschechows Assistentin dokumentierte ich die gesamte Arbeit, das transkribierte Material, aus dem die vorliegende Zusammenstellung besteht, gibt ein lebendiges Portrait eines hochbegabten Theaterk\u00fcnstlers. Niemand, der mit Michael Tschechow gearbeitet hat, wird diese Erfahrung je vergessen.\u00ab\u00a0Deirdre Hurst du Prey<\/p>\n<p>\u00bbZun\u00e4chst einmal werden wir sehen, dass unsere Methode einen Schl\u00fcssel darstellt, unsere eigene Natur besser zu verstehen. All diese verschlossenen T\u00fcren, hinter denen wir Hitler finden werden, den wir im Griff haben und beherrschen, und Franz von Assisi, der uns inspiriert. Unsere eigene kreative schauspielerische Natur ist Teil unseres Willens.\u00ab\u00a0Michael Tschechow<\/p>\n<p>Herausgegeben von Anton Rey und Mani Wintsch, mit einem Vorwort von Mel Gordon.<\/p>\n<p>ZHdK: Institute for the Performing Arts and Film (IPF)<\/p>\n","protected":false},"excerpt":{"rendered":"<p>Nach Notizen transkribiert und zusammengestellt von Deirdre Hurst du Prey.<br \/>\nMichael Tschechows anregende Lektionen bieten einen Einstieg in seine Methoden und Techniken zur Erschlie\u00dfung des imaginativen Potenzials des Schauspielers. Der 1985 in New York ver\u00f6ffentlichte Text erscheint hier erstmals auf Deutsch, \u00fcbersetzt von Michael Raab.<\/p>\n<p><a href=\"https:\/\/publikationen.zhdk.ch\/?product_cat=subtexte\">subTexte<\/a> 09<\/p>\n<p>172 Seiten, Alexander Verlag, 2013<br \/>\nISBN 978-3-89581-322-1<br \/>\nPrintausgabe vergriffen<\/p>\n","protected":false},"featured_media":4089,"template":"","meta":[],"product_brand":[],"product_cat":[157,243,569,575,577],"product_tag":[947,949],"class_list":{"0":"post-2053","1":"product","2":"type-product","3":"status-publish","4":"has-post-thumbnail","6":"product_cat-ipf","7":"product_cat-rey-anton","8":"product_cat-subtexte","9":"product_cat-tschechow-michael","10":"product_cat-wintsch-mani","11":"product_tag-schauspiel","12":"product_tag-schauspieler","14":"first","15":"instock","16":"shipping-taxable","17":"product-type-external"},"_links":{"self":[{"href":"https:\/\/publikationen.zhdk.ch\/index.php?rest_route=\/wp\/v2\/product\/2053","targetHints":{"allow":["GET"]}}],"collection":[{"href":"https:\/\/publikationen.zhdk.ch\/index.php?rest_route=\/wp\/v2\/product"}],"about":[{"href":"https:\/\/publikationen.zhdk.ch\/index.php?rest_route=\/wp\/v2\/types\/product"}],"version-history":[{"count":6,"href":"https:\/\/publikationen.zhdk.ch\/index.php?rest_route=\/wp\/v2\/product\/2053\/revisions"}],"predecessor-version":[{"id":6009,"href":"https:\/\/publikationen.zhdk.ch\/index.php?rest_route=\/wp\/v2\/product\/2053\/revisions\/6009"}],"wp:featuredmedia":[{"embeddable":true,"href":"https:\/\/publikationen.zhdk.ch\/index.php?rest_route=\/wp\/v2\/media\/4089"}],"wp:attachment":[{"href":"https:\/\/publikationen.zhdk.ch\/index.php?rest_route=%2Fwp%2Fv2%2Fmedia&parent=2053"}],"wp:term":[{"taxonomy":"product_brand","embeddable":true,"href":"https:\/\/publikationen.zhdk.ch\/index.php?rest_route=%2Fwp%2Fv2%2Fproduct_brand&post=2053"},{"taxonomy":"product_cat","embeddable":true,"href":"https:\/\/publikationen.zhdk.ch\/index.php?rest_route=%2Fwp%2Fv2%2Fproduct_cat&post=2053"},{"taxonomy":"product_tag","embeddable":true,"href":"https:\/\/publikationen.zhdk.ch\/index.php?rest_route=%2Fwp%2Fv2%2Fproduct_tag&post=2053"}],"curies":[{"name":"wp","href":"https:\/\/api.w.org\/{rel}","templated":true}]}}