{"id":2047,"date":"2019-05-04T20:28:47","date_gmt":"2019-05-04T18:28:47","guid":{"rendered":"http:\/\/publikationen.zhdk.ch\/?post_type=product&#038;p=2047"},"modified":"2023-08-10T11:20:41","modified_gmt":"2023-08-10T09:20:41","slug":"akustik-des-vokals","status":"publish","type":"product","link":"https:\/\/publikationen.zhdk.ch\/?product=akustik-des-vokals","title":{"rendered":"Akustik des Vokals. Pr\u00e4liminarien | Dieter Maurer [E-Book PDF]"},"content":{"rendered":"<p>ZHdK: Institute for the Performing Arts and Film (IPF)<\/p>\n","protected":false},"excerpt":{"rendered":"<p>Die Frage, wie wir Vokale erzeugen und wie sie sich in der Folge akustisch \u00ababbilden\u00bb, scheint im Wesentlichen gekl\u00e4rt: Wir phonieren und artikulieren. Wir produzieren mit den Stimmb\u00e4ndern einen allgemeinen Klang oder ein Ger\u00e4usch und formen diese \u00fcber die Resonanzen von Rachen, Mund und Nase zu einem einzelnen, spezifischen Laut. Dementsprechend werden Vokale akustisch \u00fcber charakteristische Energiemaxima im Spektrum, \u00fcber sogenannte \u00abFormanten\u00bb beschrieben. Intellektuelle und empirische Gr\u00fcnde, wie sie in dieser Schrift zusammengestellt und erl\u00e4utert werden, geben aber Anlass zu einer ausgepr\u00e4gten Skepsis gegen\u00fcber einer solchen Auffassung. Die vorliegenden Darstellungen und Erl\u00e4uterungen lassen folgern, dass eine nachvollziehbare Theorie der Akustik von Stimme und stimmhafter Sprache, und mit ihr ein entsprechendes Verstehen von Vokalen als Leistung und Formgebung der Stimme, bis heute aussteht. Die Frage nach der Akustik der Vokale erweist sich mithin als ein ungel\u00f6stes Grundlagenproblem.<\/p>\n<p><a href=\"https:\/\/publikationen.zhdk.ch\/?product_cat=subtexte\">subTexte<\/a> 08<\/p>\n<p>112 Seiten, Institute for the Performing Arts and Film ZHdK, 2012<br \/>\nISBN 978-3-906437-39-2<br \/>\nPrintausgabe vergriffen<\/p>\n","protected":false},"featured_media":4087,"template":"","meta":[],"product_brand":[],"product_cat":[221,1514,273,1014,157,569],"product_tag":[],"class_list":{"0":"post-2047","1":"product","2":"type-product","3":"status-publish","4":"has-post-thumbnail","6":"product_cat-e-books","7":"product_cat-e-publikationen","8":"product_cat-maurer-dieter","9":"product_cat-open-access","10":"product_cat-ipf","11":"product_cat-subtexte","13":"first","14":"instock","15":"shipping-taxable","16":"product-type-external"},"_links":{"self":[{"href":"https:\/\/publikationen.zhdk.ch\/index.php?rest_route=\/wp\/v2\/product\/2047","targetHints":{"allow":["GET"]}}],"collection":[{"href":"https:\/\/publikationen.zhdk.ch\/index.php?rest_route=\/wp\/v2\/product"}],"about":[{"href":"https:\/\/publikationen.zhdk.ch\/index.php?rest_route=\/wp\/v2\/types\/product"}],"version-history":[{"count":5,"href":"https:\/\/publikationen.zhdk.ch\/index.php?rest_route=\/wp\/v2\/product\/2047\/revisions"}],"predecessor-version":[{"id":6015,"href":"https:\/\/publikationen.zhdk.ch\/index.php?rest_route=\/wp\/v2\/product\/2047\/revisions\/6015"}],"wp:featuredmedia":[{"embeddable":true,"href":"https:\/\/publikationen.zhdk.ch\/index.php?rest_route=\/wp\/v2\/media\/4087"}],"wp:attachment":[{"href":"https:\/\/publikationen.zhdk.ch\/index.php?rest_route=%2Fwp%2Fv2%2Fmedia&parent=2047"}],"wp:term":[{"taxonomy":"product_brand","embeddable":true,"href":"https:\/\/publikationen.zhdk.ch\/index.php?rest_route=%2Fwp%2Fv2%2Fproduct_brand&post=2047"},{"taxonomy":"product_cat","embeddable":true,"href":"https:\/\/publikationen.zhdk.ch\/index.php?rest_route=%2Fwp%2Fv2%2Fproduct_cat&post=2047"},{"taxonomy":"product_tag","embeddable":true,"href":"https:\/\/publikationen.zhdk.ch\/index.php?rest_route=%2Fwp%2Fv2%2Fproduct_tag&post=2047"}],"curies":[{"name":"wp","href":"https:\/\/api.w.org\/{rel}","templated":true}]}}