{"id":2041,"date":"2019-05-04T20:22:21","date_gmt":"2019-05-04T18:22:21","guid":{"rendered":"http:\/\/publikationen.zhdk.ch\/?post_type=product&#038;p=2041"},"modified":"2023-08-10T11:19:49","modified_gmt":"2023-08-10T09:19:49","slug":"aesthetische-kommunikation-und-kindertheater","status":"publish","type":"product","link":"https:\/\/publikationen.zhdk.ch\/?product=aesthetische-kommunikation-und-kindertheater","title":{"rendered":"\u00c4sthetische Kommunikation und Kindertheater | Mira Sack, Anton Rey (Hg.) [E-Book PDF]"},"content":{"rendered":"<p>Mit Beitr\u00e4gen von Charlotte Baumgart, Julia Bihl, Michael Frais, Annina Giordano-Roth, Bina Elisabeth Mohn, Carmen M\u00f6rsch, Anna Sch\u00fcrch und Geesche Wartemann.<\/p>\n<p>ZHdK: Institute for the Performing Arts and Film (IPF)<\/p>\n","protected":false},"excerpt":{"rendered":"<p>Rezeptionsprozesse und ihre dialogische Funktion in der Vermittlung von Theater aufmerksam zu verfolgen, gilt aktuell eher als Ausnahmeerscheinung. Das vom Schweizerischen Nationalfonds gef\u00f6rderte Forschungsprojekt \u00ab\u00c4sthetische Kommunikation im Kindertheater\u00bb ist hier aktiv geworden. Die Studie zu Rezeptionsweisen und Erlebnisqualit\u00e4ten von Kindern im Umgang mit Inszenierungen will Anregung geben, Theaterbesuche als produktiven Bestandteil von \u00e4sthetischen Bildungsprozessen zu begreifen. Die Dokumentation schildert Ergebnisse aus der Untersuchung und beleuchtet Interaktion und Feedback-Schleife im Kindertheater.<\/p>\n<p><a href=\"https:\/\/publikationen.zhdk.ch\/?product_cat=subtexte\">subTexte<\/a> 07<\/p>\n<p>292 Seiten, DVD, Alexander Verlag, 2012<br \/>\nISBN 978-3-89581-385-6<br \/>\nPrintausgabe vergriffen<\/p>\n","protected":false},"featured_media":4095,"template":"","meta":[],"product_brand":[],"product_cat":[221,1514,1014,157,243,579,569],"product_tag":[945,475],"class_list":{"0":"post-2041","1":"product","2":"type-product","3":"status-publish","4":"has-post-thumbnail","6":"product_cat-e-books","7":"product_cat-e-publikationen","8":"product_cat-open-access","9":"product_cat-ipf","10":"product_cat-rey-anton","11":"product_cat-sack-mira","12":"product_cat-subtexte","13":"product_tag-kindertheater","14":"product_tag-theaterpaedagogik","16":"first","17":"instock","18":"shipping-taxable","19":"product-type-external"},"_links":{"self":[{"href":"https:\/\/publikationen.zhdk.ch\/index.php?rest_route=\/wp\/v2\/product\/2041","targetHints":{"allow":["GET"]}}],"collection":[{"href":"https:\/\/publikationen.zhdk.ch\/index.php?rest_route=\/wp\/v2\/product"}],"about":[{"href":"https:\/\/publikationen.zhdk.ch\/index.php?rest_route=\/wp\/v2\/types\/product"}],"version-history":[{"count":4,"href":"https:\/\/publikationen.zhdk.ch\/index.php?rest_route=\/wp\/v2\/product\/2041\/revisions"}],"predecessor-version":[{"id":6013,"href":"https:\/\/publikationen.zhdk.ch\/index.php?rest_route=\/wp\/v2\/product\/2041\/revisions\/6013"}],"wp:featuredmedia":[{"embeddable":true,"href":"https:\/\/publikationen.zhdk.ch\/index.php?rest_route=\/wp\/v2\/media\/4095"}],"wp:attachment":[{"href":"https:\/\/publikationen.zhdk.ch\/index.php?rest_route=%2Fwp%2Fv2%2Fmedia&parent=2041"}],"wp:term":[{"taxonomy":"product_brand","embeddable":true,"href":"https:\/\/publikationen.zhdk.ch\/index.php?rest_route=%2Fwp%2Fv2%2Fproduct_brand&post=2041"},{"taxonomy":"product_cat","embeddable":true,"href":"https:\/\/publikationen.zhdk.ch\/index.php?rest_route=%2Fwp%2Fv2%2Fproduct_cat&post=2041"},{"taxonomy":"product_tag","embeddable":true,"href":"https:\/\/publikationen.zhdk.ch\/index.php?rest_route=%2Fwp%2Fv2%2Fproduct_tag&post=2041"}],"curies":[{"name":"wp","href":"https:\/\/api.w.org\/{rel}","templated":true}]}}