{"id":2029,"date":"2019-05-04T20:06:32","date_gmt":"2019-05-04T18:06:32","guid":{"rendered":"http:\/\/publikationen.zhdk.ch\/?post_type=product&#038;p=2029"},"modified":"2023-08-10T11:21:16","modified_gmt":"2023-08-10T09:21:16","slug":"theater-vermittlung-schule","status":"publish","type":"product","link":"https:\/\/publikationen.zhdk.ch\/?product=theater-vermittlung-schule","title":{"rendered":"Theater Vermittlung Schule | Mira Sack, Anton Rey, Stefan Sch\u00f6bi (Hg.) [E-Book PDF]"},"content":{"rendered":"<p>Der vorliegende Band h\u00e4lt die ersten Ergebnisse einer\u00a0Tagung\u00a0fest, die 2010 an der Z\u00fcrcher Hochschule der K\u00fcnste in Zusammenarbeit mit dem Schweizerischen B\u00fchnenverband und der P\u00e4dagogischen Hochschule Z\u00fcrich stattgefunden hat. Im Spannungsfeld zwischen k\u00fcnstlerischer und bildender Praxis sind Lehrpersonen, Theaterschaffende und Theaterp\u00e4dagog*innen in einen Dialog getreten \u00fcber Begegnungsformen und -orte von Schule und Theater.<\/p>\n<p>Mit Beitr\u00e4gen von Martin Frank, Ursula Jenni, Mathis Kramer-L\u00e4nger, Kathrin L\u00f6tscher,\u00a0Carmen M\u00f6rsch und Mira Sack.<\/p>\n<p>In Zusammenarbeit mit der Fachrichtung Theater der ZHdK und dem Schweizerischen B\u00fchnenverband.<\/p>\n<p>ZHdK: Institute for the Performing Arts and Film (IPF)<\/p>\n","protected":false},"excerpt":{"rendered":"<p>Theater und Schule erschienen angesichts ihrer unterschiedlichen Strukturen und Arbeitsweisen als ziemlich gegens\u00e4tzliches Paar: hier die engen Leitplanken der Lehrpl\u00e4ne, dort die Freiheit der Kunst. Dennoch verfolgen die beiden Institutionen vergleichbare Ziele, setzen zu deren Erreichung aber unterschiedliche Instrumente ein. Der Auftrag der kulturellen Bildung und Kulturvermittlung an die nachwachsende Generation kann jedoch nur von Schule und Theater gemeinsam geleistet werden.<\/p>\n<p><a href=\"https:\/\/publikationen.zhdk.ch\/?product_cat=subtexte\">subTexte<\/a> 05<\/p>\n<p>64 Seiten, Institute for the Performing Arts and Film ZHdK, 2011<br \/>\nISBN 978-3-906437-34-7<br \/>\nPrintausgabe vergriffen<\/p>\n","protected":false},"featured_media":4099,"template":"","meta":[],"product_brand":[],"product_cat":[221,1514,1014,157,243,579,585,569],"product_tag":[475],"class_list":{"0":"post-2029","1":"product","2":"type-product","3":"status-publish","4":"has-post-thumbnail","6":"product_cat-e-books","7":"product_cat-e-publikationen","8":"product_cat-open-access","9":"product_cat-ipf","10":"product_cat-rey-anton","11":"product_cat-sack-mira","12":"product_cat-schoebi-stefan","13":"product_cat-subtexte","14":"product_tag-theaterpaedagogik","16":"first","17":"instock","18":"shipping-taxable","19":"product-type-external"},"_links":{"self":[{"href":"https:\/\/publikationen.zhdk.ch\/index.php?rest_route=\/wp\/v2\/product\/2029","targetHints":{"allow":["GET"]}}],"collection":[{"href":"https:\/\/publikationen.zhdk.ch\/index.php?rest_route=\/wp\/v2\/product"}],"about":[{"href":"https:\/\/publikationen.zhdk.ch\/index.php?rest_route=\/wp\/v2\/types\/product"}],"version-history":[{"count":5,"href":"https:\/\/publikationen.zhdk.ch\/index.php?rest_route=\/wp\/v2\/product\/2029\/revisions"}],"predecessor-version":[{"id":6017,"href":"https:\/\/publikationen.zhdk.ch\/index.php?rest_route=\/wp\/v2\/product\/2029\/revisions\/6017"}],"wp:featuredmedia":[{"embeddable":true,"href":"https:\/\/publikationen.zhdk.ch\/index.php?rest_route=\/wp\/v2\/media\/4099"}],"wp:attachment":[{"href":"https:\/\/publikationen.zhdk.ch\/index.php?rest_route=%2Fwp%2Fv2%2Fmedia&parent=2029"}],"wp:term":[{"taxonomy":"product_brand","embeddable":true,"href":"https:\/\/publikationen.zhdk.ch\/index.php?rest_route=%2Fwp%2Fv2%2Fproduct_brand&post=2029"},{"taxonomy":"product_cat","embeddable":true,"href":"https:\/\/publikationen.zhdk.ch\/index.php?rest_route=%2Fwp%2Fv2%2Fproduct_cat&post=2029"},{"taxonomy":"product_tag","embeddable":true,"href":"https:\/\/publikationen.zhdk.ch\/index.php?rest_route=%2Fwp%2Fv2%2Fproduct_tag&post=2029"}],"curies":[{"name":"wp","href":"https:\/\/api.w.org\/{rel}","templated":true}]}}