{"id":2007,"date":"2019-05-04T16:13:33","date_gmt":"2019-05-04T14:13:33","guid":{"rendered":"http:\/\/publikationen.zhdk.ch\/?post_type=product&#038;p=2007"},"modified":"2023-01-30T14:01:43","modified_gmt":"2023-01-30T13:01:43","slug":"fines-hominis","status":"publish","type":"product","link":"https:\/\/publikationen.zhdk.ch\/?product=fines-hominis","title":{"rendered":"Fines Hominis? Zur Geschichte der philosophischen Anthropologiekritik | Marc R\u00f6lli (Hg.)"},"content":{"rendered":"<p>ZHdK: Institut f\u00fcr Designforschung (IDE)<\/p>\n","protected":false},"excerpt":{"rendered":"<p>Seit bereits gut 50 Jahren geistern in der Philosophie die Thesen vom &#171;Verschwinden des Menschen&#187;, seiner &#171;Aufl\u00f6sung&#187; oder seinem &#171;Ende&#187; herum. Vom &#171;Tod des Subjekts&#187; ist immer wieder die Rede. Es etabliert sich eine philosophische Skepsis, die sich auf &#171;den Menschen&#187; bezieht und \u00fcber ihn hinausweist.\u00a0Dieses Buch kl\u00e4rt \u00fcber die Hintergr\u00fcnde und Bedeutungen dieser als &#171;postmodern&#187; geltenden Postulate auf, ohne dabei in polemische Vorurteile zu verfallen. In den einzelnen Beitr\u00e4gen werden die historisch einschl\u00e4gigen Kritiken rekonstruiert, die sich gegen eine anthropologische Erh\u00f6hung oder Verabsolutierung &#171;des Menschen&#187; aussprechen.\u00a0Zugleich bezieht der Band philosophisch Position gegen den aktuellen Trend einer Wiederbelebung naturalistischer Menschenbilder in Biowissenschaften und Hirnforschung.<\/p>\n<p>232 Seiten,\u00a0transcript, 2015<br \/>\nISBN 978-3-8376-2956-9<\/p>\n","protected":false},"featured_media":2011,"template":"","meta":[],"product_brand":[],"product_cat":[153,935],"product_tag":[],"class_list":{"0":"post-2007","1":"product","2":"type-product","3":"status-publish","4":"has-post-thumbnail","6":"product_cat-design","7":"product_cat-roelli-marc","9":"first","10":"instock","11":"shipping-taxable","12":"product-type-external"},"_links":{"self":[{"href":"https:\/\/publikationen.zhdk.ch\/index.php?rest_route=\/wp\/v2\/product\/2007","targetHints":{"allow":["GET"]}}],"collection":[{"href":"https:\/\/publikationen.zhdk.ch\/index.php?rest_route=\/wp\/v2\/product"}],"about":[{"href":"https:\/\/publikationen.zhdk.ch\/index.php?rest_route=\/wp\/v2\/types\/product"}],"version-history":[{"count":4,"href":"https:\/\/publikationen.zhdk.ch\/index.php?rest_route=\/wp\/v2\/product\/2007\/revisions"}],"predecessor-version":[{"id":3172,"href":"https:\/\/publikationen.zhdk.ch\/index.php?rest_route=\/wp\/v2\/product\/2007\/revisions\/3172"}],"wp:featuredmedia":[{"embeddable":true,"href":"https:\/\/publikationen.zhdk.ch\/index.php?rest_route=\/wp\/v2\/media\/2011"}],"wp:attachment":[{"href":"https:\/\/publikationen.zhdk.ch\/index.php?rest_route=%2Fwp%2Fv2%2Fmedia&parent=2007"}],"wp:term":[{"taxonomy":"product_brand","embeddable":true,"href":"https:\/\/publikationen.zhdk.ch\/index.php?rest_route=%2Fwp%2Fv2%2Fproduct_brand&post=2007"},{"taxonomy":"product_cat","embeddable":true,"href":"https:\/\/publikationen.zhdk.ch\/index.php?rest_route=%2Fwp%2Fv2%2Fproduct_cat&post=2007"},{"taxonomy":"product_tag","embeddable":true,"href":"https:\/\/publikationen.zhdk.ch\/index.php?rest_route=%2Fwp%2Fv2%2Fproduct_tag&post=2007"}],"curies":[{"name":"wp","href":"https:\/\/api.w.org\/{rel}","templated":true}]}}