{"id":2003,"date":"2019-05-04T16:06:53","date_gmt":"2019-05-04T14:06:53","guid":{"rendered":"http:\/\/publikationen.zhdk.ch\/?post_type=product&#038;p=2003"},"modified":"2023-01-30T14:04:23","modified_gmt":"2023-01-30T13:04:23","slug":"selbsttransformation-und-charismatisch-evangelikale-identitaet-francis-mueller-e-book-pdf","status":"publish","type":"product","link":"https:\/\/publikationen.zhdk.ch\/?product=selbsttransformation-und-charismatisch-evangelikale-identitaet-francis-mueller-e-book-pdf","title":{"rendered":"Selbsttransformation und charismatisch evangelikale Identit\u00e4t | Francis M\u00fcller [E-Book PDF]"},"content":{"rendered":"<p>ZHdK: Institut f\u00fcr Designforschung (IDE)<\/p>\n","protected":false},"excerpt":{"rendered":"<p class=\"title\">Eine vergleichende ethnosemantische Lebenswelt-Analyse<\/p>\n<p>Francis M\u00fcller untersucht mit einem ethnosemantischen Ansatz eine schweizerische und eine ghanaische charismatisch evangelikale Gemeinschaft im Gro\u00dfraum Z\u00fcrich. Als zentrales Element kristallisiert sich in den zwei Gemeinschaften die Konversion und die damit verbundene Selbsttransformation heraus, welche in den zwei Gemeinschaften mit unterschiedlichen kulturellen Themen in Verbindung gebracht wird. Die erstrebte radikale Selbsttransformation ist riskant, weil sie den Bruch mit Gewohnheiten und dem bisherigen Leben impliziert. Es werden in den zwei Gemeinschaften unterschiedliche Techniken und normative Identit\u00e4ten vermittelt, die zeigen, wie mit dieser Diskontinuit\u00e4t umzugehen und wie \u00fcberhaupt in einer modernen, s\u00e4kularen Welt zu leben ist. Der Autor leistet so einen Beitrag zur soziologischen Konversionsforschung.<\/p>\n<p>244 Seiten (PDF), Springer, 2015<br \/>\nISBN 978-3-658-09251-1<\/p>\n","protected":false},"featured_media":1999,"template":"","meta":[],"product_brand":[],"product_cat":[153,221,1514,917,1014],"product_tag":[],"class_list":{"0":"post-2003","1":"product","2":"type-product","3":"status-publish","4":"has-post-thumbnail","6":"product_cat-design","7":"product_cat-e-books","8":"product_cat-e-publikationen","9":"product_cat-mueller-francis","10":"product_cat-open-access","12":"first","13":"instock","14":"shipping-taxable","15":"product-type-external"},"_links":{"self":[{"href":"https:\/\/publikationen.zhdk.ch\/index.php?rest_route=\/wp\/v2\/product\/2003","targetHints":{"allow":["GET"]}}],"collection":[{"href":"https:\/\/publikationen.zhdk.ch\/index.php?rest_route=\/wp\/v2\/product"}],"about":[{"href":"https:\/\/publikationen.zhdk.ch\/index.php?rest_route=\/wp\/v2\/types\/product"}],"version-history":[{"count":3,"href":"https:\/\/publikationen.zhdk.ch\/index.php?rest_route=\/wp\/v2\/product\/2003\/revisions"}],"predecessor-version":[{"id":3174,"href":"https:\/\/publikationen.zhdk.ch\/index.php?rest_route=\/wp\/v2\/product\/2003\/revisions\/3174"}],"wp:featuredmedia":[{"embeddable":true,"href":"https:\/\/publikationen.zhdk.ch\/index.php?rest_route=\/wp\/v2\/media\/1999"}],"wp:attachment":[{"href":"https:\/\/publikationen.zhdk.ch\/index.php?rest_route=%2Fwp%2Fv2%2Fmedia&parent=2003"}],"wp:term":[{"taxonomy":"product_brand","embeddable":true,"href":"https:\/\/publikationen.zhdk.ch\/index.php?rest_route=%2Fwp%2Fv2%2Fproduct_brand&post=2003"},{"taxonomy":"product_cat","embeddable":true,"href":"https:\/\/publikationen.zhdk.ch\/index.php?rest_route=%2Fwp%2Fv2%2Fproduct_cat&post=2003"},{"taxonomy":"product_tag","embeddable":true,"href":"https:\/\/publikationen.zhdk.ch\/index.php?rest_route=%2Fwp%2Fv2%2Fproduct_tag&post=2003"}],"curies":[{"name":"wp","href":"https:\/\/api.w.org\/{rel}","templated":true}]}}