{"id":1991,"date":"2019-05-04T16:02:13","date_gmt":"2019-05-04T14:02:13","guid":{"rendered":"http:\/\/publikationen.zhdk.ch\/?post_type=product&#038;p=1991"},"modified":"2023-01-30T14:07:07","modified_gmt":"2023-01-30T13:07:07","slug":"moral-phobia","status":"publish","type":"product","link":"https:\/\/publikationen.zhdk.ch\/?product=moral-phobia","title":{"rendered":"Moral Phobia | Judith Mair, Bitten Stetter (Hg.)"},"content":{"rendered":"<p>ZHdK: Institut f\u00fcr Designforschung<\/p>\n","protected":false},"excerpt":{"rendered":"<p class=\"title\">Ein Zeitgeist-Glossar von Achtsamkeit bis Zigarette<\/p>\n<p>Moral Phobia ist unnat\u00fcrlich, unbek\u00fcmmert und undiszipliniert. Es raucht und trinkt, isst Fleisch, treibt kaum Sport und war gestern Nacht wieder der letzte Gast. Moral Phobia vernachl\u00e4ssigt soziale Netzwerke und Selbstoptimierungsangebote und pl\u00e4diert f\u00fcr das Alberne und Abseitige, Faule und Fremde, Undurchsichtige, Unbequeme, \u00dcberfl\u00fcssige und Verst\u00f6rende &#8211; in der Hoffnung auf weniger aufger\u00e4umte, vielf\u00e4ltigere Zeiten.<\/p>\n<p>500 Seiten,\u00a0Gudberg Nerger, 2015<br \/>\nISBN 978-3-943061-35-2<\/p>\n","protected":false},"featured_media":1993,"template":"","meta":[],"product_brand":[],"product_cat":[153,939,941],"product_tag":[],"class_list":{"0":"post-1991","1":"product","2":"type-product","3":"status-publish","4":"has-post-thumbnail","6":"product_cat-design","7":"product_cat-mair-judith","8":"product_cat-stetter-bitten","10":"first","11":"instock","12":"shipping-taxable","13":"product-type-external"},"_links":{"self":[{"href":"https:\/\/publikationen.zhdk.ch\/index.php?rest_route=\/wp\/v2\/product\/1991","targetHints":{"allow":["GET"]}}],"collection":[{"href":"https:\/\/publikationen.zhdk.ch\/index.php?rest_route=\/wp\/v2\/product"}],"about":[{"href":"https:\/\/publikationen.zhdk.ch\/index.php?rest_route=\/wp\/v2\/types\/product"}],"version-history":[{"count":2,"href":"https:\/\/publikationen.zhdk.ch\/index.php?rest_route=\/wp\/v2\/product\/1991\/revisions"}],"predecessor-version":[{"id":3178,"href":"https:\/\/publikationen.zhdk.ch\/index.php?rest_route=\/wp\/v2\/product\/1991\/revisions\/3178"}],"wp:featuredmedia":[{"embeddable":true,"href":"https:\/\/publikationen.zhdk.ch\/index.php?rest_route=\/wp\/v2\/media\/1993"}],"wp:attachment":[{"href":"https:\/\/publikationen.zhdk.ch\/index.php?rest_route=%2Fwp%2Fv2%2Fmedia&parent=1991"}],"wp:term":[{"taxonomy":"product_brand","embeddable":true,"href":"https:\/\/publikationen.zhdk.ch\/index.php?rest_route=%2Fwp%2Fv2%2Fproduct_brand&post=1991"},{"taxonomy":"product_cat","embeddable":true,"href":"https:\/\/publikationen.zhdk.ch\/index.php?rest_route=%2Fwp%2Fv2%2Fproduct_cat&post=1991"},{"taxonomy":"product_tag","embeddable":true,"href":"https:\/\/publikationen.zhdk.ch\/index.php?rest_route=%2Fwp%2Fv2%2Fproduct_tag&post=1991"}],"curies":[{"name":"wp","href":"https:\/\/api.w.org\/{rel}","templated":true}]}}