{"id":1985,"date":"2019-05-04T15:41:45","date_gmt":"2019-05-04T13:41:45","guid":{"rendered":"http:\/\/publikationen.zhdk.ch\/?post_type=product&#038;p=1985"},"modified":"2022-04-19T19:36:02","modified_gmt":"2022-04-19T17:36:02","slug":"mythos-bauhaus","status":"publish","type":"product","link":"https:\/\/publikationen.zhdk.ch\/?product=mythos-bauhaus","title":{"rendered":"Mythos Bauhaus | Anja Baumhoff, Magdalena Droste (Hg.)"},"content":{"rendered":"<p>Inhalt:<\/p>\n<p>Mythenbildung in der Bauhaus-Rezeption (Christoph Wagner, Regensburg) &#8211;<br \/>\nAbstraktion und Ornament: Henry van de Velde und Walter Gropius (Kathleen James Chakraborty, Dublin) &#8211;<br \/>\nDie Gastvortr\u00e4ge am Bauhaus &#8211; Einblicke in den &#8218;zweiten Lehrk\u00f6rper&#8216; (Peter Bernhard, Erlangen) &#8211;<br \/>\nDer mythische K\u00e4ltepol des Bauhaus-Diskurses und seine anthropologische Dimension (Helmuth Lethen, Wien) -Oskar Schlemmers Wandgestaltung 1923 (Magdalena Droste, Cottbus) &#8211;<br \/>\nLuxus, Produktion und Reproduktion am Bauhaus (Robin Schuldenfrei, Chicago) &#8211;<br \/>\nDer unbekannte Architekt und die andere Moderne. Leopold Fischer in Dessau (Irene Below, Bielefeld) &#8211;<br \/>\nKandinsky und der K\u00fcnstlerhabitus am Bauhaus (Wolfgang Ruppert, Berlin) &#8211;<br \/>\nKandinskys Farbenseminar am Bauhaus: Der K\u00fcnstler als Gesetzgeber (Karl Schawelka, Weimar) &#8211;<br \/>\nDer Barcelona-Pavillon (Dietrich Neumann, New Haven) &#8211;<br \/>\nBauhaus-Moderne und das Problem der Plastik (Paul Paret, Salt Lake City) &#8211;<br \/>\n\u00dcber den Mythos der sachlichen Form (Anja Baumhoff, Leicestershire) &#8211;<br \/>\nWiderspr\u00fcche &#8211; Mythen der abstrakten Moderne (Sigrid Schade, Z\u00fcrich) &#8211;<br \/>\nEin Gr\u00fcndungsmythos an der Hochschule f\u00fcr Gestaltung Ulm (Nicola Hille, T\u00fcbingen) &#8211;<br \/>\nAdorno, Bloch und das Erbe des Modernismus in der BRD (Frederic J. Schwartz, London) &#8211;<br \/>\nDas Bauhaus nach 1933: Migrationen und semantische Verschiebungen (Regina Goeckede, Cottbus) &#8211;<br \/>\nDie Bauhaus-Moderne und ihre Mythen (Klaus von Beyme, Heidelberg)<\/p>\n<p><span class=\"js-page_title--animation page_title--animation\" aria-hidden=\"true\" data-bind=\"text:title()\">ZHdK: Institute for Cultural Studies in the Arts (ICS)<br \/>\n<\/span><\/p>\n","protected":false},"excerpt":{"rendered":"<p>Das Bauhaus geh\u00f6rt heute zum festen Bestand der \u00abklassischen Moderne\u00bb. Es steht f\u00fcr Fortschrittlichkeit, Rationalit\u00e4t, Gleichheit der Geschlechter, konkurrenzlose Kooperation, aber auch f\u00fcr Resistenz gegen den Nationalsozialismus und eine internationale Rezeption. Neuere Forschungsans\u00e4tze relativieren dieses scheinbare Wissen als Teil der Mythenbildung der Moderne. 17 AutorInnen untersuchen die verborgenen Mythen der Bauhausmoderne.<\/p>\n<p>367 Seiten, Reimer, 2009<br \/>\nISBN 978-3-496-01399-0<\/p>\n","protected":false},"featured_media":1987,"template":"","meta":[],"product_brand":[],"product_cat":[747,151,749],"product_tag":[933],"class_list":{"0":"post-1985","1":"product","2":"type-product","3":"status-publish","4":"has-post-thumbnail","6":"product_cat-baumhoff-anja","7":"product_cat-ics","8":"product_cat-droste-magdalena","9":"product_tag-bauhaus","11":"first","12":"instock","13":"shipping-taxable","14":"product-type-external"},"_links":{"self":[{"href":"https:\/\/publikationen.zhdk.ch\/index.php?rest_route=\/wp\/v2\/product\/1985","targetHints":{"allow":["GET"]}}],"collection":[{"href":"https:\/\/publikationen.zhdk.ch\/index.php?rest_route=\/wp\/v2\/product"}],"about":[{"href":"https:\/\/publikationen.zhdk.ch\/index.php?rest_route=\/wp\/v2\/types\/product"}],"version-history":[{"count":3,"href":"https:\/\/publikationen.zhdk.ch\/index.php?rest_route=\/wp\/v2\/product\/1985\/revisions"}],"predecessor-version":[{"id":3002,"href":"https:\/\/publikationen.zhdk.ch\/index.php?rest_route=\/wp\/v2\/product\/1985\/revisions\/3002"}],"wp:featuredmedia":[{"embeddable":true,"href":"https:\/\/publikationen.zhdk.ch\/index.php?rest_route=\/wp\/v2\/media\/1987"}],"wp:attachment":[{"href":"https:\/\/publikationen.zhdk.ch\/index.php?rest_route=%2Fwp%2Fv2%2Fmedia&parent=1985"}],"wp:term":[{"taxonomy":"product_brand","embeddable":true,"href":"https:\/\/publikationen.zhdk.ch\/index.php?rest_route=%2Fwp%2Fv2%2Fproduct_brand&post=1985"},{"taxonomy":"product_cat","embeddable":true,"href":"https:\/\/publikationen.zhdk.ch\/index.php?rest_route=%2Fwp%2Fv2%2Fproduct_cat&post=1985"},{"taxonomy":"product_tag","embeddable":true,"href":"https:\/\/publikationen.zhdk.ch\/index.php?rest_route=%2Fwp%2Fv2%2Fproduct_tag&post=1985"}],"curies":[{"name":"wp","href":"https:\/\/api.w.org\/{rel}","templated":true}]}}