{"id":1969,"date":"2019-05-03T16:57:50","date_gmt":"2019-05-03T14:57:50","guid":{"rendered":"http:\/\/publikationen.zhdk.ch\/?post_type=product&#038;p=1969"},"modified":"2023-01-30T14:10:05","modified_gmt":"2023-01-30T13:10:05","slug":"bild-ein-interdisziplinaeres-handbuch","status":"publish","type":"product","link":"https:\/\/publikationen.zhdk.ch\/?product=bild-ein-interdisziplinaeres-handbuch","title":{"rendered":"Bild. Ein interdisziplin\u00e4res Handbuch | Stephan G\u00fcnzel, Dieter Mersch (Hg.)"},"content":{"rendered":"<p>ZHdK: Institut f\u00fcr Theorie (ITH)<\/p>\n","protected":false},"excerpt":{"rendered":"<p>Vom Tafelbild \u00fcber den Film bis zum 3D-Bild. Bilder \u00fcberfluten uns in allen Bereichen der Gesellschaft, der Umgang mit digitalen Bildern wird immer wichtiger. Seit dem Pictorial oder Iconic Turn haben sich auch die Kulturwissenschaften des Themas angenommen und eine Wissenschaft vom Bild und der Bildwahrnehmung begr\u00fcndet. Das Handbuch gibt erstmals einen umfassenden \u00dcberblick, erl\u00e4utert Grundlagen wie Semiotik, Ph\u00e4nomenologie und Ikonologie, analysiert verschiedene Einzelmedien und sich anschlie\u00dfende Bilddiskurse. Ein abschlie\u00dfender Teil beleuchtet die Bildtheorien verschiedener Disziplinen, und wie sich diese als Bildwissenschaft verstehen.<\/p>\n<p>484 Seiten,\u00a0Metzler, 2014<br \/>\nISBN 978-3-476-02416-9<\/p>\n","protected":false},"featured_media":1965,"template":"","meta":[],"product_brand":[],"product_cat":[149,373,245],"product_tag":[],"class_list":{"0":"post-1969","1":"product","2":"type-product","3":"status-publish","4":"has-post-thumbnail","6":"product_cat-ith","7":"product_cat-guenzel-stephan","8":"product_cat-mersch-dieter","10":"first","11":"instock","12":"shipping-taxable","13":"product-type-external"},"_links":{"self":[{"href":"https:\/\/publikationen.zhdk.ch\/index.php?rest_route=\/wp\/v2\/product\/1969","targetHints":{"allow":["GET"]}}],"collection":[{"href":"https:\/\/publikationen.zhdk.ch\/index.php?rest_route=\/wp\/v2\/product"}],"about":[{"href":"https:\/\/publikationen.zhdk.ch\/index.php?rest_route=\/wp\/v2\/types\/product"}],"version-history":[{"count":3,"href":"https:\/\/publikationen.zhdk.ch\/index.php?rest_route=\/wp\/v2\/product\/1969\/revisions"}],"predecessor-version":[{"id":3286,"href":"https:\/\/publikationen.zhdk.ch\/index.php?rest_route=\/wp\/v2\/product\/1969\/revisions\/3286"}],"wp:featuredmedia":[{"embeddable":true,"href":"https:\/\/publikationen.zhdk.ch\/index.php?rest_route=\/wp\/v2\/media\/1965"}],"wp:attachment":[{"href":"https:\/\/publikationen.zhdk.ch\/index.php?rest_route=%2Fwp%2Fv2%2Fmedia&parent=1969"}],"wp:term":[{"taxonomy":"product_brand","embeddable":true,"href":"https:\/\/publikationen.zhdk.ch\/index.php?rest_route=%2Fwp%2Fv2%2Fproduct_brand&post=1969"},{"taxonomy":"product_cat","embeddable":true,"href":"https:\/\/publikationen.zhdk.ch\/index.php?rest_route=%2Fwp%2Fv2%2Fproduct_cat&post=1969"},{"taxonomy":"product_tag","embeddable":true,"href":"https:\/\/publikationen.zhdk.ch\/index.php?rest_route=%2Fwp%2Fv2%2Fproduct_tag&post=1969"}],"curies":[{"name":"wp","href":"https:\/\/api.w.org\/{rel}","templated":true}]}}