{"id":1957,"date":"2019-05-03T16:48:33","date_gmt":"2019-05-03T14:48:33","guid":{"rendered":"http:\/\/publikationen.zhdk.ch\/?post_type=product&#038;p=1957"},"modified":"2022-04-19T19:34:12","modified_gmt":"2022-04-19T17:34:12","slug":"aesthetisches-denken","status":"publish","type":"product","link":"https:\/\/publikationen.zhdk.ch\/?product=aesthetisches-denken","title":{"rendered":"\u00c4sthetisches Denken | Florian Dombois, Mira Fliescher, Dieter Mersch, Julia Rintz (Hg.)"},"content":{"rendered":"<p>Mit Beitr\u00e4gen von Florian Dombois, Alexander Garc\u00eda D\u00fcttmann, Mira Fliescher, Jochen Gerz, Dieter Mersch, Isabel Mundry, Michaela Ott und Mirjam Steiner.<\/p>\n<p>ZHdK: Institut f\u00fcr Theorie (ITH)<\/p>\n","protected":false},"excerpt":{"rendered":"<p class=\"df-box-header\">Nicht-Propositionalit\u00e4t, Episteme, Kunst<\/p>\n<p>Anstelle eines \u00ab\u00e4sthetischen Denkens\u00bb verhandelt die Debatte um artistic research vor allem institutionenkritische Fragen wie die Verortung von Kunst als Forschung in der Bologna-Reform oder die Subsumption k\u00fcnstlerischer Praxis unter einen unangemessenen Begriff wissenschaftlicher Forschung. Was aber w\u00e4re die eigentliche epistemische Kraft von Kunst? W\u00e4ren nicht sowohl die eingefahrenen Modelle der \u00abInstitution Kunst\u00bb als auch ein auf Propositionalit\u00e4t und Aussagewahrheit beschr\u00e4nkter Erkenntnisbegriff zu umgehen, um \u00e4sthetisches Denken umreissen zu k\u00f6nnen? Im Buch werden dazu k\u00fcnstlerische und philosophische Positionen vorgestellt. Zudem entwirft eine Tool-Box eine alternative Karte von relevanten Feldern des \u00e4sthetischen Denkens, um der Debatte neue Begriffe an die Hand zu geben.<\/p>\n<p>304 Seiten,\u00a0Diaphanes, 2014<br \/>\nISBN 978-3-03734-667-9<\/p>\n","protected":false},"featured_media":1951,"template":"","meta":[],"product_brand":[],"product_cat":[149,367,369,245,371],"product_tag":[],"class_list":{"0":"post-1957","1":"product","2":"type-product","3":"status-publish","4":"has-post-thumbnail","6":"product_cat-ith","7":"product_cat-dombois-florian","8":"product_cat-fliescher-mira","9":"product_cat-mersch-dieter","10":"product_cat-rintz-julia","12":"first","13":"instock","14":"shipping-taxable","15":"product-type-external"},"_links":{"self":[{"href":"https:\/\/publikationen.zhdk.ch\/index.php?rest_route=\/wp\/v2\/product\/1957","targetHints":{"allow":["GET"]}}],"collection":[{"href":"https:\/\/publikationen.zhdk.ch\/index.php?rest_route=\/wp\/v2\/product"}],"about":[{"href":"https:\/\/publikationen.zhdk.ch\/index.php?rest_route=\/wp\/v2\/types\/product"}],"version-history":[{"count":3,"href":"https:\/\/publikationen.zhdk.ch\/index.php?rest_route=\/wp\/v2\/product\/1957\/revisions"}],"predecessor-version":[{"id":3290,"href":"https:\/\/publikationen.zhdk.ch\/index.php?rest_route=\/wp\/v2\/product\/1957\/revisions\/3290"}],"wp:featuredmedia":[{"embeddable":true,"href":"https:\/\/publikationen.zhdk.ch\/index.php?rest_route=\/wp\/v2\/media\/1951"}],"wp:attachment":[{"href":"https:\/\/publikationen.zhdk.ch\/index.php?rest_route=%2Fwp%2Fv2%2Fmedia&parent=1957"}],"wp:term":[{"taxonomy":"product_brand","embeddable":true,"href":"https:\/\/publikationen.zhdk.ch\/index.php?rest_route=%2Fwp%2Fv2%2Fproduct_brand&post=1957"},{"taxonomy":"product_cat","embeddable":true,"href":"https:\/\/publikationen.zhdk.ch\/index.php?rest_route=%2Fwp%2Fv2%2Fproduct_cat&post=1957"},{"taxonomy":"product_tag","embeddable":true,"href":"https:\/\/publikationen.zhdk.ch\/index.php?rest_route=%2Fwp%2Fv2%2Fproduct_tag&post=1957"}],"curies":[{"name":"wp","href":"https:\/\/api.w.org\/{rel}","templated":true}]}}