{"id":1939,"date":"2019-05-03T16:30:49","date_gmt":"2019-05-03T14:30:49","guid":{"rendered":"http:\/\/publikationen.zhdk.ch\/?post_type=product&#038;p=1939"},"modified":"2023-01-30T14:16:20","modified_gmt":"2023-01-30T13:16:20","slug":"kraft-der-alteritaet-ebook","status":"publish","type":"product","link":"https:\/\/publikationen.zhdk.ch\/?product=kraft-der-alteritaet-ebook","title":{"rendered":"Kraft der Alterit\u00e4t | J\u00f6rg Sternagel, Dieter Mersch, Lisa Stertz (Hg.) [E-Book PDF]"},"content":{"rendered":"<p>ZHdK: Institut f\u00fcr Theorie (ITH)<\/p>\n","protected":false},"excerpt":{"rendered":"<p>Ethische und aisthetische Dimensionen des Performativen<\/p>\n<p>Dieser Band versammelt Texte im Kontext von Sprechen und Handeln, Performativit\u00e4t und Medialit\u00e4t, die Sprache, Stimme, Gesicht, K\u00f6rper und Geste in sozialen Wirklichkeiten und \u00e4sthetischer Praxis verorten sowie Effekte, Affekte und Korrelationen thematisieren: Die ethischen Dimensionen des Performativen entfalten sich in einem ersten Schritt entlang des Zusammenspiels von Wahrnehmen, Tun und Bedeuten, Individuum und Gemeinschaft. Aisthetische Dimensionen des Performativen erfassen in einem weiteren Schritt k\u00fcnstlerische Prozesse, die den Weg f\u00fcr das \u00c4sthetische bereiten. Die Beitr\u00e4ge durchdenken zudem die Performativit\u00e4tsdebatte der letzten Jahre und bieten Ankn\u00fcpfungsm\u00f6glichkeiten f\u00fcr zuk\u00fcnftige Forschungsfelder in den K\u00fcnsten und Medien.<\/p>\n<p>Metabasis Band 12<\/p>\n<p>254 Seiten (PDF), transcript, 2015<br \/>\nISBN <span class=\"entry--content\" data-flyer=\"isbn\">978-3-8394-2355-4<\/span><\/p>\n","protected":false},"featured_media":1935,"template":"","meta":[],"product_brand":[],"product_cat":[149,221,1514,245,215,929],"product_tag":[663],"class_list":{"0":"post-1939","1":"product","2":"type-product","3":"status-publish","4":"has-post-thumbnail","6":"product_cat-ith","7":"product_cat-e-books","8":"product_cat-e-publikationen","9":"product_cat-mersch-dieter","10":"product_cat-sternagel-joerg","11":"product_cat-stertz-lisa","12":"product_tag-performance","14":"first","15":"instock","16":"shipping-taxable","17":"product-type-external"},"_links":{"self":[{"href":"https:\/\/publikationen.zhdk.ch\/index.php?rest_route=\/wp\/v2\/product\/1939","targetHints":{"allow":["GET"]}}],"collection":[{"href":"https:\/\/publikationen.zhdk.ch\/index.php?rest_route=\/wp\/v2\/product"}],"about":[{"href":"https:\/\/publikationen.zhdk.ch\/index.php?rest_route=\/wp\/v2\/types\/product"}],"version-history":[{"count":3,"href":"https:\/\/publikationen.zhdk.ch\/index.php?rest_route=\/wp\/v2\/product\/1939\/revisions"}],"predecessor-version":[{"id":3296,"href":"https:\/\/publikationen.zhdk.ch\/index.php?rest_route=\/wp\/v2\/product\/1939\/revisions\/3296"}],"wp:featuredmedia":[{"embeddable":true,"href":"https:\/\/publikationen.zhdk.ch\/index.php?rest_route=\/wp\/v2\/media\/1935"}],"wp:attachment":[{"href":"https:\/\/publikationen.zhdk.ch\/index.php?rest_route=%2Fwp%2Fv2%2Fmedia&parent=1939"}],"wp:term":[{"taxonomy":"product_brand","embeddable":true,"href":"https:\/\/publikationen.zhdk.ch\/index.php?rest_route=%2Fwp%2Fv2%2Fproduct_brand&post=1939"},{"taxonomy":"product_cat","embeddable":true,"href":"https:\/\/publikationen.zhdk.ch\/index.php?rest_route=%2Fwp%2Fv2%2Fproduct_cat&post=1939"},{"taxonomy":"product_tag","embeddable":true,"href":"https:\/\/publikationen.zhdk.ch\/index.php?rest_route=%2Fwp%2Fv2%2Fproduct_tag&post=1939"}],"curies":[{"name":"wp","href":"https:\/\/api.w.org\/{rel}","templated":true}]}}