{"id":1921,"date":"2019-05-03T16:18:21","date_gmt":"2019-05-03T14:18:21","guid":{"rendered":"http:\/\/publikationen.zhdk.ch\/?post_type=product&#038;p=1921"},"modified":"2022-04-19T19:30:44","modified_gmt":"2022-04-19T17:30:44","slug":"techniken-des-leibes","status":"publish","type":"product","link":"https:\/\/publikationen.zhdk.ch\/?product=techniken-des-leibes","title":{"rendered":"Techniken des Leibes | J\u00f6rg Sternagel, Fabian Goppelsr\u00f6der (Hg.)"},"content":{"rendered":"<p>Zwischen Kulturen und Generationen platziert sich der Leib, so die Ausgangsthese des Bandes, als erstes technisches Medium des Menschen, der im mimetischen Umgang und durch Inkorporation weiter tr\u00e4gt und gibt, praktiziert und fungiert. Die techne orientiert sich am Leib, der etwas erscheinen l\u00e4sst, erfindet, herstellt, sich aneignet und umformt.<\/p>\n<p>Der vorliegende ist der 4. und letzte Band der Publikationsreihe \u00bbKulturen der Leiblichkeit\u00ab des gleichnamigen DFG-Netzwerkes. Ihre Analysen verschiedener interdisziplin\u00e4rer Themenfelder gelten der Leitfrage, was es f\u00fcr die Kulturwissenschaften bedeutet, zwischen K\u00f6rperlichkeit und Leiblichkeit einen Unterschied zu machen.<\/p>\n<p>ZHdK: Institut f\u00fcr Theorie (ITH)<\/p>\n","protected":false},"excerpt":{"rendered":"<p>Der Leib hat, folgt man der Ph\u00e4nomenologie, eine Doppelstellung inne: Er ist in der Welt und zugleich das Medium des Zugangs zur Welt. Vor den Techniken mit Apparaturen und Instrumenten steht die Gesamtheit der Techniken des Leibes. Das Verh\u00e4ltnis von Natur und Kultur entfaltet sich im leiblichen Verhalten, im praktischen Umgang mit den Dingen, in materiellen und performativen Bedingungen. Die hier versammelten Beitr\u00e4ge aus der Medienphilosophie, Bildtheorie, Philosophie und Kulturwissenschaft r\u00fccken lebensweltliche Vollz\u00fcge in den Vordergrund, um Techniken des Leibes in Ausgestaltungen von Praktiken, von Sinnlichkeit und ihrer Ausdrucksformen zu thematisieren.<\/p>\n<p>270 Seiten,\u00a0Velbr\u00fcck, 2016<br \/>\nISBN 978-3-95832-085-7<\/p>\n","protected":false},"featured_media":1923,"template":"","meta":[],"product_brand":[],"product_cat":[149,211,215],"product_tag":[],"class_list":{"0":"post-1921","1":"product","2":"type-product","3":"status-publish","4":"has-post-thumbnail","6":"product_cat-ith","7":"product_cat-goeppelsroeder-fabian","8":"product_cat-sternagel-joerg","10":"first","11":"instock","12":"shipping-taxable","13":"product-type-external"},"_links":{"self":[{"href":"https:\/\/publikationen.zhdk.ch\/index.php?rest_route=\/wp\/v2\/product\/1921","targetHints":{"allow":["GET"]}}],"collection":[{"href":"https:\/\/publikationen.zhdk.ch\/index.php?rest_route=\/wp\/v2\/product"}],"about":[{"href":"https:\/\/publikationen.zhdk.ch\/index.php?rest_route=\/wp\/v2\/types\/product"}],"version-history":[{"count":3,"href":"https:\/\/publikationen.zhdk.ch\/index.php?rest_route=\/wp\/v2\/product\/1921\/revisions"}],"predecessor-version":[{"id":3302,"href":"https:\/\/publikationen.zhdk.ch\/index.php?rest_route=\/wp\/v2\/product\/1921\/revisions\/3302"}],"wp:featuredmedia":[{"embeddable":true,"href":"https:\/\/publikationen.zhdk.ch\/index.php?rest_route=\/wp\/v2\/media\/1923"}],"wp:attachment":[{"href":"https:\/\/publikationen.zhdk.ch\/index.php?rest_route=%2Fwp%2Fv2%2Fmedia&parent=1921"}],"wp:term":[{"taxonomy":"product_brand","embeddable":true,"href":"https:\/\/publikationen.zhdk.ch\/index.php?rest_route=%2Fwp%2Fv2%2Fproduct_brand&post=1921"},{"taxonomy":"product_cat","embeddable":true,"href":"https:\/\/publikationen.zhdk.ch\/index.php?rest_route=%2Fwp%2Fv2%2Fproduct_cat&post=1921"},{"taxonomy":"product_tag","embeddable":true,"href":"https:\/\/publikationen.zhdk.ch\/index.php?rest_route=%2Fwp%2Fv2%2Fproduct_tag&post=1921"}],"curies":[{"name":"wp","href":"https:\/\/api.w.org\/{rel}","templated":true}]}}