{"id":1883,"date":"2019-05-03T15:36:30","date_gmt":"2019-05-03T13:36:30","guid":{"rendered":"http:\/\/publikationen.zhdk.ch\/?post_type=product&#038;p=1883"},"modified":"2022-04-19T19:28:21","modified_gmt":"2022-04-19T17:28:21","slug":"eventisierung-der-stadt","status":"publish","type":"product","link":"https:\/\/publikationen.zhdk.ch\/?product=eventisierung-der-stadt","title":{"rendered":"Eventisierung der Stadt |  Gabriela Muri, Daniel Sp\u00e4ti, Philipp Klaus, Francis M\u00fcller (Hg.)"},"content":{"rendered":"<p>ZHdK: Institut f\u00fcr Theorie (ITH)<\/p>\n","protected":false},"excerpt":{"rendered":"<p>Events sind ein fester Bestandteil unseres Alltags geworden. Sie werden professionell geplant, mittels ausgekl\u00fcgelter Dramaturgie gestaltet und vermitteln ein Gef\u00fchl von Exklusivit\u00e4t. Der Eventbegriff steht f\u00fcr ein spezifisches Spannungsfeld zwischen \u00f6konomischen Verwertungskontexten und popul\u00e4ren Praxisdimensionen. Vor dem Hintergrund dieser begrifflichen Unsch\u00e4rfe legt das Buch den Fokus auf Prozesse der Stadtentwicklung sowie das normative Potenzial von Mustern der Eventproduktion und -rezeption. Damit werden zum einen Stadtentwicklung und Eventproduktion als Treiber von Exklusionsprozessen verstanden. Zum anderen wird Eventisierung als ein Ineinandergreifen von Produktions- und Rezeptionsprozessen gesehen. Wir nehmen alle mehr oder weniger aktiv an Prozessen der Eventisierung teil und nehmen sie meist auch dankbar hin. Die Kehrseiten der Eventisierung und die Ungleichheiten, die sie hervorrufen, bleiben allerdings mehrheitlich unsichtbar. Am Beispiel von Z\u00fcrich wird daher der Frage nachgegangen, wie Eventkulturen Prozesse und Praxen gesellschaftlicher Selbstverst\u00e4ndigung neu ordnen und vernetzen.<\/p>\n<p>408 Seiten, Jovis, 2019<br \/>\nISBN 978-3-86859-493-5<\/p>\n","protected":false},"featured_media":1885,"template":"","meta":[],"product_brand":[],"product_cat":[149,491,917,921,919],"product_tag":[923,857],"class_list":{"0":"post-1883","1":"product","2":"type-product","3":"status-publish","4":"has-post-thumbnail","6":"product_cat-ith","7":"product_cat-klaus-philipp","8":"product_cat-mueller-francis","9":"product_cat-muri-gabriela","10":"product_cat-spaeti-daniel","11":"product_tag-event","12":"product_tag-stadt","14":"first","15":"instock","16":"shipping-taxable","17":"product-type-external"},"_links":{"self":[{"href":"https:\/\/publikationen.zhdk.ch\/index.php?rest_route=\/wp\/v2\/product\/1883","targetHints":{"allow":["GET"]}}],"collection":[{"href":"https:\/\/publikationen.zhdk.ch\/index.php?rest_route=\/wp\/v2\/product"}],"about":[{"href":"https:\/\/publikationen.zhdk.ch\/index.php?rest_route=\/wp\/v2\/types\/product"}],"version-history":[{"count":2,"href":"https:\/\/publikationen.zhdk.ch\/index.php?rest_route=\/wp\/v2\/product\/1883\/revisions"}],"predecessor-version":[{"id":3312,"href":"https:\/\/publikationen.zhdk.ch\/index.php?rest_route=\/wp\/v2\/product\/1883\/revisions\/3312"}],"wp:featuredmedia":[{"embeddable":true,"href":"https:\/\/publikationen.zhdk.ch\/index.php?rest_route=\/wp\/v2\/media\/1885"}],"wp:attachment":[{"href":"https:\/\/publikationen.zhdk.ch\/index.php?rest_route=%2Fwp%2Fv2%2Fmedia&parent=1883"}],"wp:term":[{"taxonomy":"product_brand","embeddable":true,"href":"https:\/\/publikationen.zhdk.ch\/index.php?rest_route=%2Fwp%2Fv2%2Fproduct_brand&post=1883"},{"taxonomy":"product_cat","embeddable":true,"href":"https:\/\/publikationen.zhdk.ch\/index.php?rest_route=%2Fwp%2Fv2%2Fproduct_cat&post=1883"},{"taxonomy":"product_tag","embeddable":true,"href":"https:\/\/publikationen.zhdk.ch\/index.php?rest_route=%2Fwp%2Fv2%2Fproduct_tag&post=1883"}],"curies":[{"name":"wp","href":"https:\/\/api.w.org\/{rel}","templated":true}]}}