{"id":1867,"date":"2019-05-02T20:06:28","date_gmt":"2019-05-02T18:06:28","guid":{"rendered":"http:\/\/publikationen.zhdk.ch\/?post_type=product&#038;p=1867"},"modified":"2022-04-19T19:27:59","modified_gmt":"2022-04-19T17:27:59","slug":"bekanntmachungen","status":"publish","type":"product","link":"https:\/\/publikationen.zhdk.ch\/?product=bekanntmachungen","title":{"rendered":"Bekanntmachungen | Studienbereich Bildende Kunst\/Departement Medien &#038; Kunst, hgkz (Hg.)"},"content":{"rendered":"<p>ZHdK: Institute for Contemporary Art Research (IFCAR)<\/p>\n","protected":false},"excerpt":{"rendered":"<p>20 Jahre Studiengang Bildende Kunst SBK der Hochschule f\u00fcr Gestaltung und Kunst Z\u00fcrich, hgkz<\/p>\n<p>Publikation \u00abBekanntmachungen\u00bb dokumentiert die Ausstellungen, Performances, Videopr\u00e4sentationen und Werkdiskurse die w\u00e4hrend des Ausstellungsprojekts vom 12. November 2005 \u2013 8. Januar 2006 in der Kunsthalle Z\u00fcrich stattgefunden haben, und thematisiert damit wichtige Fragen rund um das zeitgen\u00f6ssische Kunstschaffen, den Kunstbetrieb sowie die Lehre und Ausbildung. Aus zahlreichen Tagungen, Symposien, Vortr\u00e4gen und Kolloquien sind Beitr\u00e4ge namhafter TheoretikerInnen und K\u00fcnstlerInnen zu Kunst, Kunstausbildung, Medien und Politik hervorgegangen und hier erstmals publiziert. (dt.\/engl.)<\/p>\n<p>256 Seiten, DVD, jrp|Ringier, 2006<br \/>\nISBN 978-3-905701-84-5<\/p>\n","protected":false},"featured_media":1869,"template":"","meta":[],"product_brand":[],"product_cat":[145],"product_tag":[],"class_list":{"0":"post-1867","1":"product","2":"type-product","3":"status-publish","4":"has-post-thumbnail","6":"product_cat-ifcar","8":"first","9":"instock","10":"shipping-taxable","11":"product-type-external"},"_links":{"self":[{"href":"https:\/\/publikationen.zhdk.ch\/index.php?rest_route=\/wp\/v2\/product\/1867","targetHints":{"allow":["GET"]}}],"collection":[{"href":"https:\/\/publikationen.zhdk.ch\/index.php?rest_route=\/wp\/v2\/product"}],"about":[{"href":"https:\/\/publikationen.zhdk.ch\/index.php?rest_route=\/wp\/v2\/types\/product"}],"version-history":[{"count":3,"href":"https:\/\/publikationen.zhdk.ch\/index.php?rest_route=\/wp\/v2\/product\/1867\/revisions"}],"predecessor-version":[{"id":3194,"href":"https:\/\/publikationen.zhdk.ch\/index.php?rest_route=\/wp\/v2\/product\/1867\/revisions\/3194"}],"wp:featuredmedia":[{"embeddable":true,"href":"https:\/\/publikationen.zhdk.ch\/index.php?rest_route=\/wp\/v2\/media\/1869"}],"wp:attachment":[{"href":"https:\/\/publikationen.zhdk.ch\/index.php?rest_route=%2Fwp%2Fv2%2Fmedia&parent=1867"}],"wp:term":[{"taxonomy":"product_brand","embeddable":true,"href":"https:\/\/publikationen.zhdk.ch\/index.php?rest_route=%2Fwp%2Fv2%2Fproduct_brand&post=1867"},{"taxonomy":"product_cat","embeddable":true,"href":"https:\/\/publikationen.zhdk.ch\/index.php?rest_route=%2Fwp%2Fv2%2Fproduct_cat&post=1867"},{"taxonomy":"product_tag","embeddable":true,"href":"https:\/\/publikationen.zhdk.ch\/index.php?rest_route=%2Fwp%2Fv2%2Fproduct_tag&post=1867"}],"curies":[{"name":"wp","href":"https:\/\/api.w.org\/{rel}","templated":true}]}}