{"id":1845,"date":"2019-05-02T19:41:31","date_gmt":"2019-05-02T17:41:31","guid":{"rendered":"http:\/\/publikationen.zhdk.ch\/?post_type=product&#038;p=1845"},"modified":"2022-04-19T19:26:41","modified_gmt":"2022-04-19T17:26:41","slug":"ueber-kraefte","status":"publish","type":"product","link":"https:\/\/publikationen.zhdk.ch\/?product=ueber-kraefte","title":{"rendered":"\u00dcber Kr\u00e4fte | Barbara Ellmerer, Yves Netzhammer, Nils R\u00f6ller"},"content":{"rendered":"<p>Mit Texten und Bildbeitr\u00e4gen von Barbara Ellmerer, Yves Netzhammer, Nils R\u00f6ller, Abbildungen aus Werken von A.A., William Gilbert, Niccol\u00f2 Cabeo, Athanasius Kircher, Ren\u00e9 Descartes, Emanuel Swedenborg u. a.<\/p>\n<p>Webseite des <a href=\"http:\/\/www.journalfuerkunstsexundmathematik.ch\" target=\"_blank\" rel=\"noopener noreferrer\">Journal f\u00fcr Kunst, Sex und Mathematik<\/a><\/p>\n<p>ZHdK: Institute for Contemporary Art Research (IFCAR)<\/p>\n","protected":false},"excerpt":{"rendered":"<p>Das Journal f\u00fcr Kunst, Sex und Mathematik untersucht in diesem Buch Diagramme, die sich bei der Erforschung von Kr\u00e4ften zwischen Normierung und Abweichung bewegen. Der Fokus liegt auf Ger\u00e4ten, die Wahrnehmungen formatieren. Pr\u00e4zisiert wird die historische Bildgebung durch Kupferstiche, die im Unterschied zu Holzschnitten, genauer Feldlinien darstellen. Die Linien des Kraftfelds spriessen zun\u00e4chst diskret wie Tasthaare von Katzen aus Steinen oder sie breiten sich schematisch in Kreisen aus, dann folgen sie Bruchstellen an den Oberfl \u00e4chen, die magnetische Kr\u00e4fte verbergen. Die \u00e4sthetische und epistemische Herausforderung, die fernwirkende Kr\u00e4fte wie der Magnetismus stellen, bleibt heute im Umgang mit vernetzten Ger\u00e4ten virulent. So besch\u00e4ftigt uns, wie Kr\u00e4fte im Umgang mit den Arbeitsbedingungen (analog, digital und historisch in den Begriffen, Argumentationen und Diagrammen) entstehen und schwinden.<\/p>\n<p>180 Seiten, Merve, 2014<br \/>\nISBN 978-3-88396-354-9<\/p>\n","protected":false},"featured_media":1847,"template":"","meta":[],"product_brand":[],"product_cat":[145,533,531,529],"product_tag":[],"class_list":{"0":"post-1845","1":"product","2":"type-product","3":"status-publish","4":"has-post-thumbnail","6":"product_cat-ifcar","7":"product_cat-ellmerer-barbara","8":"product_cat-netzhammer-yves","9":"product_cat-roeller-nils","11":"first","12":"instock","13":"shipping-taxable","14":"product-type-external"},"_links":{"self":[{"href":"https:\/\/publikationen.zhdk.ch\/index.php?rest_route=\/wp\/v2\/product\/1845","targetHints":{"allow":["GET"]}}],"collection":[{"href":"https:\/\/publikationen.zhdk.ch\/index.php?rest_route=\/wp\/v2\/product"}],"about":[{"href":"https:\/\/publikationen.zhdk.ch\/index.php?rest_route=\/wp\/v2\/types\/product"}],"version-history":[{"count":4,"href":"https:\/\/publikationen.zhdk.ch\/index.php?rest_route=\/wp\/v2\/product\/1845\/revisions"}],"predecessor-version":[{"id":3198,"href":"https:\/\/publikationen.zhdk.ch\/index.php?rest_route=\/wp\/v2\/product\/1845\/revisions\/3198"}],"wp:featuredmedia":[{"embeddable":true,"href":"https:\/\/publikationen.zhdk.ch\/index.php?rest_route=\/wp\/v2\/media\/1847"}],"wp:attachment":[{"href":"https:\/\/publikationen.zhdk.ch\/index.php?rest_route=%2Fwp%2Fv2%2Fmedia&parent=1845"}],"wp:term":[{"taxonomy":"product_brand","embeddable":true,"href":"https:\/\/publikationen.zhdk.ch\/index.php?rest_route=%2Fwp%2Fv2%2Fproduct_brand&post=1845"},{"taxonomy":"product_cat","embeddable":true,"href":"https:\/\/publikationen.zhdk.ch\/index.php?rest_route=%2Fwp%2Fv2%2Fproduct_cat&post=1845"},{"taxonomy":"product_tag","embeddable":true,"href":"https:\/\/publikationen.zhdk.ch\/index.php?rest_route=%2Fwp%2Fv2%2Fproduct_tag&post=1845"}],"curies":[{"name":"wp","href":"https:\/\/api.w.org\/{rel}","templated":true}]}}