{"id":1837,"date":"2019-05-02T19:25:00","date_gmt":"2019-05-02T17:25:00","guid":{"rendered":"http:\/\/publikationen.zhdk.ch\/?post_type=product&#038;p=1837"},"modified":"2022-04-19T17:32:35","modified_gmt":"2022-04-19T15:32:35","slug":"inaesthetics-2","status":"publish","type":"product","link":"https:\/\/publikationen.zhdk.ch\/?product=inaesthetics-2","title":{"rendered":"INAESTHETICS #2 Animality | Wilfried Dickhoff und Marcus Steinweg (Hg.)"},"content":{"rendered":"<p>Mit Beitr\u00e4gen von\u00a0Simon Critchle,\u00a0Georges Didi-\u00adHuberman,\u00a0Alexander Garcia D\u00fcttmann, Elisabeth de Fontenay,\u00a0Catherine Malabou,\u00a0Monika Rinck,\u00a0Elisabeth von Samsonow, Marcus Steinweg,\u00a0Rosemarie Trockel, Jens Ullrich,\u00a0Sven\u00ad-Olov Wallenstein,\u00a0Haegue Yang.<\/p>\n<p>In englischer Sprache, einzelne Texte zus\u00e4tzlich in Originalsprache (Didi-Huberman, Garc\u00eda D\u00fcttmann, de Fontenay, Rinck, von Samsonow, Steinweg).<\/p>\n<p>ZHdK: Institute for Contemporary Art Research (IFCAR)<\/p>\n","protected":false},"excerpt":{"rendered":"<p>\u00abDie Frage der Animalit\u00e4t ist keine Nebenfrage der Philosophie. Sie durchquert alle Formen der Selbstbestimmung des Menschen, insofern die Humanit\u00e4t des animal rationale oder zoon politikon von der ihr impliziten Animalit\u00e4t durchstimmt bleibt, wie immer man diese Durchstimmung beurteilen mag. Die Frage, was der Mensch sei, ist von der Frage, was das Tier ist (wenn dieser Singular \u2013 Derrida hat es in Frage gestellt \u2013 \u00fcberhaupt sinnvoll ist), untrennbar. Die Geschichte des Menschen ist die Geschichte sowohl seiner eigenen Animalit\u00e4t als auch eine der Praktiken der Distanznahme von ihr, wie auch seiner Schicksalsgemeinschaft mit den Tieren.\u00bb<\/p>\n<p>168 Seiten, Merve, 2011<br \/>\nISBN 978-3-88396-293-1<\/p>\n","protected":false},"featured_media":1839,"template":"","meta":[],"product_brand":[],"product_cat":[145,535,537],"product_tag":[915],"class_list":{"0":"post-1837","1":"product","2":"type-product","3":"status-publish","4":"has-post-thumbnail","6":"product_cat-ifcar","7":"product_cat-dickhoff-wilfried","8":"product_cat-steinweg-marcus","9":"product_tag-philosophie","11":"first","12":"instock","13":"shipping-taxable","14":"product-type-external"},"_links":{"self":[{"href":"https:\/\/publikationen.zhdk.ch\/index.php?rest_route=\/wp\/v2\/product\/1837","targetHints":{"allow":["GET"]}}],"collection":[{"href":"https:\/\/publikationen.zhdk.ch\/index.php?rest_route=\/wp\/v2\/product"}],"about":[{"href":"https:\/\/publikationen.zhdk.ch\/index.php?rest_route=\/wp\/v2\/types\/product"}],"version-history":[{"count":5,"href":"https:\/\/publikationen.zhdk.ch\/index.php?rest_route=\/wp\/v2\/product\/1837\/revisions"}],"predecessor-version":[{"id":4846,"href":"https:\/\/publikationen.zhdk.ch\/index.php?rest_route=\/wp\/v2\/product\/1837\/revisions\/4846"}],"wp:featuredmedia":[{"embeddable":true,"href":"https:\/\/publikationen.zhdk.ch\/index.php?rest_route=\/wp\/v2\/media\/1839"}],"wp:attachment":[{"href":"https:\/\/publikationen.zhdk.ch\/index.php?rest_route=%2Fwp%2Fv2%2Fmedia&parent=1837"}],"wp:term":[{"taxonomy":"product_brand","embeddable":true,"href":"https:\/\/publikationen.zhdk.ch\/index.php?rest_route=%2Fwp%2Fv2%2Fproduct_brand&post=1837"},{"taxonomy":"product_cat","embeddable":true,"href":"https:\/\/publikationen.zhdk.ch\/index.php?rest_route=%2Fwp%2Fv2%2Fproduct_cat&post=1837"},{"taxonomy":"product_tag","embeddable":true,"href":"https:\/\/publikationen.zhdk.ch\/index.php?rest_route=%2Fwp%2Fv2%2Fproduct_tag&post=1837"}],"curies":[{"name":"wp","href":"https:\/\/api.w.org\/{rel}","templated":true}]}}