{"id":1823,"date":"2019-05-02T19:19:32","date_gmt":"2019-05-02T17:19:32","guid":{"rendered":"http:\/\/publikationen.zhdk.ch\/?post_type=product&#038;p=1823"},"modified":"2022-04-19T17:31:48","modified_gmt":"2022-04-19T15:31:48","slug":"inaesthetics-4","status":"publish","type":"product","link":"https:\/\/publikationen.zhdk.ch\/?product=inaesthetics-4","title":{"rendered":"INAESTHETICS #4 Philosophy! | Wilfried Dickhoff und Marcus Steinweg (Hg.)"},"content":{"rendered":"<p>Mit Textbeitr\u00e4gen Hannes B\u00f6hringer, Ray Brassier, Simon Critchley, Felix Ensslin, Jean-Fran\u00e7ois Lyotard, Boyan Manchev, Chantal Mouffe, Jean-Luc Nancy und Nina Power u.a.<\/p>\n<p>Mit Bildbeitr\u00e4gen Anna &amp; Bernhard Blume, Daniel Buren, Bethan Huws und Richard Wright<\/p>\n<p>ZHdK: Institute for Contemporary Art Research (IFCAR)<\/p>\n","protected":false},"excerpt":{"rendered":"<p>Die Ausgabe #4 fragt nach der Philosophie im 21. Jahrhundert und untersucht das Verh\u00e4ltnis von Kunst und Philosophie Offenbar gibt es eine Freundschaft zwischen Kunst und Philosophie. Wie zu jeder Freundschaft geh\u00f6rt zu ihr die Artikulation einer gewissen Differenz. Kunst und Philosophie sind nicht dasselbe. Doch verl\u00e4uft die Differenz bereits im Begriff der Kunst und der Philosophie selbst. Vielleicht verbindet Kunst und Philosophie, dass Kunst einen singul\u00e4ren Begriff von Kunst und Philosophie ihren eigenen Begriff von Philosophie generiert.<\/p>\n<p>224 Seiten, Merve, 2015<br \/>\nISBN 978-3-88396-337-2<\/p>\n","protected":false},"featured_media":1825,"template":"","meta":[],"product_brand":[],"product_cat":[145,535,537],"product_tag":[915],"class_list":{"0":"post-1823","1":"product","2":"type-product","3":"status-publish","4":"has-post-thumbnail","6":"product_cat-ifcar","7":"product_cat-dickhoff-wilfried","8":"product_cat-steinweg-marcus","9":"product_tag-philosophie","11":"first","12":"instock","13":"shipping-taxable","14":"product-type-external"},"_links":{"self":[{"href":"https:\/\/publikationen.zhdk.ch\/index.php?rest_route=\/wp\/v2\/product\/1823","targetHints":{"allow":["GET"]}}],"collection":[{"href":"https:\/\/publikationen.zhdk.ch\/index.php?rest_route=\/wp\/v2\/product"}],"about":[{"href":"https:\/\/publikationen.zhdk.ch\/index.php?rest_route=\/wp\/v2\/types\/product"}],"version-history":[{"count":3,"href":"https:\/\/publikationen.zhdk.ch\/index.php?rest_route=\/wp\/v2\/product\/1823\/revisions"}],"predecessor-version":[{"id":3208,"href":"https:\/\/publikationen.zhdk.ch\/index.php?rest_route=\/wp\/v2\/product\/1823\/revisions\/3208"}],"wp:featuredmedia":[{"embeddable":true,"href":"https:\/\/publikationen.zhdk.ch\/index.php?rest_route=\/wp\/v2\/media\/1825"}],"wp:attachment":[{"href":"https:\/\/publikationen.zhdk.ch\/index.php?rest_route=%2Fwp%2Fv2%2Fmedia&parent=1823"}],"wp:term":[{"taxonomy":"product_brand","embeddable":true,"href":"https:\/\/publikationen.zhdk.ch\/index.php?rest_route=%2Fwp%2Fv2%2Fproduct_brand&post=1823"},{"taxonomy":"product_cat","embeddable":true,"href":"https:\/\/publikationen.zhdk.ch\/index.php?rest_route=%2Fwp%2Fv2%2Fproduct_cat&post=1823"},{"taxonomy":"product_tag","embeddable":true,"href":"https:\/\/publikationen.zhdk.ch\/index.php?rest_route=%2Fwp%2Fv2%2Fproduct_tag&post=1823"}],"curies":[{"name":"wp","href":"https:\/\/api.w.org\/{rel}","templated":true}]}}