{"id":1809,"date":"2019-05-02T19:04:28","date_gmt":"2019-05-02T17:04:28","guid":{"rendered":"http:\/\/publikationen.zhdk.ch\/?post_type=product&#038;p=1809"},"modified":"2022-04-19T17:30:51","modified_gmt":"2022-04-19T15:30:51","slug":"kunst-und-ethnografie","status":"publish","type":"product","link":"https:\/\/publikationen.zhdk.ch\/?product=kunst-und-ethnografie","title":{"rendered":"Kunst und Ethnografie \u2013 zwischen Kooperation und Ko-Produktion? | Ute Holfelder, Klaus Sch\u00f6nberger, Thomas Hengartner, Christoph Schenker (Hg.)"},"content":{"rendered":"<p>Der Band pr\u00e4sentiert die Ergebnisse eines im Rahmen des Projekts \u00abHandyfilme \u2013 k\u00fcnstlerische und ethnografische Zug\u00e4nge zu Repr\u00e4sentationen jugendlicher Alltagswelten\u00bb durchgef\u00fchrten Workshops. In diesem wurde gefragt, in welcher Weise ein Zusammengehen von Kunst und Ethno\u00adgrafie als Ko-Produktion praktiziert werden kann, die sich nicht im Modus einer additiven Kooperation oder einer Kollaboration ersch\u00f6pft. Ein Grossteil der Beitr\u00e4ge bezieht sich auf dieses zwischen kulturwissenschaftlicher Technikforschung und k\u00fcnstlerischer Forschung angesiedelte Forschungsprojekt. Daneben finden sich zum einen Texte, die das Verh\u00e4ltnis von Kunst und Ethno\u00adgrafie grunds\u00e4tzlich ausloten, zum anderen Darstellungen weiterer k\u00fcnstlerisch-gesellschaftswissenschaftlicher Forschungsprojekte. Alle Beitr\u00e4ge diskutieren neben konzeptionellen \u00dcberlegungen die Potenziale und Schwierigkeiten des Zusammenarbeitens von Kunst und Ethnografie. Sie veranschaulichen unterschiedliche Formen im Zusammengehen, Sich-\u00adgegenseitig-Anziehen, aber auch im Sich-Reiben, Sich-Separieren und Sich-Abstossen.<\/p>\n<p>ZHdK: Institute for Contemporary Art Research (IFCAR)<\/p>\n","protected":false},"excerpt":{"rendered":"<p>Anziehung \u2013 Abstossung \u2013 Verwicklung: Epistemische und methodologische Perspektiven<\/p>\n<p>Die in diesem Band versammelten Beitr\u00e4ge verweisen auf die Gemengelage zwischen k\u00fcnstlerischer und ethnografischer Forschung, zwischen der Praxis der Feld\u00adforschung und der Kunstbetriebe, zwischen K\u00fcnstler*innen, Ethnograf*innen und hybriden Akteur*innen, die heute dies und morgen etwas anderes sind. Im Fokus stehen transdisziplin\u00e4re Perspektiven, die die gegenw\u00e4rtigen entgrenzten gesellschaft\u00adlichen Verh\u00e4ltnisse methodisch und epistemisch einzuholen versuchen.<\/p>\n<p>200 Seiten, Chronos, 2018<br \/>\nISBN 978-3-0340-1410-6<\/p>\n","protected":false},"featured_media":1813,"template":"","meta":[],"product_brand":[],"product_cat":[145,519,515,239,517],"product_tag":[],"class_list":{"0":"post-1809","1":"product","2":"type-product","3":"status-publish","4":"has-post-thumbnail","6":"product_cat-ifcar","7":"product_cat-hengartner-thomas","8":"product_cat-holfelder-ute","9":"product_cat-schenker-christoph","10":"product_cat-schoenberger-klaus","12":"first","13":"instock","14":"shipping-taxable","15":"product-type-external"},"_links":{"self":[{"href":"https:\/\/publikationen.zhdk.ch\/index.php?rest_route=\/wp\/v2\/product\/1809","targetHints":{"allow":["GET"]}}],"collection":[{"href":"https:\/\/publikationen.zhdk.ch\/index.php?rest_route=\/wp\/v2\/product"}],"about":[{"href":"https:\/\/publikationen.zhdk.ch\/index.php?rest_route=\/wp\/v2\/types\/product"}],"version-history":[{"count":2,"href":"https:\/\/publikationen.zhdk.ch\/index.php?rest_route=\/wp\/v2\/product\/1809\/revisions"}],"predecessor-version":[{"id":3212,"href":"https:\/\/publikationen.zhdk.ch\/index.php?rest_route=\/wp\/v2\/product\/1809\/revisions\/3212"}],"wp:featuredmedia":[{"embeddable":true,"href":"https:\/\/publikationen.zhdk.ch\/index.php?rest_route=\/wp\/v2\/media\/1813"}],"wp:attachment":[{"href":"https:\/\/publikationen.zhdk.ch\/index.php?rest_route=%2Fwp%2Fv2%2Fmedia&parent=1809"}],"wp:term":[{"taxonomy":"product_brand","embeddable":true,"href":"https:\/\/publikationen.zhdk.ch\/index.php?rest_route=%2Fwp%2Fv2%2Fproduct_brand&post=1809"},{"taxonomy":"product_cat","embeddable":true,"href":"https:\/\/publikationen.zhdk.ch\/index.php?rest_route=%2Fwp%2Fv2%2Fproduct_cat&post=1809"},{"taxonomy":"product_tag","embeddable":true,"href":"https:\/\/publikationen.zhdk.ch\/index.php?rest_route=%2Fwp%2Fv2%2Fproduct_tag&post=1809"}],"curies":[{"name":"wp","href":"https:\/\/api.w.org\/{rel}","templated":true}]}}