{"id":1797,"date":"2019-05-01T20:55:24","date_gmt":"2019-05-01T18:55:24","guid":{"rendered":"http:\/\/publikationen.zhdk.ch\/?post_type=product&#038;p=1797"},"modified":"2023-08-10T14:05:50","modified_gmt":"2023-08-10T12:05:50","slug":"public-plaiv-art","status":"publish","type":"product","link":"https:\/\/publikationen.zhdk.ch\/?product=public-plaiv-art","title":{"rendered":"Public Plaiv Art. Contemporauna Illa Plaiv | Christoph Schenker (Hg.) [E-Book-PDF]"},"content":{"rendered":"<p>Der Band beinhaltet im weiteren Beitr\u00e4ge und Kommentare von einheimischen Expertinnen und Experten zu Gesellschaft, Sprache, Wirtschaft, Baukultur und Landschaft des Oberengadins, gefolgt von Essays der Projektgruppe zur regionalen Architektur der Gegenwart, zu heutigen Tendenzen der \u00abKunst des \u00d6ffentlichen\u00bb, zum Verh\u00e4ltnis von Kunst und aktuellen politischen Theorien sowie zur Forschung im Feld der Kunst.<br \/>\nDie Publikation ist Teil des transdisziplin\u00e4ren Forschungsprojekts \u00abpublic plaiv \u2013 Gegenwartskunst im Landschafts- und Siedlungsraum La Plaiv\u00bb. Es handelt sich dabei um das erste institutionelle Forschungsprojekt einer Schweizer Hochschule, das k\u00fcnstlerische Fragestellungen ins Zentrum stellt. Es sind mithin die realisierten Kunstwerke, die das Ergebnis der Forschung darstellen. Als Pilotprojekte leisten sie zudem einen entscheidenden Beitrag zur Formulierung einer innovativen Strategie f\u00fcr ein k\u00fcnftiges Vorgehen mit \u00f6ffentlicher Kunst in der Region.<\/p>\n<p>Autoren: Jost Falett, Urs Frey, Lilian Pfaff, Christoph Schenker, Christoh Wieser, Susann Wintsch und Tim Zulauf<\/p>\n<p>K\u00fcnstler: Peter Regli, Marie Jos\u00e9 Burki, Hans Danuser, Michel Fran\u00e7ois, Christine und Irene Hohenb\u00fcchler, Felix S. Huber und Florian W\u00fcst, Bethan Huws, Constance DeJong, Korpys\/L\u00f6ffler, Ken Lum, Aerount Mik, Jos N\u00e4pflin, Sofie Thorsen, Tadashi Kawamata, Martin Kippenberger, Roman Signer und Lawrence Weiner<\/p>\n<p>Informationen zum Projekt: <a href=\"https:\/\/artpublicplaiv.org\/de\/index.php\">https:\/\/artpublicplaiv.org\/de\/index.php<\/a><\/p>\n<p>ZHdK: Institute for Contemporary Art Research (IFCAR)<\/p>\n<p>&nbsp;<\/p>\n","protected":false},"excerpt":{"rendered":"<p>Gegenwartskunst im Landschafts- und Siedlungsraum La Plaiv, Oberengadin<\/p>\n<p>Die Publikation stellt die Projektskizzen vor, die dreizehn K\u00fcnstlerinnen und K\u00fcnstler speziell f\u00fcr die Region La Plaiv (Oberengadin) erarbeitet haben. Das Spannungsfeld zwischen lokaler Identit\u00e4t und touristischem Mehrwert, zwischen Ortsverbundenheit und Mobilit\u00e4t bildet f\u00fcr die Werke nicht nur den Hintergrund, vielmehr wird es ihn ihnen selber zum Thema. Die Projekte k\u00f6nnen somit als \u00abSensorien\u00bb verstanden werden, die die kulturellen Konfliktlinien der Region aufsp\u00fcren, ihnen Ausdruck verleihen und sie damit individuell wie \u00f6ffentlich verhandelbar machen.<\/p>\n<p><a href=\"https:\/\/publikationen.zhdk.ch\/?product_cat=schriftenreihe-des-instituts-fuer-gegenwartskunst\">Schriftenreihe des Instituts f\u00fcr Gegenwartskunst<\/a> Band 1<\/p>\n<p>263 Seiten (PDF), Hochschule f\u00fcr Gestaltung und Kunst Z\u00fcrich, 2003<br \/>\nISBN 3\u2013906437\u201304\u20133 (Printausgabe vergriffen)<\/p>\n","protected":false},"featured_media":1799,"template":"","meta":[],"product_brand":[],"product_cat":[145,221,1514,1014,239,489],"product_tag":[813],"class_list":{"0":"post-1797","1":"product","2":"type-product","3":"status-publish","4":"has-post-thumbnail","6":"product_cat-ifcar","7":"product_cat-e-books","8":"product_cat-e-publikationen","9":"product_cat-open-access","10":"product_cat-schenker-christoph","11":"product_cat-schriftenreihe-des-instituts-fuer-gegenwartskunst","12":"product_tag-open-access","14":"first","15":"instock","16":"shipping-taxable","17":"product-type-external"},"_links":{"self":[{"href":"https:\/\/publikationen.zhdk.ch\/index.php?rest_route=\/wp\/v2\/product\/1797","targetHints":{"allow":["GET"]}}],"collection":[{"href":"https:\/\/publikationen.zhdk.ch\/index.php?rest_route=\/wp\/v2\/product"}],"about":[{"href":"https:\/\/publikationen.zhdk.ch\/index.php?rest_route=\/wp\/v2\/types\/product"}],"version-history":[{"count":9,"href":"https:\/\/publikationen.zhdk.ch\/index.php?rest_route=\/wp\/v2\/product\/1797\/revisions"}],"predecessor-version":[{"id":6167,"href":"https:\/\/publikationen.zhdk.ch\/index.php?rest_route=\/wp\/v2\/product\/1797\/revisions\/6167"}],"wp:featuredmedia":[{"embeddable":true,"href":"https:\/\/publikationen.zhdk.ch\/index.php?rest_route=\/wp\/v2\/media\/1799"}],"wp:attachment":[{"href":"https:\/\/publikationen.zhdk.ch\/index.php?rest_route=%2Fwp%2Fv2%2Fmedia&parent=1797"}],"wp:term":[{"taxonomy":"product_brand","embeddable":true,"href":"https:\/\/publikationen.zhdk.ch\/index.php?rest_route=%2Fwp%2Fv2%2Fproduct_brand&post=1797"},{"taxonomy":"product_cat","embeddable":true,"href":"https:\/\/publikationen.zhdk.ch\/index.php?rest_route=%2Fwp%2Fv2%2Fproduct_cat&post=1797"},{"taxonomy":"product_tag","embeddable":true,"href":"https:\/\/publikationen.zhdk.ch\/index.php?rest_route=%2Fwp%2Fv2%2Fproduct_tag&post=1797"}],"curies":[{"name":"wp","href":"https:\/\/api.w.org\/{rel}","templated":true}]}}