{"id":1791,"date":"2019-05-01T20:45:56","date_gmt":"2019-05-01T18:45:56","guid":{"rendered":"http:\/\/publikationen.zhdk.ch\/?post_type=product&#038;p=1791"},"modified":"2023-08-10T14:09:06","modified_gmt":"2023-08-10T12:09:06","slug":"kunst-und-oeffentlichkeit","status":"publish","type":"product","link":"https:\/\/publikationen.zhdk.ch\/?product=kunst-und-oeffentlichkeit","title":{"rendered":"Kunst und \u00d6ffentlichkeit | Christoph Schenker, Michael Hiltbrunner (Hg.)"},"content":{"rendered":"<p>Die im Rahmen des Forschungsprojekts &#171;Kunst \u00d6ffentlichkeit Z\u00fcrich&#187; des Instituts f\u00fcr Gegenwartsk\u00fcnste der Hochschule der K\u00fcnste Z\u00fcrich entstandene, umfangreiche Publikation stellt die Ergebnisse der dreij\u00e4hrigen Studie sowie aktuelle Postitionen zur theoretischen Diskussion um Kunst im \u00f6ffentlichen Raum und ihre M\u00f6glichkeiten vor. Neben der Analyse der st\u00e4dtebaulichen, wirtschafts- und kulturgeschichtlichen Situation Z\u00fcrichs leistet die Studie eine Darstellung lokaler Kunstbeispiele und aktueller Ziele der Stadt durch Bernadette F\u00fclscher, Michael Hiltbrunner, Chonja Lee\/Maya Burtscher, Christoph Schenker, Philip Ursprung, Ulrich Vonrufs und Tim Zulauf sowie Interviews mit Angelus Eisinger und Peter Spillmann, enth\u00e4lt sie praktische Handlungsgrundlagen wie das inzwischen von der Stadt genehmigte Leitbild zur Kunst im \u00f6ffentlichen Raum und neue Organisationsstrukturen. K\u00fcnstlerische Projekte und Projektentw\u00fcrfe von Monica Bonvicini, Matthew Buckingham, Harun Farocki, San Keller, Knowbotic Research, Claudia und Julia M\u00fcller und Lawrence Weiner werden pr\u00e4sentiert.<br \/>\nDie lokale Thematik wird durch Vortr\u00e4ge aus \u00f6ffentlichen Workshops und theoretischen Essays zum \u00d6ffentlichkeitsbegriff, zur Public Art, zur kritischen Kunstpraxis, zu medialen Kunstformen sowie zum Stadtmarketing von Marius Babias, Ursula Biemann, Oliver Marchart, Stefan R\u00f6mer, Hito Steyerl und Pipilotti Rist erg\u00e4nzt.<\/p>\n<p>Autoren: Bernadette F\u00fclscher, Michael Hiltbrunner, Chonja Lee\/Maya Burtscher, Christoph Schenker, Philip Ursprung, Ulrich Vonrufs, Tim Zulauf, Angelus Eisinger, Peter Spillmann, Marius Babias, Ursula Biemann, Oliver Marchart, Stefan R\u00f6mer, Hito Steyerl und Pipilotti Rist<br \/>\nK\u00fcnstler: Ana Axpe, Monica Bonvicini, Matthew Buckingham, Harun Farocki, Christoph H\u00e4nsli, San Keller, Knowbotic Research, Claudia und Julia M\u00fcller, David Renggli, Shirana Shahbazi, Till Velten und Lawrence Weiner.<\/p>\n<p>In the 1990s many art venues transformed themselves into forums of discussion of political and social themes. It shifted the Institutional Critique of the 1980s to the analysis of the influence of the mass media on public spaces more and more conditioned by economics. For a few years now this critique has brought the &#171;protected spaces&#187; of the art world directly into the public realm. Adressing the construction of public space on a social, economic, and political level, these investigations and cultural interventions are new lines of inquiry for art historians. This is precisely what the research project &#171;Kunst \u00d6ffentlichkeit Z\u00fcrich&#187; (Art in Zurich&#8217;s public spaces) has been based on, taking the city as a test case and a field for experimentation.<\/p>\n<p>With contributions by artists Monica Bonvicini, Matthew Buckingham, Harun Farocki, Knowbotic Research, Claudia and Julia M\u00fcller, Lawrence Weiner, San Keller, and Shirana Shahbazi.<\/p>\n<p>ZHdK: Institute for Contemporary Art Research (IFCAR)<\/p>\n<p>&nbsp;<\/p>\n","protected":false},"excerpt":{"rendered":"<p class=\"title\">Kritische Praxis der Kunst im Stadtraum Z\u00fcrich<\/p>\n<p>Die im Rahmen des Forschungsprojekts &#171;Kunst \u00d6ffentlichkeit Z\u00fcrich&#187; entstandene Publikation stellt die Ergebnisse der dreij\u00e4hrigen Studie sowie aktuelle Postitionen zur theoretischen Diskussion um Kunst im \u00f6ffentlichen Raum und ihre M\u00f6glichkeiten vor. Neben der Analyse der st\u00e4dtebaulichen, wirtschafts- und kulturgeschichtlichen Situation Z\u00fcrichs leistet die Studie eine Darstellung lokaler Kunstbeispiele und aktueller Ziele der Stadt sowie Interviews enth\u00e4lt sie praktische Handlungsgrundlagen wie das inzwischen von der Stadt genehmigte Leitbild zur Kunst im \u00f6ffentlichen Raum und neue Organisationsstrukturen.<\/p>\n<p class=\"title\"><a href=\"https:\/\/publikationen.zhdk.ch\/?product_cat=schriftenreihe-des-instituts-fuer-gegenwartskunst\">Schriftenreihe des Instituts f\u00fcr Gegenwartskunst<\/a> Band 2<\/p>\n<p class=\"title\">448 Seiten, jrp|Ringier, 2007<br \/>\nISBN 978-3-905770-01-8<\/p>\n<p>&nbsp;<\/p>\n","protected":false},"featured_media":1793,"template":"","meta":[],"product_brand":[],"product_cat":[145,275,239,489],"product_tag":[857],"class_list":{"0":"post-1791","1":"product","2":"type-product","3":"status-publish","4":"has-post-thumbnail","6":"product_cat-ifcar","7":"product_cat-hiltbrunner-michael","8":"product_cat-schenker-christoph","9":"product_cat-schriftenreihe-des-instituts-fuer-gegenwartskunst","10":"product_tag-stadt","12":"first","13":"instock","14":"shipping-taxable","15":"product-type-external"},"_links":{"self":[{"href":"https:\/\/publikationen.zhdk.ch\/index.php?rest_route=\/wp\/v2\/product\/1791","targetHints":{"allow":["GET"]}}],"collection":[{"href":"https:\/\/publikationen.zhdk.ch\/index.php?rest_route=\/wp\/v2\/product"}],"about":[{"href":"https:\/\/publikationen.zhdk.ch\/index.php?rest_route=\/wp\/v2\/types\/product"}],"version-history":[{"count":5,"href":"https:\/\/publikationen.zhdk.ch\/index.php?rest_route=\/wp\/v2\/product\/1791\/revisions"}],"predecessor-version":[{"id":6173,"href":"https:\/\/publikationen.zhdk.ch\/index.php?rest_route=\/wp\/v2\/product\/1791\/revisions\/6173"}],"wp:featuredmedia":[{"embeddable":true,"href":"https:\/\/publikationen.zhdk.ch\/index.php?rest_route=\/wp\/v2\/media\/1793"}],"wp:attachment":[{"href":"https:\/\/publikationen.zhdk.ch\/index.php?rest_route=%2Fwp%2Fv2%2Fmedia&parent=1791"}],"wp:term":[{"taxonomy":"product_brand","embeddable":true,"href":"https:\/\/publikationen.zhdk.ch\/index.php?rest_route=%2Fwp%2Fv2%2Fproduct_brand&post=1791"},{"taxonomy":"product_cat","embeddable":true,"href":"https:\/\/publikationen.zhdk.ch\/index.php?rest_route=%2Fwp%2Fv2%2Fproduct_cat&post=1791"},{"taxonomy":"product_tag","embeddable":true,"href":"https:\/\/publikationen.zhdk.ch\/index.php?rest_route=%2Fwp%2Fv2%2Fproduct_tag&post=1791"}],"curies":[{"name":"wp","href":"https:\/\/api.w.org\/{rel}","templated":true}]}}