{"id":1781,"date":"2019-05-01T20:27:15","date_gmt":"2019-05-01T18:27:15","guid":{"rendered":"http:\/\/publikationen.zhdk.ch\/?post_type=product&#038;p=1781"},"modified":"2023-08-10T14:12:13","modified_gmt":"2023-08-10T12:12:13","slug":"kunst-des-forschens-praxis-eines-aesthetischen-denkens","status":"publish","type":"product","link":"https:\/\/publikationen.zhdk.ch\/?product=kunst-des-forschens-praxis-eines-aesthetischen-denkens","title":{"rendered":"Kunst des Forschens. Praxis eines \u00e4sthetischen Denkens | Elke Bippus (Hg.) [E-Book PDF]"},"content":{"rendered":"<p>In der Publikation \u00abKunst des Forschens\u00bb r\u00fccken K\u00fcnstler*innen, Wissenschaftler*innen und Philosoph*innen ein Forschen in den Blick, welches im Feld des Sinnlichen und Begrifflichen gleicherma\u00dfen arbeitet und \u00e4sthetische mit epistemischen Praktiken vermengt. Die Beitr\u00e4ge lassen deutlich werden, dass K\u00fcnstlerischer Forschung einerseits zur Vorbereitung und Verbreitung eines anderen Denkens von Verantwortung beitr\u00e4gt und andererseits g\u00e4ngige Trennungen von Kunst und Wissenschaft, von Theorie und Praxis fragw\u00fcrdig werden l\u00e4sst.<\/p>\n<p>Mit Beitr\u00e4gen von Martin Beck, Elke Bippus, Beatrice von Bismarck, Kathrin Busch, Gabriele Gramelsberger, Frank Hesse, Katharina Hinsberg, J\u00f6rg Huber, Christoph Keller, Dieter Mersch, Eva Meyer, Eran Schaerf, Peter Piller, Hannes Rickli, Christoph Schenker und Ute Vorkoeper.<\/p>\n<p>ZHdK: Institute for Contemporary Art Research (IFCAR)<\/p>\n","protected":false},"excerpt":{"rendered":"<p>K\u00fcnstlerische Forschungen k\u00f6nnen zu den Verfahren gez\u00e4hlt werden, die auch ein \u00abimplizites Wissen\u00bb, Br\u00fcche und Ungekl\u00e4rtes fruchtbar machen. Solche Aspekte stehen in Widerspruch zu einer Zeit, in der das Bildungsideal Humboldts einer \u00d6konomisierung weichen und Wissen als neue Form des Kapitals verf\u00fcgbar sein soll. Bruce Nauman hat Kunst als ein \u00abInstrument\u00bb beschrieben, \u00abmit dem man sich eine Aktivit\u00e4t des Erforschens aneignen kann\u00bb. Forschen ist in diesem Sinne als Aktivit\u00e4t vorgestellt, welche die \u00fcbliche Asymmetrie zwischen wissendem Forscher und Anwender unterbricht und damit eine politische Komponente gewinnt.<\/p>\n<p><a href=\"https:\/\/publikationen.zhdk.ch\/?product_cat=schriftenreihe-des-instituts-fuer-gegenwartskunst\">Schriftenreihe des Instituts f\u00fcr Gegenwartskunst<\/a> Band 4<\/p>\n<p>263 Seiten, Diaphanes, 2011<br \/>\nISBN <span class=\"isbn\">978-3-03734-080-6<\/span><\/p>\n","protected":false},"featured_media":1777,"template":"","meta":[],"product_brand":[],"product_cat":[509,347,145,221,1514,511,245,543,1014,507,239,489],"product_tag":[861],"class_list":{"0":"post-1781","1":"product","2":"type-product","3":"status-publish","4":"has-post-thumbnail","6":"product_cat-bippus-elke","7":"product_cat-busch-kathrin","8":"product_cat-ifcar","9":"product_cat-e-books","10":"product_cat-e-publikationen","11":"product_cat-hesse-frank","12":"product_cat-mersch-dieter","13":"product_cat-meyer-eva","14":"product_cat-open-access","15":"product_cat-rickli-hannes","16":"product_cat-schenker-christoph","17":"product_cat-schriftenreihe-des-instituts-fuer-gegenwartskunst","18":"product_tag-kuenstlerische-forschung","20":"first","21":"instock","22":"shipping-taxable","23":"product-type-external"},"_links":{"self":[{"href":"https:\/\/publikationen.zhdk.ch\/index.php?rest_route=\/wp\/v2\/product\/1781","targetHints":{"allow":["GET"]}}],"collection":[{"href":"https:\/\/publikationen.zhdk.ch\/index.php?rest_route=\/wp\/v2\/product"}],"about":[{"href":"https:\/\/publikationen.zhdk.ch\/index.php?rest_route=\/wp\/v2\/types\/product"}],"version-history":[{"count":10,"href":"https:\/\/publikationen.zhdk.ch\/index.php?rest_route=\/wp\/v2\/product\/1781\/revisions"}],"predecessor-version":[{"id":6183,"href":"https:\/\/publikationen.zhdk.ch\/index.php?rest_route=\/wp\/v2\/product\/1781\/revisions\/6183"}],"wp:featuredmedia":[{"embeddable":true,"href":"https:\/\/publikationen.zhdk.ch\/index.php?rest_route=\/wp\/v2\/media\/1777"}],"wp:attachment":[{"href":"https:\/\/publikationen.zhdk.ch\/index.php?rest_route=%2Fwp%2Fv2%2Fmedia&parent=1781"}],"wp:term":[{"taxonomy":"product_brand","embeddable":true,"href":"https:\/\/publikationen.zhdk.ch\/index.php?rest_route=%2Fwp%2Fv2%2Fproduct_brand&post=1781"},{"taxonomy":"product_cat","embeddable":true,"href":"https:\/\/publikationen.zhdk.ch\/index.php?rest_route=%2Fwp%2Fv2%2Fproduct_cat&post=1781"},{"taxonomy":"product_tag","embeddable":true,"href":"https:\/\/publikationen.zhdk.ch\/index.php?rest_route=%2Fwp%2Fv2%2Fproduct_tag&post=1781"}],"curies":[{"name":"wp","href":"https:\/\/api.w.org\/{rel}","templated":true}]}}