{"id":1757,"date":"2019-05-01T20:12:01","date_gmt":"2019-05-01T18:12:01","guid":{"rendered":"http:\/\/publikationen.zhdk.ch\/?post_type=product&#038;p=1757"},"modified":"2023-08-10T14:14:25","modified_gmt":"2023-08-10T12:14:25","slug":"auf-gemeindegebiet-ulrich-goerlich-meret-wandeler","status":"publish","type":"product","link":"https:\/\/publikationen.zhdk.ch\/?product=auf-gemeindegebiet-ulrich-goerlich-meret-wandeler","title":{"rendered":"Auf Gemeindegebiet | Ulrich G\u00f6rlich, Meret Wandeler"},"content":{"rendered":"<p>Das Buch sch\u00f6pft aus einem Bildbestand, der zuvor noch nie erforscht wurde: 4000 Gebrauchsfotografien aus den Archiven von Baufirmen, Gemeinde\u00e4mtern, Amateurfotografen, Postkartenverlagen, Lokalzeitungen und Kulturarchiven, die die Autoren in einem Forschungsprojekt der Z\u00fcrcher Hochschule der K\u00fcnste ZHdK (Institut f\u00fcr Gegenwartskunste IFCAR) systematisch gesichtet haben. F\u00fcr diesen Band haben sie zwei Bildstrecken zusammengestellt, die sich chronologisch durch das Buch ziehen: stets in der oberen Seitenh\u00e4lfte ein Bild von Schlieren und in der unteren eines aus dem Oberengadin. Das Konzept enth\u00fcllt vielf\u00e4ltige Bez\u00fcge, Diskrepanzen und Parallelen zwischen den beiden Gebieten. So macht es den Verlauf der Zeit sichtbar und zeigt, wie die r\u00e4umliche Entwicklung manchmal synchron, manchmal aber auch ganz unterschiedlich verlaufen ist. Und offenbart damit, wie sehr sich beide Gegenden ver\u00e4ndert haben. Ein Essay analysiert den Urbanisierungsprozess in der Schweiz seit 1945.<\/p>\n<p>Mit Beitr\u00e4gen von Ren\u00e9 Hornung, Werner Huber und Christi<\/p>\n<p>Forschungsprojekt<br \/>\n<a title=\"Opens external link in new window\" href=\"https:\/\/www.zhdk.ch\/forschungsprojekt\/426824\" target=\"_blank\" rel=\"noopener noreferrer\">Archiv des Ortes. Sammelstrategien f\u00fcr ein fotografisches Archiv zur Raumentwicklung<\/a><\/p>\n<p>ZHdK: Institute for Contemporary Art Research (IFCAR)<\/p>\n","protected":false},"excerpt":{"rendered":"<p>Schlieren \u2013 Oberengadin. Fotografie zum r\u00e4umlichen Wandel im Mittelland und in den Alpen seit 1945<\/p>\n<p>Auf Gemeindegebiet&#8216; ist eine visuelle Geschichte der Raum- und Siedlungsentwicklung in der Schweiz seit 1945. Es zeigt anhand von 230 Fotografien mit erg\u00e4nzenden Essays zwei Beispiele: Schlieren &#8211; eine typische Z\u00fcrcher Vorortsgemeinde, die sich vom Bauerndorf zur Industriestadt entwickelte &#8211; und das Oberengadin um St.Moritz, die weltbekannte Tourismusdestination in den B\u00fcndner Alpen. (dt.\/engl.)<\/p>\n<p><a href=\"https:\/\/publikationen.zhdk.ch\/?product_cat=schriftenreihe-des-instituts-fuer-gegenwartskunst\">Schriftenreihe des Instituts f\u00fcr Gegenwartskunst<\/a> Band 7<\/p>\n<p>176 Seiten, Scheidegger &amp; Spiess, 2012<br \/>\nISBN 978-3-85881-347-3<\/p>\n","protected":false},"featured_media":1759,"template":"","meta":[],"product_brand":[],"product_cat":[505,489,503],"product_tag":[827,859],"class_list":{"0":"post-1757","1":"product","2":"type-product","3":"status-publish","4":"has-post-thumbnail","6":"product_cat-goerlich-ulrich","7":"product_cat-schriftenreihe-des-instituts-fuer-gegenwartskunst","8":"product_cat-wandeler-meret","9":"product_tag-fotografie","10":"product_tag-stadtentwicklung","12":"first","13":"instock","14":"shipping-taxable","15":"product-type-external"},"_links":{"self":[{"href":"https:\/\/publikationen.zhdk.ch\/index.php?rest_route=\/wp\/v2\/product\/1757","targetHints":{"allow":["GET"]}}],"collection":[{"href":"https:\/\/publikationen.zhdk.ch\/index.php?rest_route=\/wp\/v2\/product"}],"about":[{"href":"https:\/\/publikationen.zhdk.ch\/index.php?rest_route=\/wp\/v2\/types\/product"}],"version-history":[{"count":4,"href":"https:\/\/publikationen.zhdk.ch\/index.php?rest_route=\/wp\/v2\/product\/1757\/revisions"}],"predecessor-version":[{"id":6189,"href":"https:\/\/publikationen.zhdk.ch\/index.php?rest_route=\/wp\/v2\/product\/1757\/revisions\/6189"}],"wp:featuredmedia":[{"embeddable":true,"href":"https:\/\/publikationen.zhdk.ch\/index.php?rest_route=\/wp\/v2\/media\/1759"}],"wp:attachment":[{"href":"https:\/\/publikationen.zhdk.ch\/index.php?rest_route=%2Fwp%2Fv2%2Fmedia&parent=1757"}],"wp:term":[{"taxonomy":"product_brand","embeddable":true,"href":"https:\/\/publikationen.zhdk.ch\/index.php?rest_route=%2Fwp%2Fv2%2Fproduct_brand&post=1757"},{"taxonomy":"product_cat","embeddable":true,"href":"https:\/\/publikationen.zhdk.ch\/index.php?rest_route=%2Fwp%2Fv2%2Fproduct_cat&post=1757"},{"taxonomy":"product_tag","embeddable":true,"href":"https:\/\/publikationen.zhdk.ch\/index.php?rest_route=%2Fwp%2Fv2%2Fproduct_tag&post=1757"}],"curies":[{"name":"wp","href":"https:\/\/api.w.org\/{rel}","templated":true}]}}