{"id":1751,"date":"2019-05-01T20:04:51","date_gmt":"2019-05-01T18:04:51","guid":{"rendered":"http:\/\/publikationen.zhdk.ch\/?post_type=product&#038;p=1751"},"modified":"2023-08-10T14:17:26","modified_gmt":"2023-08-10T12:17:26","slug":"serge-stauffer","status":"publish","type":"product","link":"https:\/\/publikationen.zhdk.ch\/?product=serge-stauffer","title":{"rendered":"Serge Stauffer \u2013 Kunst als Forschung | Michael Hiltbrunner, Helmhaus Z\u00fcrich (Hg.)"},"content":{"rendered":"<p>Ende der 1960er-Jahre arbeitete Stauffer an einem utopischen Konzept, das dem K\u00fcnstler in der Gesellschaft eine neuartige Rolle als Forscher zugesteht. In seinem Essay &#8218;Kunst als Forschung&#8216; (1976\/77) skizzierte er eine (auch feministische!) Vision, die er an der von ihm mitgegr\u00fcndeten freien Kunstschule F+F zu verwirklichen suchte. Entstanden in Zusammenhang mit einer Ausstellung im Helmhaus Z\u00fcrich, vereinigt dieses Buch zum ersten Mal rund zwei Dutzend zentrale, vergriffene und unver\u00f6ffentlichte Texte Stauffers aus dem Zeitraum 1951-1986 und verbindet sie mit einer Reihe von \u00fcberaus originellen Fotografien und Werkabbildungen.<\/p>\n<p>ZHdK: Institute for Contemporary Art Research (IFCAR)<\/p>\n","protected":false},"excerpt":{"rendered":"<p>Essays, Gespr\u00e4che, \u00dcbersetzungen, Studien<\/p>\n<p>Dieses Buch leistet die erste Aufarbeitung von Werk und Nachlass des bedeutenden Schweizer K\u00fcnstlers, Kunstvermittlers und Duchamp-Spezialisten Serge Stauffer (1929-1989). Stauffer, der gleichzeitig als Theoretiker, Performer, Autor, \u00dcbersetzer und Archivar amtete, war ein vision\u00e4rer Akteur. Sein Werk zeugt von Humor und Ernsthaftigkeit, von Genauigkeit und Grenzen sprengendem Weitblick. Dazu stand er mit Marcel Duchamp in Kontakt, \u00fcber den er auch forschte und mehrfach publizierte, und er pflegte mit Andr\u00e9 Thomkins eine lebenslange Freundschaft.<\/p>\n<p><a href=\"https:\/\/publikationen.zhdk.ch\/?product_cat=schriftenreihe-des-instituts-fuer-gegenwartskunst\">Schriftenreihe des Instituts f\u00fcr Gegenwartskunst<\/a> Band 8<\/p>\n<p>304 Seiten, Scheidegger &amp; Spiess, 2013<br \/>\nISBN 978-3-85881-377-0<\/p>\n","protected":false},"featured_media":1753,"template":"","meta":[],"product_brand":[],"product_cat":[145,275,489],"product_tag":[907],"class_list":{"0":"post-1751","1":"product","2":"type-product","3":"status-publish","4":"has-post-thumbnail","6":"product_cat-ifcar","7":"product_cat-hiltbrunner-michael","8":"product_cat-schriftenreihe-des-instituts-fuer-gegenwartskunst","9":"product_tag-serge-stauffer","11":"first","12":"instock","13":"shipping-taxable","14":"product-type-external"},"_links":{"self":[{"href":"https:\/\/publikationen.zhdk.ch\/index.php?rest_route=\/wp\/v2\/product\/1751","targetHints":{"allow":["GET"]}}],"collection":[{"href":"https:\/\/publikationen.zhdk.ch\/index.php?rest_route=\/wp\/v2\/product"}],"about":[{"href":"https:\/\/publikationen.zhdk.ch\/index.php?rest_route=\/wp\/v2\/types\/product"}],"version-history":[{"count":5,"href":"https:\/\/publikationen.zhdk.ch\/index.php?rest_route=\/wp\/v2\/product\/1751\/revisions"}],"predecessor-version":[{"id":6199,"href":"https:\/\/publikationen.zhdk.ch\/index.php?rest_route=\/wp\/v2\/product\/1751\/revisions\/6199"}],"wp:featuredmedia":[{"embeddable":true,"href":"https:\/\/publikationen.zhdk.ch\/index.php?rest_route=\/wp\/v2\/media\/1753"}],"wp:attachment":[{"href":"https:\/\/publikationen.zhdk.ch\/index.php?rest_route=%2Fwp%2Fv2%2Fmedia&parent=1751"}],"wp:term":[{"taxonomy":"product_brand","embeddable":true,"href":"https:\/\/publikationen.zhdk.ch\/index.php?rest_route=%2Fwp%2Fv2%2Fproduct_brand&post=1751"},{"taxonomy":"product_cat","embeddable":true,"href":"https:\/\/publikationen.zhdk.ch\/index.php?rest_route=%2Fwp%2Fv2%2Fproduct_cat&post=1751"},{"taxonomy":"product_tag","embeddable":true,"href":"https:\/\/publikationen.zhdk.ch\/index.php?rest_route=%2Fwp%2Fv2%2Fproduct_tag&post=1751"}],"curies":[{"name":"wp","href":"https:\/\/api.w.org\/{rel}","templated":true}]}}