{"id":1743,"date":"2019-05-01T19:49:20","date_gmt":"2019-05-01T17:49:20","guid":{"rendered":"http:\/\/publikationen.zhdk.ch\/?post_type=product&#038;p=1743"},"modified":"2023-08-10T13:17:06","modified_gmt":"2023-08-10T11:17:06","slug":"lebendigkeit-mit-musik","status":"publish","type":"product","link":"https:\/\/publikationen.zhdk.ch\/?product=lebendigkeit-mit-musik","title":{"rendered":"Lebendigkeit mit Musik: Gerda B\u00e4chli | Koloman Kallos, Sandra Lutz Hochreutener"},"content":{"rendered":"<p>Gerda B\u00e4chli war eine au\u00dfergew\u00f6hnliche, \u00fcber die Landesgrenzen hinaus bekannte Schweizer Liedermacherin und Pionierin der Elementaren Musikp\u00e4dagogik und der Musiktherapie. Mit ihren wunderbaren Liedern hat sie viele Menschen ber\u00fchrt und verzaubert. Ihre Musik und ihre therapeutischp\u00e4dagogische Fachkompetenz standen immer im Zeichen der lebendigen mitmenschlichen Begegnung. Wertsch\u00e4tzung, Respekt und Einf\u00fchlungsverm\u00f6gen, die F\u00e4higkeit genau hinzuh\u00f6ren, Authentizit\u00e4t und Flexibilit\u00e4t, ein unersch\u00f6pflicher Ideenreichtum bis ins hohe Alter und nicht zuletzt eine tiefe Bescheidenheit pr\u00e4gten ihr Schaffen. In diesem filmischen Portr\u00e4t werden historische Aufnahmen, in denen Gerda B\u00e4chli selbst zu Wort kommt, erg\u00e4nzt durch Statements aus Interviews, die im Sommer 2018 durchgef\u00fchrt wurden: Fachpersonen aus Musiktherapie und -p\u00e4dagogik sowie Menschen, die Gerda B\u00e4chli beruflich oder freundschaftlich verbunden waren, erz\u00e4hlen von Erlebnissen mit ihr und beleuchten ihr Wirken im Kontext der damaligen und der heutigen Zeit. Mit dem Film wird eine Br\u00fccke von der Vergangenheit in die Gegenwart und Zukunft geschlagen \u2013 in der Hoffnung, die Bedeutung dieser charismatischen Pionierin auszuloten, sie noch besser zu verstehen, damit das, was Gerda B\u00e4chli gelebt und gelehrt hat,\u00a0weiterwirken und sich lebendig weiter entwickeln kann.<\/p>\n<p>Projektleitung: Dr. sc. mus. Sandra Lutz Hochreutener, Musik- &amp; Psychotherapeutin, Leitung Studieng\u00e4nge Musiktherapie ZHdK. Idee, filmisches Konzept, Kamera &amp; Regie: Coloman Kall\u00f3s, Musikp\u00e4dagoge &amp; Filmemacher, ehem. Leiter Fachbereich Mediendidaktik &amp; Dokumentation Abt. f\u00fcr Elementare Musik- &amp; Tanzp\u00e4dagogik, Universit\u00e4t Mozarteum Salzburg.<\/p>\n<p>Video: 1 BluRayDisc SL und 1 DVD Dual Layer, Laufzeit Film: ca. 65 Minuten, Zusatzmaterial: 228 Minuten, Ton: Dolby Digital Stereo 2.0, Sprache: Deutsch, Bild: 16:9<\/p>\n<p>ZHdK: Weiterbildung Musik, Musiktherapie<\/p>\n","protected":false},"excerpt":{"rendered":"<p>Gerda B\u00e4chli war eine au\u00dfergew\u00f6hnliche, \u00fcber die Landesgrenzen hinaus bekannte Schweizer Liedermacherin und Pionierin der Elementaren Musikp\u00e4dagogik und der Musiktherapie. Mit ihren wunderbaren Liedern hat sie viele Menschen ber\u00fchrt und verzaubert. Ihre Musik und ihre therapeutischp\u00e4dagogische Fachkompetenz standen immer im Zeichen der lebendigen mitmenschlichen Begegnung. Wertsch\u00e4tzung, Respekt und Einf\u00fchlungsverm\u00f6gen, die F\u00e4higkeit genau hinzuh\u00f6ren, Authentizit\u00e4t und Flexibilit\u00e4t, ein unersch\u00f6pflicher Ideenreichtum bis ins hohe Alter und nicht zuletzt eine tiefe Bescheidenheit pr\u00e4gten ihr Schaffen. In diesem filmischen Portr\u00e4t werden historische Aufnahmen, in denen Gerda B\u00e4chli selbst zu Wort kommt, erg\u00e4nzt durch Statements aus Interviews, die im Sommer 2018 durchgef\u00fchrt wurden.<\/p>\n<p><a href=\"https:\/\/publikationen.zhdk.ch\/?product_cat=zuercher-schriften-zur-musiktherapie\">Z\u00fcrcher Schriften zur Musiktherapie<\/a> Band 6<\/p>\n<p>DVD\/Blu-ray (65 Minuten), Reichert, 2019<br \/>\nISBN 978-3-95490-394-8<\/p>\n","protected":false},"featured_media":1745,"template":"","meta":[],"product_brand":[],"product_cat":[899,883,875,873],"product_tag":[905,903,901],"class_list":{"0":"post-1743","1":"product","2":"type-product","3":"status-publish","4":"has-post-thumbnail","6":"product_cat-kallos-koloman","7":"product_cat-lutz-hochreutener-sandra","8":"product_cat-weiterbildung","9":"product_cat-zuercher-schriften-zur-musiktherapie","10":"product_tag-dvd","11":"product_tag-musikpaedagogik","12":"product_tag-musiktherapie","14":"first","15":"instock","16":"shipping-taxable","17":"product-type-external"},"_links":{"self":[{"href":"https:\/\/publikationen.zhdk.ch\/index.php?rest_route=\/wp\/v2\/product\/1743","targetHints":{"allow":["GET"]}}],"collection":[{"href":"https:\/\/publikationen.zhdk.ch\/index.php?rest_route=\/wp\/v2\/product"}],"about":[{"href":"https:\/\/publikationen.zhdk.ch\/index.php?rest_route=\/wp\/v2\/types\/product"}],"version-history":[{"count":8,"href":"https:\/\/publikationen.zhdk.ch\/index.php?rest_route=\/wp\/v2\/product\/1743\/revisions"}],"predecessor-version":[{"id":6069,"href":"https:\/\/publikationen.zhdk.ch\/index.php?rest_route=\/wp\/v2\/product\/1743\/revisions\/6069"}],"wp:featuredmedia":[{"embeddable":true,"href":"https:\/\/publikationen.zhdk.ch\/index.php?rest_route=\/wp\/v2\/media\/1745"}],"wp:attachment":[{"href":"https:\/\/publikationen.zhdk.ch\/index.php?rest_route=%2Fwp%2Fv2%2Fmedia&parent=1743"}],"wp:term":[{"taxonomy":"product_brand","embeddable":true,"href":"https:\/\/publikationen.zhdk.ch\/index.php?rest_route=%2Fwp%2Fv2%2Fproduct_brand&post=1743"},{"taxonomy":"product_cat","embeddable":true,"href":"https:\/\/publikationen.zhdk.ch\/index.php?rest_route=%2Fwp%2Fv2%2Fproduct_cat&post=1743"},{"taxonomy":"product_tag","embeddable":true,"href":"https:\/\/publikationen.zhdk.ch\/index.php?rest_route=%2Fwp%2Fv2%2Fproduct_tag&post=1743"}],"curies":[{"name":"wp","href":"https:\/\/api.w.org\/{rel}","templated":true}]}}