{"id":1723,"date":"2019-05-01T19:29:22","date_gmt":"2019-05-01T17:29:22","guid":{"rendered":"http:\/\/publikationen.zhdk.ch\/?post_type=product&#038;p=1723"},"modified":"2023-08-10T13:18:58","modified_gmt":"2023-08-10T11:18:58","slug":"gespuert-gehoert-geborgen","status":"publish","type":"product","link":"https:\/\/publikationen.zhdk.ch\/?product=gespuert-gehoert-geborgen","title":{"rendered":"gesp\u00fcrt &#8211; geh\u00f6rt &#8211; gebor(g)en | Judith Kaufmann, Renate Nussberger, Monika Esslinger, Margareth Maria Leitgeb"},"content":{"rendered":"<p>Die ersten beiden Beitr\u00e4ge befassen sich mit risikoschwangeren Frauen, die station\u00e4r behandelt werden m\u00fcssen, weil ihr Leben und\/oder dasjenige des Kindes in Gefahr ist, respektive eine Fr\u00fchgeburt droht. \u00c4ngste und Sorgen um die Auswirkungen dieser Situation auf das ungeborene Kind belasten die werdenden M\u00fctter. Psychische Entlastung ist deshalb f\u00fcr die Mutter-Kind-Einheit ebenso wichtig wie die medizinische Behandlung. Die beiden Autorinnen JUDITH KAUFMANN und RENATE NUSSBERGER beschreiben eindr\u00fccklich, wie die musiktherapeutische Begleitung auch wenn sie nur wenige Stunden umfasst k\u00f6rperliche Entspannung erm\u00f6glicht, positive Wirkung auf \u00c4ngste und Depressionen hat und der Mutter hilft, die emotionale Verbindung zum Kind zu sp\u00fcren und seiner nat\u00fcrlichen Entwicklung zu vertrauen.<br \/>\nDie andern beiden Beitr\u00e4ge nehmen das Kind in den Fokus.<br \/>\nMONIKA ESSLINGER gibt einen fundierten Einblick in die musiktherapeutische Begleitung von Neugeborenen, die aufgrund der Substanzabh\u00e4ngigkeit ihrer M\u00fctter einen neonatalen Drogenentzug durchmachen m\u00fcssen. Ihr Schwerpunkt liegt dabei auf der Behandlung fr\u00fcher Interaktionsst\u00f6rungen, die sich aus dieser Diagnose ergeben. Die geschilderten Sequenzen mit den Kindern ber\u00fchren durch ihre atmosph\u00e4rische Unmittelbarkeit und werden fachlich \u00e4usserst kompetent erl\u00e4utert, wobei in respektvoller, ressourcenorientierter Weise auch auf die unbedingte Notwendigkeit der Einbindung der Eltern hingewiesen wird.<br \/>\nMARGARETH MARIA LEITGEB verdeutlicht in sensibler Weise, wie die Ereignisse um eine Fr\u00fchgeburt auch vom Kind als traumatisch erlebt werden. Vor dem Hintergrund des von ihr entwickelten Traumazentrierten Musiktherapiemodells stellt sie differenziert dar, wie spezifische, feinf\u00fchlig eingesetzte musiktherapeutische Interventionen helfen, betroffene Babys und Kleinkinder zu stabilisieren und das Fr\u00fchgeborenentrauma aufzuarbeiten. Auch sie betont den wertsch\u00e4tzenden, die Beziehung zum Kind unterst\u00fctzenden Einbezug der Eltern.<br \/>\nAlle vier Beitr\u00e4ge sind gepr\u00e4gt durch die lebendige Verkn\u00fcpfung von Theorie und Einblicken in die musiktherapeutische Praxis. Sie richten sich \u00fcber die Musiktherapie hinaus auch an Fachpersonen aus Medizin, Psychotherapie, Psychologie und Heilp\u00e4dagogik sowie an betroffene Familien.<\/p>\n<p>Herausgegeben von Sandra Lutz Hochreutener, Fritz Hegi, Maria R\u00fcdis\u00fcli<\/p>\n<p>ZHdK: Weiterbildung Musik, Musiktherapie<\/p>\n","protected":false},"excerpt":{"rendered":"<p>Musiktherapie mit risikoschwangeren Frauen, S\u00e4uglingen und Kleinkindern<\/p>\n<p>Die erste Zeit des Lebens, im Mutterleib, w\u00e4hrend und nach der Geburt, ist eine sensible Phase. Lange bevor Worte an Bedeutung gewinnen, sind es Atmosph\u00e4ren, welche das Sein und die Entwicklung des werdenden Menschen pr\u00e4gen. Musiktherapie vermag hier anzukn\u00fcpfen und unterst\u00fctzend zu wirken, wenn erschwerende, vielleicht sogar lebensbedrohliche Umst\u00e4nde den Start ins Leben belasten.<br \/>\nDie vier Autorinnen zeigen auf, wie belastende Situationen in dieser Zeit mit musiktherapeutischen Methoden begleitet werden k\u00f6nnen.<\/p>\n<p><a href=\"https:\/\/publikationen.zhdk.ch\/?product_cat=zuercher-schriften-zur-musiktherapie\">Z\u00fcrcher Schriften zur Musiktherapie<\/a> Band 3<\/p>\n<p>304 Seiten, Reichert, 2014<br \/>\nISBN 978-3-95490-063-3<\/p>\n","protected":false},"featured_media":1725,"template":"","meta":[],"product_brand":[],"product_cat":[885,883,887,875,873],"product_tag":[901],"class_list":{"0":"post-1723","1":"product","2":"type-product","3":"status-publish","4":"has-post-thumbnail","6":"product_cat-hegi-fritz","7":"product_cat-lutz-hochreutener-sandra","8":"product_cat-ruedisueli-maria","9":"product_cat-weiterbildung","10":"product_cat-zuercher-schriften-zur-musiktherapie","11":"product_tag-musiktherapie","13":"first","14":"instock","15":"shipping-taxable","16":"product-type-external"},"_links":{"self":[{"href":"https:\/\/publikationen.zhdk.ch\/index.php?rest_route=\/wp\/v2\/product\/1723","targetHints":{"allow":["GET"]}}],"collection":[{"href":"https:\/\/publikationen.zhdk.ch\/index.php?rest_route=\/wp\/v2\/product"}],"about":[{"href":"https:\/\/publikationen.zhdk.ch\/index.php?rest_route=\/wp\/v2\/types\/product"}],"version-history":[{"count":6,"href":"https:\/\/publikationen.zhdk.ch\/index.php?rest_route=\/wp\/v2\/product\/1723\/revisions"}],"predecessor-version":[{"id":6075,"href":"https:\/\/publikationen.zhdk.ch\/index.php?rest_route=\/wp\/v2\/product\/1723\/revisions\/6075"}],"wp:featuredmedia":[{"embeddable":true,"href":"https:\/\/publikationen.zhdk.ch\/index.php?rest_route=\/wp\/v2\/media\/1725"}],"wp:attachment":[{"href":"https:\/\/publikationen.zhdk.ch\/index.php?rest_route=%2Fwp%2Fv2%2Fmedia&parent=1723"}],"wp:term":[{"taxonomy":"product_brand","embeddable":true,"href":"https:\/\/publikationen.zhdk.ch\/index.php?rest_route=%2Fwp%2Fv2%2Fproduct_brand&post=1723"},{"taxonomy":"product_cat","embeddable":true,"href":"https:\/\/publikationen.zhdk.ch\/index.php?rest_route=%2Fwp%2Fv2%2Fproduct_cat&post=1723"},{"taxonomy":"product_tag","embeddable":true,"href":"https:\/\/publikationen.zhdk.ch\/index.php?rest_route=%2Fwp%2Fv2%2Fproduct_tag&post=1723"}],"curies":[{"name":"wp","href":"https:\/\/api.w.org\/{rel}","templated":true}]}}