{"id":1707,"date":"2019-05-01T19:05:24","date_gmt":"2019-05-01T17:05:24","guid":{"rendered":"http:\/\/publikationen.zhdk.ch\/?post_type=product&#038;p=1707"},"modified":"2023-08-10T13:20:14","modified_gmt":"2023-08-10T11:20:14","slug":"dem-leben-eine-stimme-geben","status":"publish","type":"product","link":"https:\/\/publikationen.zhdk.ch\/?product=dem-leben-eine-stimme-geben","title":{"rendered":"Dem Leben eine Stimme geben | Sonja Maurer-Joss"},"content":{"rendered":"<p>Stimme ber\u00fchrt und widerspiegelt die Befindlichkeit. Mit ihren emotionalen, sprachlichen und gesanglichen Anteilen ist die Stimme das Hauptmedium, \u00fcber das Menschen miteinander kommunizieren und in Kontakt kommen. In dem von der Autorin entwickelten Kreisschema, das die Stimme in sechs verschiedene, ineinander \u00fcbergehende Aspekte auff\u00e4chert, werden emotionaler, sprachlicher und gesanglicher Stimmausdruck erstmals gleicherma\u00dfen ber\u00fccksichtigt und auf die kindliche Selbst- und Spielentwicklung bezogen. Stimme und Stimmspiel werden als wichtiger Bereich der musiktherapeutischen Methodik beschrieben und bez\u00fcglich ihrer therapeutisch wirksamen Funktionen differenziert erl\u00e4utert.<br \/>\nEindr\u00fcckliche Beispiele aus der musiktherapeutischen Praxis mit schwer mehrfach behinderten, sprachentwicklungsgest\u00f6rten und krebskranken Kindern verbinden die Theorie mit der Erfahrung und machen nachvollziehbar, was es bedeutet, dem Leben eine Stimme zu geben.<br \/>\nPhilosophisch-literarische Texte und Gedichte verdichten die Ausf\u00fchrungen atmosph\u00e4risch und weisen gleichzeitig in metaphorischer Form auf die Komplexit\u00e4t des Ph\u00e4nomens Stimme hin. Dies macht das Buch auch f\u00fcr Menschen interessant, die in anderen Berufen mit der Stimme arbeiten.<\/p>\n<p>ZHdK: Weiterbildung Musik, Musiktherapie<\/p>\n","protected":false},"excerpt":{"rendered":"<p>Zur Bedeutung der Stimme in der Musiktherapie mit behinderten und krebskranken Kindern<\/p>\n<p>Stimme ber\u00fchrt und widerspiegelt die Befindlichkeit. Mit ihren emotionalen, sprachlichen und gesanglichen Anteilen ist die Stimme das Hauptmedium, \u00fcber das Menschen miteinander kommunizieren und in Kontakt kommen. In dem von der Autorin entwickelten Kreisschema, das die Stimme in sechs verschiedene, ineinander \u00fcbergehende Aspekte auff\u00e4chert, werden emotionaler, sprachlicher und gesanglicher Stimmausdruck erstmals gleicherma\u00dfen ber\u00fccksichtigt und auf die kindliche Selbst- und Spielentwicklung bezogen. Stimme und Stimmspiel werden als wichtiger Bereich der musiktherapeutischen Methodik beschrieben und bez\u00fcglich ihrer therapeutisch wirksamen Funktionen differenziert erl\u00e4utert.<\/p>\n<p><a href=\"https:\/\/publikationen.zhdk.ch\/?product_cat=zuercher-schriften-zur-musiktherapie\">Z\u00fcrcher Schriften zur Musiktherapie<\/a> Band 1<\/p>\n<p>140 Seiten, Reichert, 2011<br \/>\nISBN 978-3-89500-802-3<\/p>\n","protected":false},"featured_media":1717,"template":"","meta":[],"product_brand":[],"product_cat":[877,875,873],"product_tag":[901],"class_list":{"0":"post-1707","1":"product","2":"type-product","3":"status-publish","4":"has-post-thumbnail","6":"product_cat-maurer-joss-sonja","7":"product_cat-weiterbildung","8":"product_cat-zuercher-schriften-zur-musiktherapie","9":"product_tag-musiktherapie","11":"first","12":"instock","13":"shipping-taxable","14":"product-type-external"},"_links":{"self":[{"href":"https:\/\/publikationen.zhdk.ch\/index.php?rest_route=\/wp\/v2\/product\/1707","targetHints":{"allow":["GET"]}}],"collection":[{"href":"https:\/\/publikationen.zhdk.ch\/index.php?rest_route=\/wp\/v2\/product"}],"about":[{"href":"https:\/\/publikationen.zhdk.ch\/index.php?rest_route=\/wp\/v2\/types\/product"}],"version-history":[{"count":6,"href":"https:\/\/publikationen.zhdk.ch\/index.php?rest_route=\/wp\/v2\/product\/1707\/revisions"}],"predecessor-version":[{"id":6079,"href":"https:\/\/publikationen.zhdk.ch\/index.php?rest_route=\/wp\/v2\/product\/1707\/revisions\/6079"}],"wp:featuredmedia":[{"embeddable":true,"href":"https:\/\/publikationen.zhdk.ch\/index.php?rest_route=\/wp\/v2\/media\/1717"}],"wp:attachment":[{"href":"https:\/\/publikationen.zhdk.ch\/index.php?rest_route=%2Fwp%2Fv2%2Fmedia&parent=1707"}],"wp:term":[{"taxonomy":"product_brand","embeddable":true,"href":"https:\/\/publikationen.zhdk.ch\/index.php?rest_route=%2Fwp%2Fv2%2Fproduct_brand&post=1707"},{"taxonomy":"product_cat","embeddable":true,"href":"https:\/\/publikationen.zhdk.ch\/index.php?rest_route=%2Fwp%2Fv2%2Fproduct_cat&post=1707"},{"taxonomy":"product_tag","embeddable":true,"href":"https:\/\/publikationen.zhdk.ch\/index.php?rest_route=%2Fwp%2Fv2%2Fproduct_tag&post=1707"}],"curies":[{"name":"wp","href":"https:\/\/api.w.org\/{rel}","templated":true}]}}