{"id":1685,"date":"2019-04-27T21:53:49","date_gmt":"2019-04-27T19:53:49","guid":{"rendered":"http:\/\/publikationen.zhdk.ch\/?post_type=product&#038;p=1685"},"modified":"2023-08-10T14:16:19","modified_gmt":"2023-08-10T12:16:19","slug":"wie-bilder-entstehen4","status":"publish","type":"product","link":"https:\/\/publikationen.zhdk.ch\/?product=wie-bilder-entstehen4","title":{"rendered":"Wie Bilder &#171;entstehen&#187; 4 | Xenia Guhl, Dieter Maurer, Claudia Riboni, Nicole Schwarz, Regula Stettler"},"content":{"rendered":"<p>Bilder \u2013 erzeugte Bilder \u2013 waren und sind nicht einfach und immer da. Sie kommen auf, erscheinen, \u00abentstehen\u00bb und entwickeln sich. Bilder haben also eine Geschichte und insbesondere auch eine Fr\u00fchgeschichte. Wie aber erscheinen, \u00abentstehen\u00bb Bilder? Welche Eigenschaften, Strukturbildungen und Entwicklungs tendenzen lassen sich in fr\u00fchen grafischen \u00c4us\u00adserungen beobachten? Sind fr\u00fche Bilder Produkte oder Prozesse? Sind fr\u00fche Bildmerkmale allgemein, abh\u00e4ngig vom Kontext ihrer Produktion, oder indivi\u00adduell? Worin besteht fr\u00fche bildhafte Erkenntnis und \u00c4sthetik? Auf welche allgemeinen Aspekte des fr\u00fchen symbolischen Verhaltens verweisen fr\u00fche Bilder? Auf welche allgemeinen Bestimmungen des Bildes verweist die Bildgenese? Der vorliegende vierte Band zur Thematik stellt eine Untersuchung des fr\u00fchen Bildprozesses dar, Kinder in ihren ersten sechs Lebensjahren dokumentierend. Im Zentrum der Er\u00f6rterung steht dabei die Frage, ob die Beschreibung von Bildern als fertigen Produkten sich in einer Pr\u00fcfung anhand des Bildprozesses best\u00e4tigen lassen oder aber relativiert beziehungsweise revidiert werden m\u00fcssen.<\/p>\n<p data-bind=\"text: contentElement().header\">ZHdK: Institute for Contemporary Art Research (IFCAR)<\/p>\n<p>&nbsp;<\/p>\n","protected":false},"excerpt":{"rendered":"<p data-bind=\"text: contentElement().header\">Band 4: Prozess und Produkt<\/p>\n<p data-bind=\"text: contentElement().header\">In einer umfangreichen Untersuchung widmen sich Dieter Maurer und Claudia Riboni den fr\u00fchesten Zeichnungen und Malereien von Kindern und auf diese Weise der \u00abuntersten\u00bb Struktur des Bildhaften und \u00c4sthetischen: Wie erscheinen, \u00abentstehen\u00bb Bilder? Welche Eigenschaften, Strukturen und Entwicklungen lassen sich in fr\u00fchen graphischen \u00c4usserungen beobachten? Sind fr\u00fche Bilder Produkte oder Prozesse? Sind fr\u00fche Bildmerkmale allgemein, abh\u00e4ngig vom Kontext ihrer Produktion, oder individuell? Worin besteht fr\u00fche bildhafte Erkenntnis und \u00c4sthetik? Auf welche allgemeinen Bestimmungen von \u00abBild\u00bb oder \u00abBildern\u00bb verweist die Bildgenese? Auf welche allgemeinen Aspekte des fr\u00fchen symbolischen Verhaltens verweisen fr\u00fche Bilder? <span dir=\"ltr\" role=\"presentation\">Dieser vierte Band stellt eine Untersuchung des<\/span><br role=\"presentation\" \/><span dir=\"ltr\" role=\"presentation\">fr\u00fc<\/span><span dir=\"ltr\" role=\"presentation\">hen Bildprozesses dar, Kinder in ihren ersten sechs <\/span><span dir=\"ltr\" role=\"presentation\">Lebensjahren dokumentierend. Im Zentrum der <\/span><span dir=\"ltr\" role=\"presentation\">Er\u00f6rterung steht dabei die Frage, ob die Beschreibung <\/span><span dir=\"ltr\" role=\"presentation\">von Bildern als fertige Produkte sich in einer<\/span><br role=\"presentation\" \/><span dir=\"ltr\" role=\"presentation\">Pr\u00fcfung anhand des Bildprozesses best\u00e4tigen lassen <\/span><span dir=\"ltr\" role=\"presentation\">oder aber relativiert beziehungsweise revidiert <\/span><span dir=\"ltr\" role=\"presentation\">werden m\u00fcssen. Die Untersuchung wurde in Zusam<\/span><span dir=\"ltr\" role=\"presentation\">menarbeit<\/span> <span dir=\"ltr\" role=\"presentation\">mit Xenia Guhl, Nicole Schwarz und Regula <\/span><span dir=\"ltr\" role=\"presentation\">Stettler durchgef\u00fchrt.<\/span><\/p>\n<p><a href=\"https:\/\/publikationen.zhdk.ch\/?product_cat=schriftenreihe-des-instituts-fuer-gegenwartskunst\">Schriftenreihe des Instituts f\u00fcr Gegenwartskunst<\/a> Band 10<\/p>\n<p>L (50) und 159 Seiten, Peter Lang, 2013<br \/>\nISBN 978-3-0-3431334-6<\/p>\n","protected":false},"featured_media":1703,"template":"","meta":[],"product_brand":[],"product_cat":[145,497,273,489,499,501],"product_tag":[869,861],"class_list":{"0":"post-1685","1":"product","2":"type-product","3":"status-publish","4":"has-post-thumbnail","6":"product_cat-ifcar","7":"product_cat-guhl-xenia","8":"product_cat-maurer-dieter","9":"product_cat-schriftenreihe-des-instituts-fuer-gegenwartskunst","10":"product_cat-schwarz-nicole","11":"product_cat-stettler-regula","12":"product_tag-kinderzeichnung","13":"product_tag-kuenstlerische-forschung","15":"first","16":"instock","17":"shipping-taxable","18":"product-type-external"},"_links":{"self":[{"href":"https:\/\/publikationen.zhdk.ch\/index.php?rest_route=\/wp\/v2\/product\/1685","targetHints":{"allow":["GET"]}}],"collection":[{"href":"https:\/\/publikationen.zhdk.ch\/index.php?rest_route=\/wp\/v2\/product"}],"about":[{"href":"https:\/\/publikationen.zhdk.ch\/index.php?rest_route=\/wp\/v2\/types\/product"}],"version-history":[{"count":11,"href":"https:\/\/publikationen.zhdk.ch\/index.php?rest_route=\/wp\/v2\/product\/1685\/revisions"}],"predecessor-version":[{"id":6195,"href":"https:\/\/publikationen.zhdk.ch\/index.php?rest_route=\/wp\/v2\/product\/1685\/revisions\/6195"}],"wp:featuredmedia":[{"embeddable":true,"href":"https:\/\/publikationen.zhdk.ch\/index.php?rest_route=\/wp\/v2\/media\/1703"}],"wp:attachment":[{"href":"https:\/\/publikationen.zhdk.ch\/index.php?rest_route=%2Fwp%2Fv2%2Fmedia&parent=1685"}],"wp:term":[{"taxonomy":"product_brand","embeddable":true,"href":"https:\/\/publikationen.zhdk.ch\/index.php?rest_route=%2Fwp%2Fv2%2Fproduct_brand&post=1685"},{"taxonomy":"product_cat","embeddable":true,"href":"https:\/\/publikationen.zhdk.ch\/index.php?rest_route=%2Fwp%2Fv2%2Fproduct_cat&post=1685"},{"taxonomy":"product_tag","embeddable":true,"href":"https:\/\/publikationen.zhdk.ch\/index.php?rest_route=%2Fwp%2Fv2%2Fproduct_tag&post=1685"}],"curies":[{"name":"wp","href":"https:\/\/api.w.org\/{rel}","templated":true}]}}