{"id":1677,"date":"2019-04-27T21:40:05","date_gmt":"2019-04-27T19:40:05","guid":{"rendered":"http:\/\/publikationen.zhdk.ch\/?post_type=product&#038;p=1677"},"modified":"2023-08-10T14:14:59","modified_gmt":"2023-08-10T12:14:59","slug":"wie-bilder-zu-den-haeusern-finden","status":"publish","type":"product","link":"https:\/\/publikationen.zhdk.ch\/?product=wie-bilder-zu-den-haeusern-finden","title":{"rendered":"Wie Bilder zu den H\u00e4usern finden | Dieter Maurer, Claudia Riboni (Hg.)"},"content":{"rendered":"<p>Im Hintergrund dieser Abhandlung stehen langj\u00e4hrige ph\u00e4nomenologische Untersuchungen fr\u00fcher Bilder in der Ontogenese anhand grosser Bild- und Filmarchive aus sehr verschiedenen Kontexten der Bildproduktion.<br \/>\nWenn auch die Rollen von Text und Bild nicht ins Gegenteil zu kehren sind, so \u00fcbernehmen im vorliegenden Buch dennoch die Bilder die Stelle, welche \u00fcblicherweise erkl\u00e4rt, und der Text die Stelle, welche \u00fcblicherweise illustriert. Die Bilder \u00abtragen\u00bb gleichsam das Gewicht der Argumentation, die Texte \u00aberleiden\u00bb die Unterwerfung unter den Dienst von Beispielen.<br \/>\nGleichzeitig verl\u00e4sst die Publikation den in strengerem Sinne wissenschaftlichen Rahmen und erlaubt sich Freiheit der Form und \u00e4sthetisches Empfinden der Zusammenstellung, auch wenn Bilder und Texte in aller Entschiedenheit zeigen und in aller Genauigkeit sagen wollen, was die Forschung zu sehen und zu verstehen erlaubt.<\/p>\n<p>ZHdK: Institute for Contemporary Art Research (IFCAR)<\/p>\n","protected":false},"excerpt":{"rendered":"<p data-bind=\"text: contentElement().header\">Wie die Bilder zu den H\u00e4usern finden und das Haus ins Bild kommt \/\u00a0How pictures find houses and the house comes into the picture<\/p>\n<p>Bilder waren und sind nicht einfach und immer \u00abda\u00bb. Sie kommen auf, erscheinen, \u00abentstehen\u00bb und entwickeln sich. Bilder haben also eine Geschichte und insbesondere auch eine Fr\u00fchgeschichte. Mit H\u00e4usern ist es \u00e4hnlich. Wie aber, in diesem Werden, finden die Bilder zu den H\u00e4usern, und wie das Haus ins Bild? Und was ist dabei so anschauungsw\u00fcrdig und bedenkenswert? Denn dass sie zueinander gefunden haben, mit \u00abtiefgreifenden\u00bb Folgen f\u00fcr beide, steht ausser Frage. Das vorliegende Buch zeigt dieses Geschehen aus der besonderen Perspektive fr\u00fcher Bilder, wie sie von vielen von uns in den ersten Lebensjahren gezeichnet oder gemalt wurden und die gemeinhin \u2013 allerdings mit vielen Missverst\u00e4ndnissen, wenn nicht gar mit Unverst\u00e4ndnis verbunden \u2013 als \u00abKritzeleien\u00bb oder \u00abKinderzeichnungen\u00bb bezeichnet werden. (dt.\/engl.)<\/p>\n<p data-bind=\"text: contentElement().header\"><a href=\"https:\/\/publikationen.zhdk.ch\/?product_cat=schriftenreihe-des-instituts-fuer-gegenwartskunst\">Schriftenreihe des Instituts f\u00fcr Gegenwartskunst<\/a> Band 9<\/p>\n<p data-bind=\"text: contentElement().header\">400 Seiten,\u00a0Edition Patrick Frey, 2013<br \/>\nISBN 978-3-905929-38-6<\/p>\n","protected":false},"featured_media":1679,"template":"","meta":[],"product_brand":[],"product_cat":[145,273,495,489],"product_tag":[869],"class_list":{"0":"post-1677","1":"product","2":"type-product","3":"status-publish","4":"has-post-thumbnail","6":"product_cat-ifcar","7":"product_cat-maurer-dieter","8":"product_cat-riboni-claudia","9":"product_cat-schriftenreihe-des-instituts-fuer-gegenwartskunst","10":"product_tag-kinderzeichnung","12":"first","13":"instock","14":"shipping-taxable","15":"product-type-external"},"_links":{"self":[{"href":"https:\/\/publikationen.zhdk.ch\/index.php?rest_route=\/wp\/v2\/product\/1677","targetHints":{"allow":["GET"]}}],"collection":[{"href":"https:\/\/publikationen.zhdk.ch\/index.php?rest_route=\/wp\/v2\/product"}],"about":[{"href":"https:\/\/publikationen.zhdk.ch\/index.php?rest_route=\/wp\/v2\/types\/product"}],"version-history":[{"count":5,"href":"https:\/\/publikationen.zhdk.ch\/index.php?rest_route=\/wp\/v2\/product\/1677\/revisions"}],"predecessor-version":[{"id":6191,"href":"https:\/\/publikationen.zhdk.ch\/index.php?rest_route=\/wp\/v2\/product\/1677\/revisions\/6191"}],"wp:featuredmedia":[{"embeddable":true,"href":"https:\/\/publikationen.zhdk.ch\/index.php?rest_route=\/wp\/v2\/media\/1679"}],"wp:attachment":[{"href":"https:\/\/publikationen.zhdk.ch\/index.php?rest_route=%2Fwp%2Fv2%2Fmedia&parent=1677"}],"wp:term":[{"taxonomy":"product_brand","embeddable":true,"href":"https:\/\/publikationen.zhdk.ch\/index.php?rest_route=%2Fwp%2Fv2%2Fproduct_brand&post=1677"},{"taxonomy":"product_cat","embeddable":true,"href":"https:\/\/publikationen.zhdk.ch\/index.php?rest_route=%2Fwp%2Fv2%2Fproduct_cat&post=1677"},{"taxonomy":"product_tag","embeddable":true,"href":"https:\/\/publikationen.zhdk.ch\/index.php?rest_route=%2Fwp%2Fv2%2Fproduct_tag&post=1677"}],"curies":[{"name":"wp","href":"https:\/\/api.w.org\/{rel}","templated":true}]}}