{"id":1655,"date":"2019-04-27T21:14:56","date_gmt":"2019-04-27T19:14:56","guid":{"rendered":"http:\/\/publikationen.zhdk.ch\/?post_type=product&#038;p=1655"},"modified":"2023-08-10T14:20:25","modified_gmt":"2023-08-10T12:20:25","slug":"early-human-figure-drawing-in-ontogeny","status":"publish","type":"product","link":"https:\/\/publikationen.zhdk.ch\/?product=early-human-figure-drawing-in-ontogeny","title":{"rendered":"Early Human Figure Drawing in Ontogeny | Dieter Maurer (Hg.)"},"content":{"rendered":"<p>Since 1999, a research team at the Zurich University of the Arts (Switzerland) re-examines the very early qualities, structural formations and development tendencies that can be observed in the drawings and paintings of children in their first years of life. Thereby, one of the main topics addressed is the question whether or not \u2013 more precisely: to what extend \u2013 early pictures in ontogeny depend directly on the concrete context of picture production. In other words, whether or not early pictures in ontogeny are entirely coded.<\/p>\n<p>When comparing extensive picture archives of contexts of Europe, India and Indonesia, evidence was provided that a substantial \u2013 and possibly structural \u2013 part of early picture qualities and their development are not directly related to the concrete context of the production of the drawings and paintings. This holds true for both so-called &#171;abstract&#187; as well as &#171;figurative&#187; aspects (Maurer et al., 2013). Such a finding is of importance, since up to now, the question is a matter of debate, as it will be explained in the first part of the present publication.<\/p>\n<p>Since 2005, from all over the world, the artist Gilles Porte is documenting drawings of the human figure, created by children in their first years of life in terms of selfportraits. Having observed a cross-contextual structure of early pictures in ontogeny in our own investigation, when for the first time looking at the drawings Gilles Porte has brought back from his journey, we felt that these drawings carry a scientific value and can substantially contribute to clarify the relation between the early graphic qualities or drawings models and the concrete context of picture production.<\/p>\n<p><strong>First steps<\/strong><\/p>\n<p>For the texts, go to the book and open the Table of Contents. For the pictures, go to the picture archive, accept the licence, and open the Archive Structure. Please refer to the\u00a0 Assistant in the menu for any further help you need.<\/p>\n<p><strong>Licence \u2013 Terms of Use<\/strong><\/p>\n<p>Images and texts of the present publication are freely available but only and exclusively for private viewing and reading and exclusively in the form of projections for training and research purposes at publicly recognized teaching and research institutes. \u2013 Images and texts must not be taken out of the context of the present publication and introduced into other contexts. Images and texts must not be manipulated in any way prior to projection. \u2013 All other kinds of presentation, projection, copying, storage, reproduction or any other types of use or publication of images and texts in full or even only as excerpts or in any form whatsoever are strictly prohibited without the separate permission in writing of the authors, including translations and radio, television and internet adaptations. \u2013 Images and texts may only be used for the discussion of the pictorial and esthetic development as such and for the discussion of references to general developmental psychology. Any interpretations beyond this, in particular individual psychological or psychoanalytical interpretations are prohibited. The contextual information required for such interpretations is either not included in the publication or has been anonymized. Individual psychological or psychoanalytical interpretations would thus violate deontological rules.<\/p>\n<p><strong>Copyrights<\/strong><\/p>\n<p>2014 Gilles Porte for all pictures and drawings presented.<br \/>\n2014 Dieter Maurer for all texts and for the form of presentation of the picture archive.<\/p>\n<p>ZHdK: Institute for Contemporary Art Research (IFCAR)<\/p>\n","protected":false},"excerpt":{"rendered":"<p>Cross-Contextual Aspects<\/p>\n<p>Bilder \u2013 erzeugte Bilder \u2013 waren und sind nicht einfach und immer \u00abda\u00bb. Sie kommen auf, erscheinen, \u00abentstehen\u00bb und entwickeln sich. Bilder haben also eine Geschichte und insbe\u00adsondere auch eine Fr\u00fchgeschichte.<br \/>\nWie aber erscheinen, \u00abentstehen\u00bb Bilder? Welche Eigenschaften, Strukturbildungen und Entwicklungstendenzen lassen sich in fr\u00fchen graphischen \u00c4usserungen beobachten? Sind fr\u00fche Bilder Produkte oder Prozesse? Sind fr\u00fche Bildmerkmale allgemein, abh\u00e4ngig vom Kontext ihrer Produktion, oder individuell? Worin besteht fr\u00fche bildhafte Erkenntnis und \u00c4sthetik? Auf welche allgemeinen Aspekte des fr\u00fchen symbolischen Verhal\u00adtens verweisen fr\u00fche Bilder? Auf welche allgemeinen Bestimmungen des Bildes verweist die Bildgenese? (dt.\/engl.)<\/p>\n<p><a href=\"https:\/\/publikationen.zhdk.ch\/?product_cat=schriftenreihe-des-instituts-fuer-gegenwartskunst\">Schriftenreihe des Instituts f\u00fcr Gegenwartskunst<\/a> Band 13<\/p>\n<p>Online-Publikation (Webseite), Z\u00fcrcher Hochschule der K\u00fcnste<\/p>\n","protected":false},"featured_media":1657,"template":"","meta":[],"product_brand":[],"product_cat":[145,1514,273,1516,1014,489],"product_tag":[],"class_list":{"0":"post-1655","1":"product","2":"type-product","3":"status-publish","4":"has-post-thumbnail","6":"product_cat-ifcar","7":"product_cat-e-publikationen","8":"product_cat-maurer-dieter","9":"product_cat-online-publikationen","10":"product_cat-open-access","11":"product_cat-schriftenreihe-des-instituts-fuer-gegenwartskunst","13":"first","14":"instock","15":"shipping-taxable","16":"product-type-external"},"_links":{"self":[{"href":"https:\/\/publikationen.zhdk.ch\/index.php?rest_route=\/wp\/v2\/product\/1655","targetHints":{"allow":["GET"]}}],"collection":[{"href":"https:\/\/publikationen.zhdk.ch\/index.php?rest_route=\/wp\/v2\/product"}],"about":[{"href":"https:\/\/publikationen.zhdk.ch\/index.php?rest_route=\/wp\/v2\/types\/product"}],"version-history":[{"count":5,"href":"https:\/\/publikationen.zhdk.ch\/index.php?rest_route=\/wp\/v2\/product\/1655\/revisions"}],"predecessor-version":[{"id":6209,"href":"https:\/\/publikationen.zhdk.ch\/index.php?rest_route=\/wp\/v2\/product\/1655\/revisions\/6209"}],"wp:featuredmedia":[{"embeddable":true,"href":"https:\/\/publikationen.zhdk.ch\/index.php?rest_route=\/wp\/v2\/media\/1657"}],"wp:attachment":[{"href":"https:\/\/publikationen.zhdk.ch\/index.php?rest_route=%2Fwp%2Fv2%2Fmedia&parent=1655"}],"wp:term":[{"taxonomy":"product_brand","embeddable":true,"href":"https:\/\/publikationen.zhdk.ch\/index.php?rest_route=%2Fwp%2Fv2%2Fproduct_brand&post=1655"},{"taxonomy":"product_cat","embeddable":true,"href":"https:\/\/publikationen.zhdk.ch\/index.php?rest_route=%2Fwp%2Fv2%2Fproduct_cat&post=1655"},{"taxonomy":"product_tag","embeddable":true,"href":"https:\/\/publikationen.zhdk.ch\/index.php?rest_route=%2Fwp%2Fv2%2Fproduct_tag&post=1655"}],"curies":[{"name":"wp","href":"https:\/\/api.w.org\/{rel}","templated":true}]}}