{"id":1643,"date":"2019-04-27T21:01:14","date_gmt":"2019-04-27T19:01:14","guid":{"rendered":"http:\/\/publikationen.zhdk.ch\/?post_type=product&#038;p=1643"},"modified":"2023-08-10T14:22:49","modified_gmt":"2023-08-10T12:22:49","slug":"bureau-savamala-belgrade","status":"publish","type":"product","link":"https:\/\/publikationen.zhdk.ch\/?product=bureau-savamala-belgrade","title":{"rendered":"Bureau Savamala Belgrade | J\u00fcrgen Krusche, Philipp Klaus (eds.)"},"content":{"rendered":"<p>Savamala, ein traditionsreicher, seit den 1950er Jahren jedoch vernachl\u00e4ssigter Stadtteil Belgrads erf\u00e4hrt seit einiger Zeit einen raschen Wandel. Durch die zentrumsnahe Lage am Savaufer ist er nicht nur f\u00fcr Akteure aus der Belgrader Kreativwirtschaft und Gastronomie attraktiv geworden, sondern auch f\u00fcr global agierende Investoren, wie das k\u00fcrzlich ver\u00f6ffentlichte, umstrittene Projekt Belgrade Waterfront zeigt.<\/p>\n<p>Die Untersuchungen des Bureau Savamala von 2013 und 2014 zeigen die Ver\u00e4nderungen Savamalas sowohl in materieller und sozi\u00f6konomischer Hinsicht als auch in der Wahrnehmung von Bewohnern und Besuchern Savamalas. Auf Basis der Ergebnisse werden die M\u00f6glichkeiten einer sanften und die Grenzen einer gesteuerten Aufwertung diskutiert. Gleichzeitig stellen einheimische Architekten, K\u00fcnstler und Kulturschaffende ihre Projekte vor, die\u00a0 \u2013 zum Teil zusammen mit den Anwohnern \u2013 dazu beitragen sollen, Savamala auch ohne Gentrifizierung zu erneuern.<\/p>\n<p>Erg\u00e4nzt werden diese Einblicke in die Transformationen von Savamalas Nachbarschaften durch Beitr\u00e4ge zur historischen Entwicklung und spezifischen st\u00e4dtebaulichen Situation Belgrads.<\/p>\n<p>ZHdK: Institute for Contemporary Art Research (IFCAR)<\/p>\n","protected":false},"excerpt":{"rendered":"<p>Urban Research and Practice in a Fast-changing Neighborhood<\/p>\n<p>Savamala, ein traditionsreicher, seit den 1950er Jahren jedoch vernachl\u00e4ssigter Stadtteil Belgrads erf\u00e4hrt seit einiger Zeit einen raschen Wandel.\u00a0Die Untersuchungen des Bureau Savamala von 2013 und 2014 zeigen die Ver\u00e4nderungen Savamalas sowohl in materieller und sozi\u00f6konomischer Hinsicht als auch in der Wahrnehmung von Bewohnern und Besuchern Savamalas. Auf Basis der Ergebnisse werden die M\u00f6glichkeiten einer sanften und die Grenzen einer gesteuerten Aufwertung diskutiert. Gleichzeitig stellen einheimische Architekten, K\u00fcnstler und Kulturschaffende ihre Projekte vor, die\u00a0 \u2013 zum Teil zusammen mit den Anwohnern \u2013 dazu beitragen sollen, Savamala auch ohne Gentrifizierung zu erneuern. (engl.\/serb.)<\/p>\n<p><a href=\"https:\/\/publikationen.zhdk.ch\/?product_cat=schriftenreihe-des-instituts-fuer-gegenwartskunst\">Schriftenreihe des Instituts f\u00fcr Gegenwartskunst<\/a> Band 15<\/p>\n<p>208 Seiten, Jovis, 2015<br \/>\nISBN 978-3-86859-359-4<\/p>\n","protected":false},"featured_media":1645,"template":"","meta":[],"product_brand":[],"product_cat":[145,491,271,489],"product_tag":[857,859],"class_list":{"0":"post-1643","1":"product","2":"type-product","3":"status-publish","4":"has-post-thumbnail","6":"product_cat-ifcar","7":"product_cat-klaus-philipp","8":"product_cat-krusche-juergen","9":"product_cat-schriftenreihe-des-instituts-fuer-gegenwartskunst","10":"product_tag-stadt","11":"product_tag-stadtentwicklung","13":"first","14":"instock","15":"shipping-taxable","16":"product-type-external"},"_links":{"self":[{"href":"https:\/\/publikationen.zhdk.ch\/index.php?rest_route=\/wp\/v2\/product\/1643","targetHints":{"allow":["GET"]}}],"collection":[{"href":"https:\/\/publikationen.zhdk.ch\/index.php?rest_route=\/wp\/v2\/product"}],"about":[{"href":"https:\/\/publikationen.zhdk.ch\/index.php?rest_route=\/wp\/v2\/types\/product"}],"version-history":[{"count":4,"href":"https:\/\/publikationen.zhdk.ch\/index.php?rest_route=\/wp\/v2\/product\/1643\/revisions"}],"predecessor-version":[{"id":6217,"href":"https:\/\/publikationen.zhdk.ch\/index.php?rest_route=\/wp\/v2\/product\/1643\/revisions\/6217"}],"wp:featuredmedia":[{"embeddable":true,"href":"https:\/\/publikationen.zhdk.ch\/index.php?rest_route=\/wp\/v2\/media\/1645"}],"wp:attachment":[{"href":"https:\/\/publikationen.zhdk.ch\/index.php?rest_route=%2Fwp%2Fv2%2Fmedia&parent=1643"}],"wp:term":[{"taxonomy":"product_brand","embeddable":true,"href":"https:\/\/publikationen.zhdk.ch\/index.php?rest_route=%2Fwp%2Fv2%2Fproduct_brand&post=1643"},{"taxonomy":"product_cat","embeddable":true,"href":"https:\/\/publikationen.zhdk.ch\/index.php?rest_route=%2Fwp%2Fv2%2Fproduct_cat&post=1643"},{"taxonomy":"product_tag","embeddable":true,"href":"https:\/\/publikationen.zhdk.ch\/index.php?rest_route=%2Fwp%2Fv2%2Fproduct_tag&post=1643"}],"curies":[{"name":"wp","href":"https:\/\/api.w.org\/{rel}","templated":true}]}}