{"id":1623,"date":"2019-04-26T16:23:04","date_gmt":"2019-04-26T14:23:04","guid":{"rendered":"http:\/\/publikationen.zhdk.ch\/?post_type=product&#038;p=1623"},"modified":"2023-01-30T14:55:24","modified_gmt":"2023-01-30T13:55:24","slug":"milieux-sonores","status":"publish","type":"product","link":"https:\/\/publikationen.zhdk.ch\/?product=milieux-sonores","title":{"rendered":"Milieux Sonores &#8211; Klangliche Milieus | Marcus Maeder"},"content":{"rendered":"<p>ZHdK: Institute for Computer Music and Sound Technology (ICST)<\/p>\n","protected":false},"excerpt":{"rendered":"<p>Klang, Raum und Virtualit\u00e4t<\/p>\n<p>Ob im Computerspiel, im Architekturentwurf oder auf dem GPS-Display im Auto: Unsere Lebenswelt wird vermehrt durch den virtuellen Raum erg\u00e4nzt, erschlossen und entworfen. Medientechnologien haben die r\u00e4umliche Gestaltung des Klangs und dar\u00fcber hinaus die mediale Definition des Raums vorangetrieben. Dass damit auch die Gestaltung klanglicher Milieus &#8211; unserer Umgebung &#8211; durch Sound-Designer, Akustiker, K\u00fcnstler und Musiker Einfluss auf unsere Wahrnehmung und unser Verst\u00e4ndnis von Wirklichkeit hat, liegt auf der Hand. Perspektivenreich und informativ untersucht dieses Buch die perzeptiven, kulturellen, technischen und k\u00fcnstlerischen Bedingungen der akustischen Virtualit\u00e4t.<\/p>\n<p>166 Seiten,\u00a0transcript, 2010<br \/>\nISBN 978-3-8376-1313-1<\/p>\n","protected":false},"featured_media":1617,"template":"","meta":[],"product_brand":[],"product_cat":[143,235],"product_tag":[853],"class_list":{"0":"post-1623","1":"product","2":"type-product","3":"status-publish","4":"has-post-thumbnail","6":"product_cat-icst","7":"product_cat-maeder-marcus","8":"product_tag-virtualitaet","10":"first","11":"instock","12":"shipping-taxable","13":"product-type-external"},"_links":{"self":[{"href":"https:\/\/publikationen.zhdk.ch\/index.php?rest_route=\/wp\/v2\/product\/1623","targetHints":{"allow":["GET"]}}],"collection":[{"href":"https:\/\/publikationen.zhdk.ch\/index.php?rest_route=\/wp\/v2\/product"}],"about":[{"href":"https:\/\/publikationen.zhdk.ch\/index.php?rest_route=\/wp\/v2\/types\/product"}],"version-history":[{"count":6,"href":"https:\/\/publikationen.zhdk.ch\/index.php?rest_route=\/wp\/v2\/product\/1623\/revisions"}],"predecessor-version":[{"id":5658,"href":"https:\/\/publikationen.zhdk.ch\/index.php?rest_route=\/wp\/v2\/product\/1623\/revisions\/5658"}],"wp:featuredmedia":[{"embeddable":true,"href":"https:\/\/publikationen.zhdk.ch\/index.php?rest_route=\/wp\/v2\/media\/1617"}],"wp:attachment":[{"href":"https:\/\/publikationen.zhdk.ch\/index.php?rest_route=%2Fwp%2Fv2%2Fmedia&parent=1623"}],"wp:term":[{"taxonomy":"product_brand","embeddable":true,"href":"https:\/\/publikationen.zhdk.ch\/index.php?rest_route=%2Fwp%2Fv2%2Fproduct_brand&post=1623"},{"taxonomy":"product_cat","embeddable":true,"href":"https:\/\/publikationen.zhdk.ch\/index.php?rest_route=%2Fwp%2Fv2%2Fproduct_cat&post=1623"},{"taxonomy":"product_tag","embeddable":true,"href":"https:\/\/publikationen.zhdk.ch\/index.php?rest_route=%2Fwp%2Fv2%2Fproduct_tag&post=1623"}],"curies":[{"name":"wp","href":"https:\/\/api.w.org\/{rel}","templated":true}]}}