{"id":1615,"date":"2019-04-26T16:21:31","date_gmt":"2019-04-26T14:21:31","guid":{"rendered":"http:\/\/publikationen.zhdk.ch\/?post_type=product&#038;p=1615"},"modified":"2023-01-30T14:56:11","modified_gmt":"2023-01-30T13:56:11","slug":"milieux-sonore-ebook","status":"publish","type":"product","link":"https:\/\/publikationen.zhdk.ch\/?product=milieux-sonore-ebook","title":{"rendered":"Milieux Sonores &#8211; Klangliche Milieus. Klang, Raum und Virtualit\u00e4t | Marcus Maeder [E-Book PDF]"},"content":{"rendered":"<p>ZHdK: Institute for Computer Music and Sound Technology<\/p>\n","protected":false},"excerpt":{"rendered":"<p>Ob im Computerspiel, im Architekturentwurf oder auf dem GPS-Display im Auto: Unsere Lebenswelt wird vermehrt durch den virtuellen Raum erg\u00e4nzt, erschlossen und entworfen. Medientechnologien haben die r\u00e4umliche Gestaltung des Klangs und dar\u00fcber hinaus die mediale Definition des Raums vorangetrieben. Dass damit auch die Gestaltung klanglicher Milieus &#8211; unserer Umgebung &#8211; durch Sound-Designer, Akustiker, K\u00fcnstler und Musiker Einfluss auf unsere Wahrnehmung und unser Verst\u00e4ndnis von Wirklichkeit hat, liegt auf der Hand. Perspektivenreich und informativ untersucht dieses Buch die perzeptiven, kulturellen, technischen und k\u00fcnstlerischen Bedingungen der akustischen Virtualit\u00e4t.<\/p>\n<p>166 Seiten (PDF), transcript, 2010<br \/>\nISBN <span class=\"entry--content\" data-flyer=\"isbn\">978-3-8394-1313-5<\/span><\/p>\n","protected":false},"featured_media":1617,"template":"","meta":[],"product_brand":[],"product_cat":[143,221,1514,235],"product_tag":[853],"class_list":{"0":"post-1615","1":"product","2":"type-product","3":"status-publish","4":"has-post-thumbnail","6":"product_cat-icst","7":"product_cat-e-books","8":"product_cat-e-publikationen","9":"product_cat-maeder-marcus","10":"product_tag-virtualitaet","12":"first","13":"instock","14":"shipping-taxable","15":"product-type-external"},"_links":{"self":[{"href":"https:\/\/publikationen.zhdk.ch\/index.php?rest_route=\/wp\/v2\/product\/1615","targetHints":{"allow":["GET"]}}],"collection":[{"href":"https:\/\/publikationen.zhdk.ch\/index.php?rest_route=\/wp\/v2\/product"}],"about":[{"href":"https:\/\/publikationen.zhdk.ch\/index.php?rest_route=\/wp\/v2\/types\/product"}],"version-history":[{"count":7,"href":"https:\/\/publikationen.zhdk.ch\/index.php?rest_route=\/wp\/v2\/product\/1615\/revisions"}],"predecessor-version":[{"id":3120,"href":"https:\/\/publikationen.zhdk.ch\/index.php?rest_route=\/wp\/v2\/product\/1615\/revisions\/3120"}],"wp:featuredmedia":[{"embeddable":true,"href":"https:\/\/publikationen.zhdk.ch\/index.php?rest_route=\/wp\/v2\/media\/1617"}],"wp:attachment":[{"href":"https:\/\/publikationen.zhdk.ch\/index.php?rest_route=%2Fwp%2Fv2%2Fmedia&parent=1615"}],"wp:term":[{"taxonomy":"product_brand","embeddable":true,"href":"https:\/\/publikationen.zhdk.ch\/index.php?rest_route=%2Fwp%2Fv2%2Fproduct_brand&post=1615"},{"taxonomy":"product_cat","embeddable":true,"href":"https:\/\/publikationen.zhdk.ch\/index.php?rest_route=%2Fwp%2Fv2%2Fproduct_cat&post=1615"},{"taxonomy":"product_tag","embeddable":true,"href":"https:\/\/publikationen.zhdk.ch\/index.php?rest_route=%2Fwp%2Fv2%2Fproduct_tag&post=1615"}],"curies":[{"name":"wp","href":"https:\/\/api.w.org\/{rel}","templated":true}]}}