{"id":1603,"date":"2019-04-26T16:06:00","date_gmt":"2019-04-26T14:06:00","guid":{"rendered":"http:\/\/publikationen.zhdk.ch\/?post_type=product&#038;p=1603"},"modified":"2023-08-10T13:14:46","modified_gmt":"2023-08-10T11:14:46","slug":"signale-systeme-und-klangsynthese","status":"publish","type":"product","link":"https:\/\/publikationen.zhdk.ch\/?product=signale-systeme-und-klangsynthese","title":{"rendered":"Signale, Systeme und Klangsynthese | Martin Neukom"},"content":{"rendered":"<p>This book introduces readers to the fundamentals of digital signals and systems andexplains the most important techniques of computer-based sound and score synthesis.There are numerous illustrations. The accompanying CD contains a wide range of soundexamples, animations, and interactive programmes that help readers implement the book\u2019scontents into practice. \u00abSignals, Systems and Sound Synthesis\u00bb is aimed at composers,music theorists, musicologists, sound technicians, musicians, and lay readers interested in the subject.<\/p>\n<p>ZHdK: Institute for Computer Music and Sound Technology (ICST)<\/p>\n","protected":false},"excerpt":{"rendered":"<p>Grundlagen der Computermusik<\/p>\n<p>Dieses Buch behandelt die Erzeugung und die Verarbeitung von Kl\u00e4ngen mit dem Computer. Mit Hilfe von Abbildungen, Animationen, Klangbeispielen und Beispielprogrammen werden die wichtigsten Techniken zur Klang- und Partitursynthese vorgestellt und die technischen und mathematischen Grundlagen erl\u00e4utert, die zum Verst\u00e4ndnis dieser Techniken notwendig sind. Nach einer \u00dcbersicht \u00fcber die Grundlagen der Akustik stellt der Autor die Theorie der Signale und Systeme dar und gibt eine Einf\u00fchrung in die allgemeinen Programmiersprachen C und Mathematica und in die Programme Csound und CPS. Es folgen die Darstellungen der traditionell wichtigen Synthesetechniken, der nichtlinearen Techniken und der Synthese mit physikalischen Modellen. Den Abschluss bilden die Kapitel zur Klangprojektion im Raum und zur Verwendung algorithmischer und stochastischer Prozesse in der Computermusik. Der Anhang enth\u00e4lt eine \u00dcbersicht \u00fcber mathematische Grundlagen, Tabellen und einen detaillierten Index. Auf den beiden CDs finden sich der Buchtext mit zus\u00e4tzlichen Kapiteln und Erl\u00e4uterungen, Klangbeispiele, Animationen und Programme.<\/p>\n<p><a href=\"https:\/\/publikationen.zhdk.ch\/?product_cat=zuercher-musikstudien\">Z\u00fcrcher Musikstudien<\/a>, Band 2<\/p>\n<p>816 Seiten, 2 CD,\u00a0Peter Lang, 2003<br \/>\nISBN 978-3-0-3910819-0<\/p>\n","protected":false},"featured_media":1873,"template":"","meta":[],"product_brand":[],"product_cat":[143,851,293],"product_tag":[849],"class_list":{"0":"post-1603","1":"product","2":"type-product","3":"status-publish","4":"has-post-thumbnail","6":"product_cat-icst","7":"product_cat-neukom-martin","8":"product_cat-zuercher-musikstudien","9":"product_tag-computermusik","11":"first","12":"instock","13":"shipping-taxable","14":"product-type-external"},"_links":{"self":[{"href":"https:\/\/publikationen.zhdk.ch\/index.php?rest_route=\/wp\/v2\/product\/1603","targetHints":{"allow":["GET"]}}],"collection":[{"href":"https:\/\/publikationen.zhdk.ch\/index.php?rest_route=\/wp\/v2\/product"}],"about":[{"href":"https:\/\/publikationen.zhdk.ch\/index.php?rest_route=\/wp\/v2\/types\/product"}],"version-history":[{"count":5,"href":"https:\/\/publikationen.zhdk.ch\/index.php?rest_route=\/wp\/v2\/product\/1603\/revisions"}],"predecessor-version":[{"id":6063,"href":"https:\/\/publikationen.zhdk.ch\/index.php?rest_route=\/wp\/v2\/product\/1603\/revisions\/6063"}],"wp:featuredmedia":[{"embeddable":true,"href":"https:\/\/publikationen.zhdk.ch\/index.php?rest_route=\/wp\/v2\/media\/1873"}],"wp:attachment":[{"href":"https:\/\/publikationen.zhdk.ch\/index.php?rest_route=%2Fwp%2Fv2%2Fmedia&parent=1603"}],"wp:term":[{"taxonomy":"product_brand","embeddable":true,"href":"https:\/\/publikationen.zhdk.ch\/index.php?rest_route=%2Fwp%2Fv2%2Fproduct_brand&post=1603"},{"taxonomy":"product_cat","embeddable":true,"href":"https:\/\/publikationen.zhdk.ch\/index.php?rest_route=%2Fwp%2Fv2%2Fproduct_cat&post=1603"},{"taxonomy":"product_tag","embeddable":true,"href":"https:\/\/publikationen.zhdk.ch\/index.php?rest_route=%2Fwp%2Fv2%2Fproduct_tag&post=1603"}],"curies":[{"name":"wp","href":"https:\/\/api.w.org\/{rel}","templated":true}]}}