{"id":1585,"date":"2019-04-26T15:54:53","date_gmt":"2019-04-26T13:54:53","guid":{"rendered":"http:\/\/publikationen.zhdk.ch\/?post_type=product&#038;p=1585"},"modified":"2023-08-10T11:17:09","modified_gmt":"2023-08-10T09:17:09","slug":"disembodies-voice-bluray","status":"publish","type":"product","link":"https:\/\/publikationen.zhdk.ch\/?product=disembodies-voice-bluray","title":{"rendered":"Disembodied voice (mit Blu-ray) | Anton Rey, Germ\u00e1n Toro-P\u00e9rez (Hg.)"},"content":{"rendered":"<p>Mit Beitr\u00e4gen von Anton Rey, Germ\u00e1n Toro-P\u00e9rez, Ruedi H\u00e4usermann, Michael Simon, Claudia Bosse, Doris Kolesch u.a. Dem Buch liegt eine Blu-Ray bzw. DVD mit dem aufwendig gemischten filmischen Kommentar des Dokumentarfilmers Maurizius Staerkle Drux bei.<\/p>\n<p>ZHdK: Institute for Computer Music and Sound Technology\u00a0 (ICST)<\/p>\n","protected":false},"excerpt":{"rendered":"<p>Beitr\u00e4ge zur technischen Manipulation der Stimme und deren Nutzbarmachung f\u00fcr das Theater<\/p>\n<p>Welche Auswirkung haben die sich rasant entwickelnden technischen M\u00f6glichkeiten, die menschliche Stimme elektroakustisch zu verst\u00e4rken, auf den Schauspieler? &#171;Disembodied Voice&#187; besch\u00e4ftigt sich mit Ph\u00e4nomenen der technischen Manipulation der Stimme und deren Nutzbarmachung f\u00fcr das Theater. Die Durchdringung von Theorie, Praxis und Ausbildung, die Kooperation zwischen K\u00fcnstlern, Theoretikern, B\u00fchnen- und Stimm-Ausbildnern hat unterschiedlich klingende Textsorten im vorliegenden Band versammelt.<\/p>\n<p><a href=\"https:\/\/publikationen.zhdk.ch\/?product_cat=subtexte\">subTexte<\/a> 10<\/p>\n<p>168 Seiten, Blu-ray, \u00a0Alexander Verlag, 2015<br \/>\nISBN 978-3-89581-358-0<br \/>\nPrintausgabe vergriffen<\/p>\n","protected":false},"featured_media":4091,"template":"","meta":[],"product_brand":[],"product_cat":[143,243,569,241],"product_tag":[847],"class_list":{"0":"post-1585","1":"product","2":"type-product","3":"status-publish","4":"has-post-thumbnail","6":"product_cat-icst","7":"product_cat-rey-anton","8":"product_cat-subtexte","9":"product_cat-toro-perez-german","10":"product_tag-stimme","12":"first","13":"instock","14":"shipping-taxable","15":"product-type-external"},"_links":{"self":[{"href":"https:\/\/publikationen.zhdk.ch\/index.php?rest_route=\/wp\/v2\/product\/1585","targetHints":{"allow":["GET"]}}],"collection":[{"href":"https:\/\/publikationen.zhdk.ch\/index.php?rest_route=\/wp\/v2\/product"}],"about":[{"href":"https:\/\/publikationen.zhdk.ch\/index.php?rest_route=\/wp\/v2\/types\/product"}],"version-history":[{"count":10,"href":"https:\/\/publikationen.zhdk.ch\/index.php?rest_route=\/wp\/v2\/product\/1585\/revisions"}],"predecessor-version":[{"id":6005,"href":"https:\/\/publikationen.zhdk.ch\/index.php?rest_route=\/wp\/v2\/product\/1585\/revisions\/6005"}],"wp:featuredmedia":[{"embeddable":true,"href":"https:\/\/publikationen.zhdk.ch\/index.php?rest_route=\/wp\/v2\/media\/4091"}],"wp:attachment":[{"href":"https:\/\/publikationen.zhdk.ch\/index.php?rest_route=%2Fwp%2Fv2%2Fmedia&parent=1585"}],"wp:term":[{"taxonomy":"product_brand","embeddable":true,"href":"https:\/\/publikationen.zhdk.ch\/index.php?rest_route=%2Fwp%2Fv2%2Fproduct_brand&post=1585"},{"taxonomy":"product_cat","embeddable":true,"href":"https:\/\/publikationen.zhdk.ch\/index.php?rest_route=%2Fwp%2Fv2%2Fproduct_cat&post=1585"},{"taxonomy":"product_tag","embeddable":true,"href":"https:\/\/publikationen.zhdk.ch\/index.php?rest_route=%2Fwp%2Fv2%2Fproduct_tag&post=1585"}],"curies":[{"name":"wp","href":"https:\/\/api.w.org\/{rel}","templated":true}]}}