{"id":1575,"date":"2019-04-26T15:45:10","date_gmt":"2019-04-26T13:45:10","guid":{"rendered":"http:\/\/publikationen.zhdk.ch\/?post_type=product&#038;p=1575"},"modified":"2023-01-30T16:38:29","modified_gmt":"2023-01-30T15:38:29","slug":"kunst-wissenschaft-natur-ebook","status":"publish","type":"product","link":"https:\/\/publikationen.zhdk.ch\/?product=kunst-wissenschaft-natur-ebook","title":{"rendered":"Kunst Wissenschaft Natur | Marcus Maeder (Hg.) [E-Book PDF]"},"content":{"rendered":"<p>Mit Beitr\u00e4gen von Marcus Maeder, Jeanine Reutemann, Hannes Rickli, Andreas Rigling und Yvonne Volkart.<\/p>\n<p>Marcus Maeder ist Kurator am Institute for Computer Music and Sound Technology (ICST) an der Z\u00fcrcher Hochschule der K\u00fcnste (ZHdK), Komponist, Autor und Betreiber des Musiklabels domizil.<\/p>\n<p>&nbsp;<\/p>\n","protected":false},"excerpt":{"rendered":"<p>Zur \u00c4sthetik und Epistemologie der k\u00fcnstlerisch-wissenschaftlichen Naturbeobachtung<\/p>\n<p>K\u00fcnste und Wissenschaften sind sich n\u00e4her gekommen &#8211; besonders in ihrer Verwendung von Medientechnologien und im Einsatz von \u00e4sthetischen Praktiken. Doch wissenschaftliche Erkenntnisse sehen sich nicht nur in ihrer Vermittlung mit \u00e4sthetischen Fragen konfrontiert, sondern bereits in der Erforschung eines Gegenstands. Die K\u00fcnste ihrerseits haben sich in j\u00fcngeren Disziplinen wie der Bio- oder Eco-Art auf die Naturwissenschaften zu bewegt. Die Beitr\u00e4ger_innen des Bandes untersuchen die erkenntnistheoretischen und \u00e4sthetischen Bedingungen, M\u00f6glichkeiten und Probleme, die sich zeigen, wenn Kunst und Wissenschaft in Kooperation treten und neue Wahrnehmungsformen der Natur schaffen.<\/p>\n<p>206 Seiten (PDF), transcript, 2017<br \/>\nISBN <span class=\"isbn\">978-3-8394-3692-9<\/span><\/p>\n","protected":false},"featured_media":407,"template":"","meta":[],"product_brand":[],"product_cat":[143,221,1514,235],"product_tag":[],"class_list":{"0":"post-1575","1":"product","2":"type-product","3":"status-publish","4":"has-post-thumbnail","6":"product_cat-icst","7":"product_cat-e-books","8":"product_cat-e-publikationen","9":"product_cat-maeder-marcus","11":"first","12":"instock","13":"shipping-taxable","14":"product-type-external"},"_links":{"self":[{"href":"https:\/\/publikationen.zhdk.ch\/index.php?rest_route=\/wp\/v2\/product\/1575","targetHints":{"allow":["GET"]}}],"collection":[{"href":"https:\/\/publikationen.zhdk.ch\/index.php?rest_route=\/wp\/v2\/product"}],"about":[{"href":"https:\/\/publikationen.zhdk.ch\/index.php?rest_route=\/wp\/v2\/types\/product"}],"version-history":[{"count":5,"href":"https:\/\/publikationen.zhdk.ch\/index.php?rest_route=\/wp\/v2\/product\/1575\/revisions"}],"predecessor-version":[{"id":3130,"href":"https:\/\/publikationen.zhdk.ch\/index.php?rest_route=\/wp\/v2\/product\/1575\/revisions\/3130"}],"wp:featuredmedia":[{"embeddable":true,"href":"https:\/\/publikationen.zhdk.ch\/index.php?rest_route=\/wp\/v2\/media\/407"}],"wp:attachment":[{"href":"https:\/\/publikationen.zhdk.ch\/index.php?rest_route=%2Fwp%2Fv2%2Fmedia&parent=1575"}],"wp:term":[{"taxonomy":"product_brand","embeddable":true,"href":"https:\/\/publikationen.zhdk.ch\/index.php?rest_route=%2Fwp%2Fv2%2Fproduct_brand&post=1575"},{"taxonomy":"product_cat","embeddable":true,"href":"https:\/\/publikationen.zhdk.ch\/index.php?rest_route=%2Fwp%2Fv2%2Fproduct_cat&post=1575"},{"taxonomy":"product_tag","embeddable":true,"href":"https:\/\/publikationen.zhdk.ch\/index.php?rest_route=%2Fwp%2Fv2%2Fproduct_tag&post=1575"}],"curies":[{"name":"wp","href":"https:\/\/api.w.org\/{rel}","templated":true}]}}