{"id":1561,"date":"2019-04-26T15:27:02","date_gmt":"2019-04-26T13:27:02","guid":{"rendered":"http:\/\/publikationen.zhdk.ch\/?post_type=product&#038;p=1561"},"modified":"2022-04-19T14:51:03","modified_gmt":"2022-04-19T12:51:03","slug":"kunstvermittlung-in-transformation","status":"publish","type":"product","link":"https:\/\/publikationen.zhdk.ch\/?product=kunstvermittlung-in-transformation","title":{"rendered":"Kunstvermittlung in Transformation | Bernadett Settele, Carmen M\u00f6rsch et al. (Hg.)"},"content":{"rendered":"<p>Die Kunstvermittlung befindet sich in einem tiefgreifenden Wandel: Das Berufsfeld expandiert und ver\u00e4ndert die Anforderungen an die Professionalit\u00e4t der Akteure. Zugleich wird durch den sogenannten \u00abEducational Turn in Curating\u00bb das transformative Potenzial der Kunstvermittlung auf die Beteiligten sowie auf die Institutionen selbst diskutiert.<\/p>\n<p>Dieses Buch ist ein unverzichtbares Nachschlagewerk zum Stand der Kunstvermittlung und liefert neue Perspektiven f\u00fcr die Museumsp\u00e4dagogik. Mit starkem Praxisbezug zur Arbeit in Museen.<\/p>\n<p>Mit Beitr\u00e4gen von Elfi Anderegg, Jacqueline Baum, Beate Florenz, Cynthia Gavrani\u0107, Ursula Jakob, Susanne Kudorfer, Nora Landkammer, Christoph Lang, Heinrich L\u00fcber, microsillons und Emilio Paroni.<\/p>\n<p>Praxispartner des Forschungsprojekts waren: Centre d\u2019Art Contemporain Ge<a href=\"http:\/\/www.centre.ch\/\" target=\"_blank\" rel=\"noopener noreferrer\">nf<\/a>, Kunstmuseum Luzern, Museum Bellerive Z\u00fcrich, Museum f\u00fcr Gestaltung Z\u00fcrich, Schaulager M\u00fcnchenstein\/Basel.<\/p>\n<p>ZHdK: Institute for Art Education (IAE)<\/p>\n","protected":false},"excerpt":{"rendered":"<p class=\"title\">Perspektiven und Ergebnisse eines Forschungsprojektes von vier Schweizer Hochschulen<\/p>\n<p>Die Kunstvermittlung befindet sich in einem tiefgreifendenWandel: Das Berufsfeld expandiert und ver\u00e4ndert die Anforderungen an Professionalit\u00e4t und Feldkompetenz der Akteurinnen und Akteure. Zugleich hat im Zuge des &#8218;Educational Turn in Curating&#8216; eine Diskussion eingesetzt \u00fcber die transformativen Potenziale der Kunstvermittlung und \u00fcber die ver\u00e4ndernden Effekte sowohl auf die Beteiligten als auch auf die Institutionen, in denen sie sich ereignet.<br \/>\n&#8218;Kunstvermittlung in Transformation&#8216; pr\u00e4sentiert transdisziplin\u00e4re Analyseverfahren und Fallstudien. Modellprojekte an f\u00fcnf Museen werden aus der Sicht von zwei Dutzend Schreibenden aus dem Berufsfeld, der Forschung und der Lehre beschrieben und analysiert. Der vielstimmige Band stellt die Ergebnisse in Form von Texten, Bildern und einem k\u00fcnstlerischen Video dar, auf der beiliegenden DVD sind zudem dokumentarischeMaterialien aus Forschung und Vermittlung versammelt, die zum Ausgangspunkt weiterer Analysen werden k\u00f6nnen. \u00dcberdies l\u00e4dt der Sammelband zur \u00dcbertragung der Studien auf andere vermittlerische Kontexte und damit zum Weiterarbeiten ein.<\/p>\n<p>363 Seiten, DVD,\u00a0Scheidegger &amp; Spiess, 2012<br \/>\nISBN 978-3-85881-340-4<\/p>\n","protected":false},"featured_media":1563,"template":"","meta":[],"product_brand":[],"product_cat":[141,269,399],"product_tag":[457,459,463],"class_list":{"0":"post-1561","1":"product","2":"type-product","3":"status-publish","4":"has-post-thumbnail","6":"product_cat-iae","7":"product_cat-moersch-carmen","8":"product_cat-settele-bernadett","9":"product_tag-kunstvermittlung","10":"product_tag-museum","11":"product_tag-museumspaedagogik","13":"first","14":"instock","15":"shipping-taxable","16":"product-type-external"},"_links":{"self":[{"href":"https:\/\/publikationen.zhdk.ch\/index.php?rest_route=\/wp\/v2\/product\/1561","targetHints":{"allow":["GET"]}}],"collection":[{"href":"https:\/\/publikationen.zhdk.ch\/index.php?rest_route=\/wp\/v2\/product"}],"about":[{"href":"https:\/\/publikationen.zhdk.ch\/index.php?rest_route=\/wp\/v2\/types\/product"}],"version-history":[{"count":4,"href":"https:\/\/publikationen.zhdk.ch\/index.php?rest_route=\/wp\/v2\/product\/1561\/revisions"}],"predecessor-version":[{"id":3090,"href":"https:\/\/publikationen.zhdk.ch\/index.php?rest_route=\/wp\/v2\/product\/1561\/revisions\/3090"}],"wp:featuredmedia":[{"embeddable":true,"href":"https:\/\/publikationen.zhdk.ch\/index.php?rest_route=\/wp\/v2\/media\/1563"}],"wp:attachment":[{"href":"https:\/\/publikationen.zhdk.ch\/index.php?rest_route=%2Fwp%2Fv2%2Fmedia&parent=1561"}],"wp:term":[{"taxonomy":"product_brand","embeddable":true,"href":"https:\/\/publikationen.zhdk.ch\/index.php?rest_route=%2Fwp%2Fv2%2Fproduct_brand&post=1561"},{"taxonomy":"product_cat","embeddable":true,"href":"https:\/\/publikationen.zhdk.ch\/index.php?rest_route=%2Fwp%2Fv2%2Fproduct_cat&post=1561"},{"taxonomy":"product_tag","embeddable":true,"href":"https:\/\/publikationen.zhdk.ch\/index.php?rest_route=%2Fwp%2Fv2%2Fproduct_tag&post=1561"}],"curies":[{"name":"wp","href":"https:\/\/api.w.org\/{rel}","templated":true}]}}