{"id":1555,"date":"2019-04-26T15:18:45","date_gmt":"2019-04-26T13:18:45","guid":{"rendered":"http:\/\/publikationen.zhdk.ch\/?post_type=product&#038;p=1555"},"modified":"2023-01-30T16:44:19","modified_gmt":"2023-01-30T15:44:19","slug":"kunstvermittlung-in-der-migrationsgesellschaft","status":"publish","type":"product","link":"https:\/\/publikationen.zhdk.ch\/?product=kunstvermittlung-in-der-migrationsgesellschaft","title":{"rendered":"Kunstvermittlung in der Migrationsgesellschaft. Reflexionen einer Arbeitstagung, 2011 [E Book PDF]"},"content":{"rendered":"<p>In Kultur- und Kunstinstitutionen ist Migration in den letzten Jahren ein viel diskutiertes Thema. Die Arbeitstagung &#171;Kunstvermittlung in der Migrationsgesellschaft&#187; im Mai 2011 ging davon aus, dass angesichts der Tatsache, dass wir in einer Migrationsgesellschaft leben, die Debatte zur Vermittlungsarbeit in Kulturinstitutionen nicht bei Strategien der Publikumserweiterung und dem Schaffen von Zugang stehen bleiben kann. Vielmehr bedarf es einer umfassenden Reflexion institutioneller und vermittlerischer Selbstverst\u00e4ndnisse und Positionierungen.<\/p>\n<p>ZHdK: Institute for Art Education (IAE)<\/p>\n","protected":false},"excerpt":{"rendered":"<div class=\"accordion---item--content js-collapsible--container is-opened\">\n<div class=\"richtext\">\n<div>\n<div class=\"l-sidebar\">\n<div id=\"js-content-element-8899\" data-bind=\"attr: { id: contentElement().key() }\">\n<div data-bind=\"if: contentElement().is_accordeon() === '1'\">\n<div class=\"richtext\">\n<p>Herausgegeben vom Institut f\u00fcr Auslandsbeziehungen (ifa), dem Institute for Art Education (IAE), ZHdK und dem Institut f\u00fcr Kunst im Kontext der Universit\u00e4t der K\u00fcnste Berlin<\/p>\n<p>Die Arbeitstagung in Berlin ging davon aus, dass angesichts der Tatsache, dass wir in einer Migrationsgesellschaft leben, die Debatte zur Vermittlungsarbeit in Kulturinstitutionen nicht bei Strategien der Publikumserweiterung und dem Schaffen von Zugang stehen bleiben kann. Vielmehr bedarf es einer umfassenden Reflexion institutioneller und vermittlerischer Selbstverst\u00e4ndnisse und Positionierungen. Wie w\u00e4re eine Vermittlungsarbeit zu entwerfen, die Unterschiede anerkennt, aber Ungleichheit nicht \u00abkulturell\u00bb festschreibt und ihre Ursachen verdeckt? Welche M\u00f6glichkeiten bietet gerade die Kunstvermittlung f\u00fcr Verschiebungen in der Ordnung der Zugeh\u00f6rigkeiten? Wie kann eine Kunstvermittlung aussehen, die die Vorstellungen von Kultur und Bildung innerhalb der Institution selbst befragt und mitgestaltet? Die Publikation soll ein Medium sein, die auf der Tagung aufgeworfenen Fragen weiterzutragen und eine Fortf\u00fchrung der Debatte anzuregen.<\/p>\n<p>ifa-Edition Kultur und Aussenpolitik<\/p>\n<p>112 Seiten (PDF), Institut f\u00fcr Auslandsbeziehungen, 2012<\/p>\n<p>&nbsp;<\/p>\n<\/div>\n<\/div>\n<\/div>\n<\/div>\n<\/div>\n<\/div>\n<\/div>\n","protected":false},"featured_media":1557,"template":"","meta":[],"product_brand":[],"product_cat":[141,221,1514,1014],"product_tag":[457,843,813,845],"class_list":{"0":"post-1555","1":"product","2":"type-product","3":"status-publish","4":"has-post-thumbnail","6":"product_cat-iae","7":"product_cat-e-books","8":"product_cat-e-publikationen","9":"product_cat-open-access","10":"product_tag-kunstvermittlung","11":"product_tag-migration","12":"product_tag-open-access","13":"product_tag-tagungsbericht","15":"first","16":"instock","17":"shipping-taxable","18":"product-type-external"},"_links":{"self":[{"href":"https:\/\/publikationen.zhdk.ch\/index.php?rest_route=\/wp\/v2\/product\/1555","targetHints":{"allow":["GET"]}}],"collection":[{"href":"https:\/\/publikationen.zhdk.ch\/index.php?rest_route=\/wp\/v2\/product"}],"about":[{"href":"https:\/\/publikationen.zhdk.ch\/index.php?rest_route=\/wp\/v2\/types\/product"}],"version-history":[{"count":4,"href":"https:\/\/publikationen.zhdk.ch\/index.php?rest_route=\/wp\/v2\/product\/1555\/revisions"}],"predecessor-version":[{"id":3418,"href":"https:\/\/publikationen.zhdk.ch\/index.php?rest_route=\/wp\/v2\/product\/1555\/revisions\/3418"}],"wp:featuredmedia":[{"embeddable":true,"href":"https:\/\/publikationen.zhdk.ch\/index.php?rest_route=\/wp\/v2\/media\/1557"}],"wp:attachment":[{"href":"https:\/\/publikationen.zhdk.ch\/index.php?rest_route=%2Fwp%2Fv2%2Fmedia&parent=1555"}],"wp:term":[{"taxonomy":"product_brand","embeddable":true,"href":"https:\/\/publikationen.zhdk.ch\/index.php?rest_route=%2Fwp%2Fv2%2Fproduct_brand&post=1555"},{"taxonomy":"product_cat","embeddable":true,"href":"https:\/\/publikationen.zhdk.ch\/index.php?rest_route=%2Fwp%2Fv2%2Fproduct_cat&post=1555"},{"taxonomy":"product_tag","embeddable":true,"href":"https:\/\/publikationen.zhdk.ch\/index.php?rest_route=%2Fwp%2Fv2%2Fproduct_tag&post=1555"}],"curies":[{"name":"wp","href":"https:\/\/api.w.org\/{rel}","templated":true}]}}