{"id":1545,"date":"2019-04-26T15:03:52","date_gmt":"2019-04-26T13:03:52","guid":{"rendered":"http:\/\/publikationen.zhdk.ch\/?post_type=product&#038;p=1545"},"modified":"2023-01-30T16:45:47","modified_gmt":"2023-01-30T15:45:47","slug":"kunstvermittlung-1","status":"publish","type":"product","link":"https:\/\/publikationen.zhdk.ch\/?product=kunstvermittlung-1","title":{"rendered":"Kunstvermittlung 1 | Ayse G\u00fcle\u00e7, Claudia Hummel, Sonja Parzefall, Ulrich Sch\u00f6tker, Wanda Wieczorek (Hg.)"},"content":{"rendered":"<div class=\"df-box-article df-padding-top-m\">\n<p>Das Thema \u00bbKulturelle Bildung\u00ab hat Konjunktur. Auf dem Weg in eine offen strukturierte und dennoch auf Gemeinsinn angelegte Gesellschaft nimmt kulturell-\u00e4sthetische Bildung eine Schl\u00fcsselposition ein. Ein \u00fcberaus geeignetes Medium daf\u00fcr ist die Kunstausstellung, denn sie erm\u00f6glicht die Verhandlung von Differenzen: eine Art der Auseinandersetzung, die weniger auf Konsens und Harmonie angelegt ist, sondern im Widerstreit, im Konflikt und in Br\u00fcchen die Fortsetzung \u00bbkultivierter\u00ab Kommunikation sieht.<\/p>\n<p>Im Wechselfeld zwischen Publikum und Institution, Professionellen und Laien, Kunstfeld und \u00d6ffentlichkeit liegt das umk\u00e4mpfte Terrain der Kunstvermittlung. F\u00fcr ihre Entwicklung bedarf es sowohl gelungener Beispiele als auch der Auseinandersetzung mit praxisrelevanten Schwierigkeiten und Problemen. Kunstvermittlung von Grund auf neu zu denken und zu praktizieren: dazu hat die vergangene documenta 12 entscheidende Anst\u00f6\u00dfe gegeben. Eine reich bebilderte, zweib\u00e4ndige Publikation pr\u00e4sentiert nicht nur die dort erarbeiteten Formate, sondern stellt auch die flankierende Begleitforschung vor und schafft die Basis weiterer Entwicklung in Theorie und Praxis der Kunstvermittlung. Die beiden B\u00e4nde bieten eine ideale Handreichung f\u00fcr MultiplikatorInnen aus dem Bildungsbereich, aus Kinder- und Jugendarbeit, aus Kulturpolitik und Kunstinstitutionen sowie f\u00fcr fachlich Interessierte.<\/p>\n<p>Der Band \u00bbArbeit mit dem Publikum, \u00d6ffnung der Institution\u00ab bietet einen umfassenden \u00dcberblick \u00fcber Vermittlungsformate und Modelle der Zusammenarbeit mit BesucherInnen, wie sie auf der documenta 12 zu erleben waren. Bildstrecken veranschaulichen Methoden und Situationen der Vermittlungspraxis. Die beiliegende DVD erg\u00e4nzt den Band um Originalmaterial aus der Praxis der Kunstvermittlung auf der documenta 12. Sie erlaubt den vertieften Zugang anhand zus\u00e4tzlicher Texte ebenso wie das St\u00f6bern in bislang unver\u00f6ffentlichtem Bild- und Filmmaterial.<\/p>\n<p>Die HerausgeberInnen Ayse G\u00fclec, Claudia Hummel, Carmen M\u00f6rsch, Sonja Parzefall, Ulrich Sch\u00f6tker und Wanda Wieczorek kommen aus dem k\u00fcnstlerischen, kunstwissenschaftlichen, p\u00e4dagogischen, politischen und sozialen Bereich und haben w\u00e4hrend der documenta 12 die verschiedenen Formate der Kunstvermittlung aufgebaut und entwickelt.<\/p>\n<p>ZHdK: Institute for Art Education (IAE)<\/p>\n<\/div>\n","protected":false},"excerpt":{"rendered":"<p>Arbeit mit dem Publikum, \u00d6ffnung der Institution. Formate und Methoden der Kunstvermittlung auf der documenta 12<\/p>\n<p>Der Band bietet einen umfassenden \u00dcberblick \u00fcber Vermittlungsformate und Modelle der Zusammenarbeit mit BesucherInnen, wie sie auf der documenta 12 zu erleben waren. Bildstrecken veranschaulichen Methoden und Situationen der Vermittlungspraxis. Die beiliegende DVD erg\u00e4nzt den Band um Originalmaterial aus der Praxis der Kunstvermittlung auf der documenta 12. Sie erlaubt den vertieften Zugang anhand zus\u00e4tzlicher Texte ebenso wie das St\u00f6bern in bislang unver\u00f6ffentlichtem Bild- und Filmmaterial.<\/p>\n<p>224 Seiten, DVD,\u00a0Diaphanes, 2009<br \/>\nISBN 978-3-03734-077-6<\/p>\n","protected":false},"featured_media":1547,"template":"","meta":[],"product_brand":[],"product_cat":[141,841,401,403,405,263],"product_tag":[839,457],"class_list":{"0":"post-1545","1":"product","2":"type-product","3":"status-publish","4":"has-post-thumbnail","6":"product_cat-iae","7":"product_cat-guelec-ayse","8":"product_cat-hummel-claudia","9":"product_cat-parzefall-sonja","10":"product_cat-schoetker-ulrich","11":"product_cat-wieczorek-wanda","12":"product_tag-dokumenta","13":"product_tag-kunstvermittlung","15":"first","16":"instock","17":"shipping-taxable","18":"product-type-external"},"_links":{"self":[{"href":"https:\/\/publikationen.zhdk.ch\/index.php?rest_route=\/wp\/v2\/product\/1545","targetHints":{"allow":["GET"]}}],"collection":[{"href":"https:\/\/publikationen.zhdk.ch\/index.php?rest_route=\/wp\/v2\/product"}],"about":[{"href":"https:\/\/publikationen.zhdk.ch\/index.php?rest_route=\/wp\/v2\/types\/product"}],"version-history":[{"count":3,"href":"https:\/\/publikationen.zhdk.ch\/index.php?rest_route=\/wp\/v2\/product\/1545\/revisions"}],"predecessor-version":[{"id":3096,"href":"https:\/\/publikationen.zhdk.ch\/index.php?rest_route=\/wp\/v2\/product\/1545\/revisions\/3096"}],"wp:featuredmedia":[{"embeddable":true,"href":"https:\/\/publikationen.zhdk.ch\/index.php?rest_route=\/wp\/v2\/media\/1547"}],"wp:attachment":[{"href":"https:\/\/publikationen.zhdk.ch\/index.php?rest_route=%2Fwp%2Fv2%2Fmedia&parent=1545"}],"wp:term":[{"taxonomy":"product_brand","embeddable":true,"href":"https:\/\/publikationen.zhdk.ch\/index.php?rest_route=%2Fwp%2Fv2%2Fproduct_brand&post=1545"},{"taxonomy":"product_cat","embeddable":true,"href":"https:\/\/publikationen.zhdk.ch\/index.php?rest_route=%2Fwp%2Fv2%2Fproduct_cat&post=1545"},{"taxonomy":"product_tag","embeddable":true,"href":"https:\/\/publikationen.zhdk.ch\/index.php?rest_route=%2Fwp%2Fv2%2Fproduct_tag&post=1545"}],"curies":[{"name":"wp","href":"https:\/\/api.w.org\/{rel}","templated":true}]}}