{"id":1523,"date":"2019-04-25T19:12:56","date_gmt":"2019-04-25T17:12:56","guid":{"rendered":"http:\/\/publikationen.zhdk.ch\/?post_type=product&#038;p=1523"},"modified":"2023-01-30T16:52:45","modified_gmt":"2023-01-30T15:52:45","slug":"kommunikationsrecht","status":"publish","type":"product","link":"https:\/\/publikationen.zhdk.ch\/?product=kommunikationsrecht","title":{"rendered":"Kommunikationsrecht.ch | Ueli Gr\u00fcter, Martin Schneider, Mischa Senn (Hg.) [E-Book PDF]"},"content":{"rendered":"<p>Das Buch vermittelt einen umfassenden \u00dcberblick \u00fcber das schweizerische Kommunikations- und Immaterialg\u00fcterrecht, insbesondere zum Kennzeichenrecht, Urheberrecht, Designrecht, Patentrecht, Kunstrecht, Lauterkeitsrecht, Werberecht, Pers\u00f6nlichkeitsrecht, Datenschutz, Medienrecht, Internetrecht und Vertragsrecht.<\/p>\n<p>ZHdK: Zentrum f\u00fcr Kulturrecht (ZKR)<\/p>\n","protected":false},"excerpt":{"rendered":"<p class=\"title\">Handbuch des Schweizerischen Kommunikations- und Immaterialg\u00fcterrechts f\u00fcr Studium und Praxis<\/p>\n<p>Das Lehrbuch \u00abkommunikationsrecht.ch\u00bb dient den Studierenden als Lehrmittel und ist komplement\u00e4r konzipiert: Das Buch als Papiervorlage, weitere Informationen und Dokumentationen (F\u00e4lle, Beispiele, Rechtsgrundlagen) sind auf der Website abrufbar. Die zusammen mit der Hochschule f\u00fcr Wirtschaft (HSW) Luzern konzipierte Publikation richtet sich an Studierende im Bereich Kunst und Gestaltung sowie Kommunikation (PR, Werbung). Nebst den drei Herausgebern \u00a0beteiligen sich weitere Autoren (u.a. Peter Studer, Bruno Baeriswyl) daran.<\/p>\n<p>206 Seiten, vdf Hochschulverlag, 2. Auflage, 2012<br \/>\nISBN 978-3-7281-3292-5<br \/>\nAls Buch vergriffen, als E-Book erh\u00e4ltlich.<\/p>\n","protected":false},"featured_media":1525,"template":"","meta":[],"product_brand":[],"product_cat":[221,1514,443,147,445,439],"product_tag":[829],"class_list":{"0":"post-1523","1":"product","2":"type-product","3":"status-publish","4":"has-post-thumbnail","6":"product_cat-e-books","7":"product_cat-e-publikationen","8":"product_cat-grueter-ueli","9":"product_cat-zfr","10":"product_cat-schneider-martin","11":"product_cat-senn-mischa","12":"product_tag-recht","14":"first","15":"instock","16":"shipping-taxable","17":"product-type-external"},"_links":{"self":[{"href":"https:\/\/publikationen.zhdk.ch\/index.php?rest_route=\/wp\/v2\/product\/1523","targetHints":{"allow":["GET"]}}],"collection":[{"href":"https:\/\/publikationen.zhdk.ch\/index.php?rest_route=\/wp\/v2\/product"}],"about":[{"href":"https:\/\/publikationen.zhdk.ch\/index.php?rest_route=\/wp\/v2\/types\/product"}],"version-history":[{"count":5,"href":"https:\/\/publikationen.zhdk.ch\/index.php?rest_route=\/wp\/v2\/product\/1523\/revisions"}],"predecessor-version":[{"id":5670,"href":"https:\/\/publikationen.zhdk.ch\/index.php?rest_route=\/wp\/v2\/product\/1523\/revisions\/5670"}],"wp:featuredmedia":[{"embeddable":true,"href":"https:\/\/publikationen.zhdk.ch\/index.php?rest_route=\/wp\/v2\/media\/1525"}],"wp:attachment":[{"href":"https:\/\/publikationen.zhdk.ch\/index.php?rest_route=%2Fwp%2Fv2%2Fmedia&parent=1523"}],"wp:term":[{"taxonomy":"product_brand","embeddable":true,"href":"https:\/\/publikationen.zhdk.ch\/index.php?rest_route=%2Fwp%2Fv2%2Fproduct_brand&post=1523"},{"taxonomy":"product_cat","embeddable":true,"href":"https:\/\/publikationen.zhdk.ch\/index.php?rest_route=%2Fwp%2Fv2%2Fproduct_cat&post=1523"},{"taxonomy":"product_tag","embeddable":true,"href":"https:\/\/publikationen.zhdk.ch\/index.php?rest_route=%2Fwp%2Fv2%2Fproduct_tag&post=1523"}],"curies":[{"name":"wp","href":"https:\/\/api.w.org\/{rel}","templated":true}]}}