{"id":1517,"date":"2019-04-25T19:06:48","date_gmt":"2019-04-25T17:06:48","guid":{"rendered":"http:\/\/publikationen.zhdk.ch\/?post_type=product&#038;p=1517"},"modified":"2022-04-19T14:22:44","modified_gmt":"2022-04-19T12:22:44","slug":"kulturrecht-kulturmarkt","status":"publish","type":"product","link":"https:\/\/publikationen.zhdk.ch\/?product=kulturrecht-kulturmarkt","title":{"rendered":"Kulturrecht \u2013 Kulturmarkt | Andrea F. G. Rasch\u00e8r, Mischa Senn (Hg.)"},"content":{"rendered":"<p>&#8218;Kulturrecht &#8211; Kulturmarkt&#8216;: Mit diesem Titel will die Publikation den Bogen vom Recht zum Markt im weiten Feld der Kultur spannen. Sie stellt die rechtlichen und wirtschaftlichen Aspekte des kulturellen Sektors in \u00fcbersichtlicher und allgemeiner Form dar. Das Buch bietet eine \u00dcbersicht \u00fcber die mannigfachen und unterschiedlichen Hintergr\u00fcnde, Ebenen und Komplexit\u00e4ten in der Trias Kultur &#8211; Recht &#8211; Markt. Damit soll einerseits das Verst\u00e4ndnis f\u00fcr die Zusammenh\u00e4nge und die F\u00e4higkeit, sie angemessen beurteilen zu k\u00f6nnen, verst\u00e4rkt werden; andererseits soll aufgezeigt werden, worauf es f\u00fcr das Verst\u00e4ndnis der Zusammenh\u00e4nge ankommt. Die Publikation ist als Lehr- und Praxishandbuch konzipiert. Sie richtet sich einerseits an Praktiker aus dem Kulturbereich (Kulturschaffende, Kulturvermittler, Kulturinstitutionen, Kulturmarkt), andererseits an Juristen, welche sich in das Gebiet einlesen m\u00f6chten oder eine praktische Grundlage f\u00fcr diese Fragestellungen suchen. Schliesslich dient sie als Lehrmittel f\u00fcr Studierende im Grundstudium und in der Weiterbildung. Das Buch ist in mehrere Einzelkapitel gegliedert, die teilweise komplement\u00e4r angelegt sind (beispielsweise Fotorecht &#8211; Fotomarkt). Das Konzept erm\u00f6glicht der Leserschaft, die sie interessierenden Bereiche nur kapitelweise zu lesen. Den Spezialgebieten (z.B. Angewandte Kunst) gehen jeweils die Grundlagenkapitel (z.B. Kunstrecht) voran. Die Autorenschaft besteht aus erfahrenen und renommierten Fachleuten des jeweiligen Teilgebietes.<\/p>\n<p>ZHdK: Zentrum f\u00fcr Kulturrecht (ZKR)<\/p>\n","protected":false},"excerpt":{"rendered":"<p>Lehr- und Praxishandbuch<br \/>\n\u00abKulturrecht \u2013 Kulturmarkt\u00bb bietet eine \u00dcbersicht \u00fcber die Hintergr\u00fcnde, Ebenen und Komplexit\u00e4ten in der Trias Kultur \u2013 Recht \u2013 Markt. Damit soll das Verst\u00e4ndnis f\u00fcr die Zusammenh\u00e4nge und die F\u00e4higkeit, sie angemessen beurteilen zu k\u00f6nnen, verst\u00e4rkt werden. Die Publikation ist als Lehr- und Praxishandbuch konzipiert. Sie richtet sich an Praktiker*innen aus dem Kulturbereich und an Jurist*innen, welche sich in das Gebiet einlesen m\u00f6chten oder eine praktische Grundlage suchen. Schliesslich dient sie als Lehrmittel f\u00fcr Studierende im Grundstudium und in der Weiterbildung.<\/p>\n<p>480 Seiten,\u00a0Dike Verlag, 2012<br \/>\nISBN\u00a0978-3-03751-428-3<\/p>\n","protected":false},"featured_media":1519,"template":"","meta":[],"product_brand":[],"product_cat":[147,441,439],"product_tag":[829],"class_list":{"0":"post-1517","1":"product","2":"type-product","3":"status-publish","4":"has-post-thumbnail","6":"product_cat-zfr","7":"product_cat-rascher-andrea-f-g","8":"product_cat-senn-mischa","9":"product_tag-recht","11":"first","12":"instock","13":"shipping-taxable","14":"product-type-external"},"_links":{"self":[{"href":"https:\/\/publikationen.zhdk.ch\/index.php?rest_route=\/wp\/v2\/product\/1517","targetHints":{"allow":["GET"]}}],"collection":[{"href":"https:\/\/publikationen.zhdk.ch\/index.php?rest_route=\/wp\/v2\/product"}],"about":[{"href":"https:\/\/publikationen.zhdk.ch\/index.php?rest_route=\/wp\/v2\/types\/product"}],"version-history":[{"count":3,"href":"https:\/\/publikationen.zhdk.ch\/index.php?rest_route=\/wp\/v2\/product\/1517\/revisions"}],"predecessor-version":[{"id":3152,"href":"https:\/\/publikationen.zhdk.ch\/index.php?rest_route=\/wp\/v2\/product\/1517\/revisions\/3152"}],"wp:featuredmedia":[{"embeddable":true,"href":"https:\/\/publikationen.zhdk.ch\/index.php?rest_route=\/wp\/v2\/media\/1519"}],"wp:attachment":[{"href":"https:\/\/publikationen.zhdk.ch\/index.php?rest_route=%2Fwp%2Fv2%2Fmedia&parent=1517"}],"wp:term":[{"taxonomy":"product_brand","embeddable":true,"href":"https:\/\/publikationen.zhdk.ch\/index.php?rest_route=%2Fwp%2Fv2%2Fproduct_brand&post=1517"},{"taxonomy":"product_cat","embeddable":true,"href":"https:\/\/publikationen.zhdk.ch\/index.php?rest_route=%2Fwp%2Fv2%2Fproduct_cat&post=1517"},{"taxonomy":"product_tag","embeddable":true,"href":"https:\/\/publikationen.zhdk.ch\/index.php?rest_route=%2Fwp%2Fv2%2Fproduct_tag&post=1517"}],"curies":[{"name":"wp","href":"https:\/\/api.w.org\/{rel}","templated":true}]}}