{"id":1501,"date":"2019-04-24T17:22:31","date_gmt":"2019-04-24T15:22:31","guid":{"rendered":"http:\/\/publikationen.zhdk.ch\/?post_type=product&#038;p=1501"},"modified":"2023-01-30T17:02:15","modified_gmt":"2023-01-30T16:02:15","slug":"process-embodiment-site","status":"publish","type":"product","link":"https:\/\/publikationen.zhdk.ch\/?product=process-embodiment-site","title":{"rendered":"Process &#8211; Embodiment &#8211; Site | Sabine Gebhardt Fink"},"content":{"rendered":"<p>Die Autorin geht der Frage nach, welche Raum- und Ortskonzeptionen in den 1990er Jahren \u2013 nach der kritischen Relekt\u00fcre der Ortspezifik \u2013 in der Kunst Verwendung gefunden haben. Dabei erweist sich \u201eThe Ambient\u201c als Schl\u00fcsselph\u00e4nomen.<\/p>\n<p>Urspr\u00fcnglich f\u00fcr die Musik entwickelt, ist das Konzept des \u201eAmbient\u201c durch die Konstruktion eines vor\u00fcbergehenden, prozessualen Ortes gekennzeichnet. Hergestellt wird dieser einerseits durch k\u00fcnstlerische Produktionsprozesse, die in bestehende Architektur- und Landschaftsr\u00e4ume ver\u00e4ndernd eingreifen. Andererseits basiert \u201eAmbient\u201c auf kollektiven Praktiken.<\/p>\n<p>Sabine Gebhardt Fink erl\u00e4utert, wie die ortspezifische Kunst der 1960er Jahre weiterentwickelt wurde. Sie beschreibt spezifische Formen immersiven \u00e4sthetischen Erlebens und beleuchtet den Einfluss des Ortskonzeptes von Ambient Music und Ambient Sound. Anhand k\u00fcnstlerischer Projekte von Ricardo Basbaum, Janet Cardiff, Alice Creischer \/ Andreas Siekmann \/ Christian von Borries, Thomas Hirschhorn, San Keller und Hendrikje K\u00fchne \/ Beat Klein wird schlie\u00dflich gekl\u00e4rt, was unter einer \u00c4sthetik des Mit-Seins zu verstehen ist.<\/p>\n<p>Die Publikation entstand im Kontext des <a href=\"https:\/\/www.zhdk.ch\/forschungsprojekt\/418334\" target=\"_blank\" rel=\"noopener noreferrer\">Forschungsprojektes Verh\u00e4ltnis der K\u00fcnste<\/a><\/p>\n<p>ZHdK: Institute for Contemporary Art Research (IFCAR)<\/p>\n","protected":false},"excerpt":{"rendered":"<p>Ambient in der Kunst der Gegenwart<\/p>\n<p>Urspr\u00fcnglich f\u00fcr die Musik entwickelt, ist das Konzept des \u00ab\u200aAmbient\u200a\u00bb durch die Konstruktion eines vor\u00fcbergehenden, prozessualen Ortes gekennzeichnet. Hergestellt wird dieser einerseits durch k\u00fcnstlerische Produktionsprozesse, die in bestehende Architektur- und Landschaftsr\u00e4ume ver\u00e4ndernd eingreifen. Andererseits basiert \u00ab\u200aAmbient\u200a\u00bb auf kollektiven Praktiken. Sabine Gebhardt Fink erl\u00e4utert, wie die ortspezifische Kunst der 1960er-Jahre weiterentwickelt und einer kritischen Re-Lekt\u00fcre unterzogen wurde.<\/p>\n<p>216 Seiten, Passagen Verlag, 2012<br \/>\nISBN 978-3-7092-0008-7<\/p>\n","protected":false},"featured_media":1503,"template":"","meta":[],"product_brand":[],"product_cat":[145,699],"product_tag":[825],"class_list":{"0":"post-1501","1":"product","2":"type-product","3":"status-publish","4":"has-post-thumbnail","6":"product_cat-ifcar","7":"product_cat-gebhard-fink-sabine","8":"product_tag-ambient","10":"first","11":"instock","12":"shipping-taxable","13":"product-type-external"},"_links":{"self":[{"href":"https:\/\/publikationen.zhdk.ch\/index.php?rest_route=\/wp\/v2\/product\/1501","targetHints":{"allow":["GET"]}}],"collection":[{"href":"https:\/\/publikationen.zhdk.ch\/index.php?rest_route=\/wp\/v2\/product"}],"about":[{"href":"https:\/\/publikationen.zhdk.ch\/index.php?rest_route=\/wp\/v2\/types\/product"}],"version-history":[{"count":3,"href":"https:\/\/publikationen.zhdk.ch\/index.php?rest_route=\/wp\/v2\/product\/1501\/revisions"}],"predecessor-version":[{"id":3248,"href":"https:\/\/publikationen.zhdk.ch\/index.php?rest_route=\/wp\/v2\/product\/1501\/revisions\/3248"}],"wp:featuredmedia":[{"embeddable":true,"href":"https:\/\/publikationen.zhdk.ch\/index.php?rest_route=\/wp\/v2\/media\/1503"}],"wp:attachment":[{"href":"https:\/\/publikationen.zhdk.ch\/index.php?rest_route=%2Fwp%2Fv2%2Fmedia&parent=1501"}],"wp:term":[{"taxonomy":"product_brand","embeddable":true,"href":"https:\/\/publikationen.zhdk.ch\/index.php?rest_route=%2Fwp%2Fv2%2Fproduct_brand&post=1501"},{"taxonomy":"product_cat","embeddable":true,"href":"https:\/\/publikationen.zhdk.ch\/index.php?rest_route=%2Fwp%2Fv2%2Fproduct_cat&post=1501"},{"taxonomy":"product_tag","embeddable":true,"href":"https:\/\/publikationen.zhdk.ch\/index.php?rest_route=%2Fwp%2Fv2%2Fproduct_tag&post=1501"}],"curies":[{"name":"wp","href":"https:\/\/api.w.org\/{rel}","templated":true}]}}