{"id":1485,"date":"2019-04-24T17:05:49","date_gmt":"2019-04-24T15:05:49","guid":{"rendered":"http:\/\/publikationen.zhdk.ch\/?post_type=product&#038;p=1485"},"modified":"2023-08-10T13:02:58","modified_gmt":"2023-08-10T11:02:58","slug":"studien-zur-visuellen-kultur","status":"publish","type":"product","link":"https:\/\/publikationen.zhdk.ch\/?product=studien-zur-visuellen-kultur","title":{"rendered":"Studien zur visuellen Kultur | Sigrid Schade, Silke Wenk"},"content":{"rendered":"<p><span class=\"js-page_title--animation page_title--animation\" aria-hidden=\"true\" data-bind=\"text:title()\">ZHdK: Institute for Cultural Studies in the Arts (ICS)<\/span><\/p>\n","protected":false},"excerpt":{"rendered":"<p>Einf\u00fchrung in ein transdisziplin\u00e4res Forschungsfeld<\/p>\n<p>Studien zu visuellen Kulturen sind transdisziplin\u00e4r. Sie nehmen Fragestellungen von Cultural, Gender, Queer und Postcolonial Studies ebenso wie Ans\u00e4tze der Medien- und Kunstwissenschaft auf. Orte und Weisen des Zu-Sehen-Gebens, Inszenierungen von (Un-)Sichtbarem und somit auch die Herstellung von Bedeutungen bilden das Forschungsfeld. Im Unterschied zur Bildwissenschaft wird das \u00ab\u200aBild\u200a\u00bb hier nur als ein Element in einem Gef\u00fcge verstanden, das sich \u00fcber Verh\u00e4ltnisse r\u00e4umlicher und visueller Ordnungen, in den besonderen Verkn\u00fcpfungen von Wort und Bild und in den je spezifischen \u00e4sthetischen und materiellen Eigenschaften ihrer Medien herstellt.<\/p>\n<p><a href=\"https:\/\/publikationen.zhdk.ch\/?product_cat=studien-zur-visuellen-kultur\">Studien zur visuellen Kultur<\/a> Band 8<\/p>\n<p>232 Seiten,\u00a0transcript, 2011<br \/>\nISBN 978-3-89942-990-9<\/p>\n","protected":false},"featured_media":1487,"template":"","meta":[],"product_brand":[],"product_cat":[151,267,665,725],"product_tag":[625,799],"class_list":{"0":"post-1485","1":"product","2":"type-product","3":"status-publish","4":"has-post-thumbnail","6":"product_cat-ics","7":"product_cat-schade-sigrid","8":"product_cat-studien-zur-visuellen-kultur","9":"product_cat-wenk-silke","10":"product_tag-forschung","11":"product_tag-interdisziplinaritaet","13":"first","14":"instock","15":"shipping-taxable","16":"product-type-external"},"_links":{"self":[{"href":"https:\/\/publikationen.zhdk.ch\/index.php?rest_route=\/wp\/v2\/product\/1485","targetHints":{"allow":["GET"]}}],"collection":[{"href":"https:\/\/publikationen.zhdk.ch\/index.php?rest_route=\/wp\/v2\/product"}],"about":[{"href":"https:\/\/publikationen.zhdk.ch\/index.php?rest_route=\/wp\/v2\/types\/product"}],"version-history":[{"count":6,"href":"https:\/\/publikationen.zhdk.ch\/index.php?rest_route=\/wp\/v2\/product\/1485\/revisions"}],"predecessor-version":[{"id":6035,"href":"https:\/\/publikationen.zhdk.ch\/index.php?rest_route=\/wp\/v2\/product\/1485\/revisions\/6035"}],"wp:featuredmedia":[{"embeddable":true,"href":"https:\/\/publikationen.zhdk.ch\/index.php?rest_route=\/wp\/v2\/media\/1487"}],"wp:attachment":[{"href":"https:\/\/publikationen.zhdk.ch\/index.php?rest_route=%2Fwp%2Fv2%2Fmedia&parent=1485"}],"wp:term":[{"taxonomy":"product_brand","embeddable":true,"href":"https:\/\/publikationen.zhdk.ch\/index.php?rest_route=%2Fwp%2Fv2%2Fproduct_brand&post=1485"},{"taxonomy":"product_cat","embeddable":true,"href":"https:\/\/publikationen.zhdk.ch\/index.php?rest_route=%2Fwp%2Fv2%2Fproduct_cat&post=1485"},{"taxonomy":"product_tag","embeddable":true,"href":"https:\/\/publikationen.zhdk.ch\/index.php?rest_route=%2Fwp%2Fv2%2Fproduct_tag&post=1485"}],"curies":[{"name":"wp","href":"https:\/\/api.w.org\/{rel}","templated":true}]}}