{"id":1481,"date":"2019-04-24T16:59:35","date_gmt":"2019-04-24T14:59:35","guid":{"rendered":"http:\/\/publikationen.zhdk.ch\/?post_type=product&#038;p=1481"},"modified":"2023-02-02T09:42:36","modified_gmt":"2023-02-02T08:42:36","slug":"design-als-wissenskultur-ebook","status":"publish","type":"product","link":"https:\/\/publikationen.zhdk.ch\/?product=design-als-wissenskultur-ebook","title":{"rendered":"Design als Wissenskultur | Claudia Mareis [E-Book PDF]"},"content":{"rendered":"<p><span class=\"js-page_title--animation page_title--animation\" aria-hidden=\"true\" data-bind=\"text:title()\">Die Arbeit ist als Dissertation am Institute for Cultural Studies in the Arts (ICS) der Z\u00fcrcher Hochschule der K\u00fcnste entstanden.<\/span><\/p>\n<p><span class=\"js-page_title--animation page_title--animation\" aria-hidden=\"true\" data-bind=\"text:title()\">\u00a0<\/span><\/p>\n","protected":false},"excerpt":{"rendered":"<p>Interferenzen zwischen Design- und Wissensdiskursen seit 1960<\/p>\n<p>Design gilt zunehmend als autonome Wissenskultur. In diesem Band werden die demarkierten Grenzen zwischen Design, Kunst und Wissenschaft in Frage gestellt und unter dem Leitmotiv eines \u00ab\u200aDesign Turns\u200a\u00bb neu ausgehandelt. Claudia Mareis zeichnet Interferenzen zwischen Design- und Wissensdiskursen seit dem \u00ab\u200aDesign Methods Movement\u200a\u00bb in den 1960er Jahren nach und tr\u00e4gt damit zur Erforschung historischer Einfl\u00fcsse bei, welche die aktuellen Wissensdebatten in Designtheorie und -forschung pr\u00e4gen.<\/p>\n<p>450 Seiten (PDF), transcript, 2011<br \/>\nISBN 978-3-8394-1588-7<\/p>\n","protected":false},"featured_media":1477,"template":"","meta":[],"product_brand":[],"product_cat":[151,221,1514,727],"product_tag":[821],"class_list":{"0":"post-1481","1":"product","2":"type-product","3":"status-publish","4":"has-post-thumbnail","6":"product_cat-ics","7":"product_cat-e-books","8":"product_cat-e-publikationen","9":"product_cat-mareis-claudia","10":"product_tag-design","12":"first","13":"instock","14":"shipping-taxable","15":"product-type-external"},"_links":{"self":[{"href":"https:\/\/publikationen.zhdk.ch\/index.php?rest_route=\/wp\/v2\/product\/1481","targetHints":{"allow":["GET"]}}],"collection":[{"href":"https:\/\/publikationen.zhdk.ch\/index.php?rest_route=\/wp\/v2\/product"}],"about":[{"href":"https:\/\/publikationen.zhdk.ch\/index.php?rest_route=\/wp\/v2\/types\/product"}],"version-history":[{"count":5,"href":"https:\/\/publikationen.zhdk.ch\/index.php?rest_route=\/wp\/v2\/product\/1481\/revisions"}],"predecessor-version":[{"id":3018,"href":"https:\/\/publikationen.zhdk.ch\/index.php?rest_route=\/wp\/v2\/product\/1481\/revisions\/3018"}],"wp:featuredmedia":[{"embeddable":true,"href":"https:\/\/publikationen.zhdk.ch\/index.php?rest_route=\/wp\/v2\/media\/1477"}],"wp:attachment":[{"href":"https:\/\/publikationen.zhdk.ch\/index.php?rest_route=%2Fwp%2Fv2%2Fmedia&parent=1481"}],"wp:term":[{"taxonomy":"product_brand","embeddable":true,"href":"https:\/\/publikationen.zhdk.ch\/index.php?rest_route=%2Fwp%2Fv2%2Fproduct_brand&post=1481"},{"taxonomy":"product_cat","embeddable":true,"href":"https:\/\/publikationen.zhdk.ch\/index.php?rest_route=%2Fwp%2Fv2%2Fproduct_cat&post=1481"},{"taxonomy":"product_tag","embeddable":true,"href":"https:\/\/publikationen.zhdk.ch\/index.php?rest_route=%2Fwp%2Fv2%2Fproduct_tag&post=1481"}],"curies":[{"name":"wp","href":"https:\/\/api.w.org\/{rel}","templated":true}]}}