{"id":1451,"date":"2019-04-24T16:37:34","date_gmt":"2019-04-24T14:37:34","guid":{"rendered":"http:\/\/publikationen.zhdk.ch\/?post_type=product&#038;p=1451"},"modified":"2023-02-02T09:50:50","modified_gmt":"2023-02-02T08:50:50","slug":"artists-in-labs-2","status":"publish","type":"product","link":"https:\/\/publikationen.zhdk.ch\/?product=artists-in-labs-2","title":{"rendered":"artists-in-labs. Networking in the Margins | Jill Scott (Hg.) [E-Book PDF]"},"content":{"rendered":"<p><span class=\"js-page_title--animation page_title--animation\" aria-hidden=\"true\" data-bind=\"text:title()\">ZHdK: Institute for Cultural Studies in the Arts (ICS)<\/span><\/p>\n","protected":false},"excerpt":{"rendered":"<p>Der zweite Band verwischt die Grenzen zwischen Kunst und wissenschaftlicher Forschung. Innerhalb der Spanne zwischen den beiden Disziplinen liegt eine verantwortungsbewusste Haltung, die Citizen Science, Fantasie, Fakten, unerwartete Ergebnisse und immersive Bildung bewertet. W\u00e4hrend K\u00fcnstlerinnen und K\u00fcnstler vermehrt an ethischen und sozialen Debatten \u00fcber wissenschaftliche Entdeckungen teilnehmen, sind Wissenschaftlerinnen und Wissenschaftler den Prozessen und Kontexten der Kunst ausgesetzt. Daher tendiert Networking dazu, die Grenzen der exakten Wissenschaften auszuweiten, und sorgt verst\u00e4rkt f\u00fcr einen Dialog mit den Geisteswissenschaften und den K\u00fcnsten.<\/p>\n<p>207 Seiten (PDF), Springer, 2010<br \/>\nISBN 978-3-7091-0321-0<\/p>\n","protected":false},"featured_media":1459,"template":"","meta":[],"product_brand":[],"product_cat":[151,221,1514,1014,681],"product_tag":[813],"class_list":{"0":"post-1451","1":"product","2":"type-product","3":"status-publish","4":"has-post-thumbnail","6":"product_cat-ics","7":"product_cat-e-books","8":"product_cat-e-publikationen","9":"product_cat-open-access","10":"product_cat-scott-jill","11":"product_tag-open-access","13":"first","14":"instock","15":"shipping-taxable","16":"product-type-external"},"_links":{"self":[{"href":"https:\/\/publikationen.zhdk.ch\/index.php?rest_route=\/wp\/v2\/product\/1451","targetHints":{"allow":["GET"]}}],"collection":[{"href":"https:\/\/publikationen.zhdk.ch\/index.php?rest_route=\/wp\/v2\/product"}],"about":[{"href":"https:\/\/publikationen.zhdk.ch\/index.php?rest_route=\/wp\/v2\/types\/product"}],"version-history":[{"count":7,"href":"https:\/\/publikationen.zhdk.ch\/index.php?rest_route=\/wp\/v2\/product\/1451\/revisions"}],"predecessor-version":[{"id":3024,"href":"https:\/\/publikationen.zhdk.ch\/index.php?rest_route=\/wp\/v2\/product\/1451\/revisions\/3024"}],"wp:featuredmedia":[{"embeddable":true,"href":"https:\/\/publikationen.zhdk.ch\/index.php?rest_route=\/wp\/v2\/media\/1459"}],"wp:attachment":[{"href":"https:\/\/publikationen.zhdk.ch\/index.php?rest_route=%2Fwp%2Fv2%2Fmedia&parent=1451"}],"wp:term":[{"taxonomy":"product_brand","embeddable":true,"href":"https:\/\/publikationen.zhdk.ch\/index.php?rest_route=%2Fwp%2Fv2%2Fproduct_brand&post=1451"},{"taxonomy":"product_cat","embeddable":true,"href":"https:\/\/publikationen.zhdk.ch\/index.php?rest_route=%2Fwp%2Fv2%2Fproduct_cat&post=1451"},{"taxonomy":"product_tag","embeddable":true,"href":"https:\/\/publikationen.zhdk.ch\/index.php?rest_route=%2Fwp%2Fv2%2Fproduct_tag&post=1451"}],"curies":[{"name":"wp","href":"https:\/\/api.w.org\/{rel}","templated":true}]}}