{"id":1445,"date":"2019-04-24T16:34:20","date_gmt":"2019-04-24T14:34:20","guid":{"rendered":"http:\/\/publikationen.zhdk.ch\/?post_type=product&#038;p=1445"},"modified":"2023-02-02T09:58:43","modified_gmt":"2023-02-02T08:58:43","slug":"transdiscourse-1","status":"publish","type":"product","link":"https:\/\/publikationen.zhdk.ch\/?product=transdiscourse-1","title":{"rendered":"Transdiscourse 1. Mediated Environments | Andrea Gleiniger, Angelika Hilbeck, Jill Scott (Hg.) [E-Book PDF]"},"content":{"rendered":"<p><span class=\"js-page_title--animation page_title--animation\" aria-hidden=\"true\" data-bind=\"text:title()\">ZHdK: Institute for Cultural Studies in the Arts (ICS)<\/span><\/p>\n","protected":false},"excerpt":{"rendered":"<p>Die Beitr\u00e4ge dieses Bandes befragen das Konzept einer transdisziplin\u00e4ren Sichtweise auf unsere Zukunft. Heute konstruiert sich f\u00fcr uns die Welt durch die Darstellungen in den Massenmedien. Auch unsere K\u00f6rper, Umgebungen und St\u00e4dte werden durch diese \u00dcbersetzungen und Interpretationen der sozialen Wirklichkeit neu vermittelt und \u00fcbertragen. \u00ab\u200aMediated Environments\u200a\u00bb vergleicht und verbindet Positionen verschiedener Disziplinen, ausgehend vom gemeinsamen Element der Medienkritik, Nachhaltigkeit und der Stadtentwicklung.<\/p>\n<p>208 Seiten (PDF), Springer, 2011<br \/>\nISBN <span id=\"electronic-isbn\" class=\"bibliographic-information__value\">978-3-7091-0288-6<\/span><\/p>\n","protected":false},"featured_media":1447,"template":"","meta":[],"product_brand":[],"product_cat":[151,221,1514,741,743,1014,681],"product_tag":[813],"class_list":{"0":"post-1445","1":"product","2":"type-product","3":"status-publish","4":"has-post-thumbnail","6":"product_cat-ics","7":"product_cat-e-books","8":"product_cat-e-publikationen","9":"product_cat-gleininger-andrea","10":"product_cat-hilbeck-angelika","11":"product_cat-open-access","12":"product_cat-scott-jill","13":"product_tag-open-access","15":"first","16":"instock","17":"shipping-taxable","18":"product-type-external"},"_links":{"self":[{"href":"https:\/\/publikationen.zhdk.ch\/index.php?rest_route=\/wp\/v2\/product\/1445","targetHints":{"allow":["GET"]}}],"collection":[{"href":"https:\/\/publikationen.zhdk.ch\/index.php?rest_route=\/wp\/v2\/product"}],"about":[{"href":"https:\/\/publikationen.zhdk.ch\/index.php?rest_route=\/wp\/v2\/types\/product"}],"version-history":[{"count":4,"href":"https:\/\/publikationen.zhdk.ch\/index.php?rest_route=\/wp\/v2\/product\/1445\/revisions"}],"predecessor-version":[{"id":3026,"href":"https:\/\/publikationen.zhdk.ch\/index.php?rest_route=\/wp\/v2\/product\/1445\/revisions\/3026"}],"wp:featuredmedia":[{"embeddable":true,"href":"https:\/\/publikationen.zhdk.ch\/index.php?rest_route=\/wp\/v2\/media\/1447"}],"wp:attachment":[{"href":"https:\/\/publikationen.zhdk.ch\/index.php?rest_route=%2Fwp%2Fv2%2Fmedia&parent=1445"}],"wp:term":[{"taxonomy":"product_brand","embeddable":true,"href":"https:\/\/publikationen.zhdk.ch\/index.php?rest_route=%2Fwp%2Fv2%2Fproduct_brand&post=1445"},{"taxonomy":"product_cat","embeddable":true,"href":"https:\/\/publikationen.zhdk.ch\/index.php?rest_route=%2Fwp%2Fv2%2Fproduct_cat&post=1445"},{"taxonomy":"product_tag","embeddable":true,"href":"https:\/\/publikationen.zhdk.ch\/index.php?rest_route=%2Fwp%2Fv2%2Fproduct_tag&post=1445"}],"curies":[{"name":"wp","href":"https:\/\/api.w.org\/{rel}","templated":true}]}}