{"id":1419,"date":"2019-04-24T15:54:40","date_gmt":"2019-04-24T13:54:40","guid":{"rendered":"http:\/\/publikationen.zhdk.ch\/?post_type=product&#038;p=1419"},"modified":"2023-08-10T13:04:06","modified_gmt":"2023-08-10T11:04:06","slug":"grenzgaenge-zwischen-den-kuensten-ebook","status":"publish","type":"product","link":"https:\/\/publikationen.zhdk.ch\/?product=grenzgaenge-zwischen-den-kuensten-ebook","title":{"rendered":"Grenzg\u00e4nge zwischen den K\u00fcnsten | Jennifer John, Sigrid Schade (Hg.) [E-Book PDF]"},"content":{"rendered":"<div class=\"product--description flyer\" data-flyer=\"description\">\n<p>Was unterscheidet \u00bbfreie\u00ab von \u00bbangewandten\u00ab K\u00fcnsten? Diese nicht erst seit der Moderne virulente Frage pr\u00e4gt die Kunstvorstellungen bis heute. Der Band geht dieser die Hierarchie der K\u00fcnste vorstrukturierenden Gegen\u00fcberstellung nach. Es zeigt sich, dass in den Wechselbeziehungen zwischen Kunst und Kunstgewerbe Gattungshierarchien und implizite Geschlechtszuschreibungen nach wie vor eine zentrale Rolle spielen, was auch von zeitgen\u00f6ssischen K\u00fcnstlerinnen und K\u00fcnstlern problematisiert wird.<\/p>\n<p>Die internationalen Beitr\u00e4ger*innen stellen das Funktionieren der traditionellen Hierarchien zur Diskussion, was zu einer Revision von Kategorien und Klassifikationen der Kunstgeschichte f\u00fchrt. Dies erm\u00f6glicht eine Neubewertung nicht nur von k\u00fcnstlerischen\/gestalterischen Werken der Moderne bis zur Gegenwart, sondern auch der damit befassten Kunstkritik. Aktuelle k\u00fcnstlerische Strategien erfahren dabei eine besondere Beachtung.<\/p>\n<p>(Printausgabe vergriffen)<\/p>\n<p><span class=\"description\">ZHdK: Institute for Cultural Studies in the Arts (ICS)<\/span><\/p>\n<\/div>\n","protected":false},"excerpt":{"rendered":"<p>Interventionen in Gattungshierarchien und Geschlechterkonstruktionen<\/p>\n<p>Was unterscheidet \u00ab\u200afreie\u200a\u00bb von \u00ab\u200aangewandten\u200a\u00bb K\u00fcnsten? Diese nicht erst seit der Moderne virulente Frage pr\u00e4gt die Kunstvorstellungen bis heute. Es zeigt sich, dass in den Wechselbeziehungen zwischen Kunst und Kunstgewerbe Gattungshierarchien und implizite Geschlechtszuschreibungen nach wie vor eine zentrale Rolle spielen, was auch von zeitgen\u00f6ssischen K\u00fcnstler*innen problematisiert wird. Die internationalen Beitr\u00e4ge stellen das Funktionieren der traditionellen Hierarchien zur Diskussion, was zu einer Revision von Kategorien und Klassifikationen der Kunstgeschichte f\u00fchrt.<\/p>\n<p><a href=\"https:\/\/publikationen.zhdk.ch\/?product_cat=studien-zur-visuellen-kultur\">Studien zur visuellen Kultur<\/a> Band 9<\/p>\n<p>200 Seiten (PDF), transcript, 2008<br \/>\nISBN <span class=\"entry--content\" data-flyer=\"isbn\">978-3-8394-0967-1<\/span><\/p>\n","protected":false},"featured_media":1423,"template":"","meta":[],"product_brand":[],"product_cat":[151,221,1514,745,1014,267,665],"product_tag":[813],"class_list":{"0":"post-1419","1":"product","2":"type-product","3":"status-publish","4":"has-post-thumbnail","6":"product_cat-ics","7":"product_cat-e-books","8":"product_cat-e-publikationen","9":"product_cat-john-jennifer","10":"product_cat-open-access","11":"product_cat-schade-sigrid","12":"product_cat-studien-zur-visuellen-kultur","13":"product_tag-open-access","15":"first","16":"instock","17":"shipping-taxable","18":"product-type-external"},"_links":{"self":[{"href":"https:\/\/publikationen.zhdk.ch\/index.php?rest_route=\/wp\/v2\/product\/1419","targetHints":{"allow":["GET"]}}],"collection":[{"href":"https:\/\/publikationen.zhdk.ch\/index.php?rest_route=\/wp\/v2\/product"}],"about":[{"href":"https:\/\/publikationen.zhdk.ch\/index.php?rest_route=\/wp\/v2\/types\/product"}],"version-history":[{"count":7,"href":"https:\/\/publikationen.zhdk.ch\/index.php?rest_route=\/wp\/v2\/product\/1419\/revisions"}],"predecessor-version":[{"id":6037,"href":"https:\/\/publikationen.zhdk.ch\/index.php?rest_route=\/wp\/v2\/product\/1419\/revisions\/6037"}],"wp:featuredmedia":[{"embeddable":true,"href":"https:\/\/publikationen.zhdk.ch\/index.php?rest_route=\/wp\/v2\/media\/1423"}],"wp:attachment":[{"href":"https:\/\/publikationen.zhdk.ch\/index.php?rest_route=%2Fwp%2Fv2%2Fmedia&parent=1419"}],"wp:term":[{"taxonomy":"product_brand","embeddable":true,"href":"https:\/\/publikationen.zhdk.ch\/index.php?rest_route=%2Fwp%2Fv2%2Fproduct_brand&post=1419"},{"taxonomy":"product_cat","embeddable":true,"href":"https:\/\/publikationen.zhdk.ch\/index.php?rest_route=%2Fwp%2Fv2%2Fproduct_cat&post=1419"},{"taxonomy":"product_tag","embeddable":true,"href":"https:\/\/publikationen.zhdk.ch\/index.php?rest_route=%2Fwp%2Fv2%2Fproduct_tag&post=1419"}],"curies":[{"name":"wp","href":"https:\/\/api.w.org\/{rel}","templated":true}]}}