{"id":1393,"date":"2019-04-24T15:29:31","date_gmt":"2019-04-24T13:29:31","guid":{"rendered":"http:\/\/publikationen.zhdk.ch\/?post_type=product&#038;p=1393"},"modified":"2023-02-02T10:13:10","modified_gmt":"2023-02-02T09:13:10","slug":"high-und-low","status":"publish","type":"product","link":"https:\/\/publikationen.zhdk.ch\/?product=high-und-low","title":{"rendered":"High &#8211; Low | Corinna Caduff, Tan W\u00e4lchli (Hg.)"},"content":{"rendered":"<p>Die high-Komponistin Isabel Mundry, deren Werke regelm\u00e4\u00dfig von Daniel Barenboim zur Auff\u00fchrung gebracht werden, besch\u00e4ftigt sich mit Bj\u00f6rk. Der Londoner Performancek\u00fcnstler Bill Drummond, der 1994 weltweit Aufsehen erregte, als er eine Million Pfund verbrannte, schreibt eine Humoreske \u00fcber den Geldwert von Kunstwerken. Die Schriftstellerin Elke Schmitter setzt bei einer Begegnung an, die Virginia Woolf einst mit einer low-Autorin hatte. \u2013 Im vorliegenden Band wird die Liaison von \u00bbOben und Unten\u00ab, von Elite und Masse, von Tradition und Popularisierung aus unterschiedlichen Perspektiven neu besprochen, wobei Wissenschaftler und K\u00fcnstler aus verschiedenen Disziplinen zu Wort kommen.<br \/>\nAusgangspunkt ist die Beobachtung, dass heute kulturelle Produkte, die man fr\u00fcher bedenkenlos als low bezeichnet h\u00e4tte \u2013 von der Popmusik bis zum Kino, vom Design-Magazin bis zum Celebrity-Kult \u2013 f\u00fcr das Selbstverst\u00e4ndnis der westlichen Gesellschaften fast wichtiger zu sein scheinen als die traditionelle high art. Auch in der Wissenschaft hat sich diese Umwertung niedergeschlagen, mit den Cultural Studies haben die Alltags- und Popul\u00e4rkulturen massiv an Bedeutung gewonnen. In dieser Situation ist ein unbedingtes Festhalten an high ebenso wenig produktiv wie eine Feier des low oder gar Gleichg\u00fcltigkeit angesichts eines angeblichen anything goes. Vielmehr ist zu untersuchen, wie sich high und low in den letzten Jahrzehnten gegenseitig durchdrungen haben und welche Hybridformen dabei zustande gekommen sind.<\/p>\n<p>Mit Beitr\u00e4gen von Corina Caduff, Beatriz Colomina, Alice Creischer, Bill Drummond, Sabine Gebhardt Fink, Nele Hertling, Florian Keller, Sebastian Klotz, Susanne von Ledebur, Isabel Mundry, David Ratmoko, Steffen Schmidt, Elke Schmitter, Philip Ursprung und Tan W\u00e4lchli.<\/p>\n<p>Das Buch entstand im Rahmen des <a href=\"https:\/\/www.zhdk.ch\/forschungsprojekt\/418334\" target=\"_blank\" rel=\"noopener noreferrer\">Forschungsprojekts Verh\u00e4ltnis der K\u00fcnste<\/a>.<\/p>\n<p><span class=\"description\">ZHdK: Institute for Cultural Studies in the Arts (ICS)<\/span><\/p>\n","protected":false},"excerpt":{"rendered":"<p>Hoch- und Alltagskultur in Musik, Kunst, Literatur, Tanz und Kino<\/p>\n<p>Der Band bespricht die Liaison von \u00ab\u200aOben und Unten\u200a\u00bb, von Elite und Masse, von Tradition und Popularisierung aus unterschiedlichen Perspektiven und analysiert die daraus entstehenden Hybridformen. Ausgangspunkt ist die Beobachtung, dass heute kulturelle Produkte, die man fr\u00fcher bedenkenlos als \u00ab\u200alow\u200a\u00bb bezeichnet h\u00e4tte, f\u00fcr das Selbstverst\u00e4ndnis der westlichen Gesellschaften fast wichtiger zu sein scheinen, als die traditionelle \u00ab\u200ahigh art\u200a\u00bb. Auch in der Wissenschaft hat sich diese Umwertung niedergeschlagen, mit den Cultural Studies haben die Alltags- und Popul\u00e4rkulturen massiv an Bedeutung gewonnen.<\/p>\n<p>158 Seiten,\u00a0Kadmos, 2007<br \/>\nISBN 978-3-86599-042-6<\/p>\n","protected":false},"featured_media":1395,"template":"","meta":[],"product_brand":[],"product_cat":[361,151,765],"product_tag":[],"class_list":{"0":"post-1393","1":"product","2":"type-product","3":"status-publish","4":"has-post-thumbnail","6":"product_cat-caduff-corinna","7":"product_cat-ics","8":"product_cat-waelchli-tan","10":"first","11":"instock","12":"shipping-taxable","13":"product-type-external"},"_links":{"self":[{"href":"https:\/\/publikationen.zhdk.ch\/index.php?rest_route=\/wp\/v2\/product\/1393","targetHints":{"allow":["GET"]}}],"collection":[{"href":"https:\/\/publikationen.zhdk.ch\/index.php?rest_route=\/wp\/v2\/product"}],"about":[{"href":"https:\/\/publikationen.zhdk.ch\/index.php?rest_route=\/wp\/v2\/types\/product"}],"version-history":[{"count":3,"href":"https:\/\/publikationen.zhdk.ch\/index.php?rest_route=\/wp\/v2\/product\/1393\/revisions"}],"predecessor-version":[{"id":3044,"href":"https:\/\/publikationen.zhdk.ch\/index.php?rest_route=\/wp\/v2\/product\/1393\/revisions\/3044"}],"wp:featuredmedia":[{"embeddable":true,"href":"https:\/\/publikationen.zhdk.ch\/index.php?rest_route=\/wp\/v2\/media\/1395"}],"wp:attachment":[{"href":"https:\/\/publikationen.zhdk.ch\/index.php?rest_route=%2Fwp%2Fv2%2Fmedia&parent=1393"}],"wp:term":[{"taxonomy":"product_brand","embeddable":true,"href":"https:\/\/publikationen.zhdk.ch\/index.php?rest_route=%2Fwp%2Fv2%2Fproduct_brand&post=1393"},{"taxonomy":"product_cat","embeddable":true,"href":"https:\/\/publikationen.zhdk.ch\/index.php?rest_route=%2Fwp%2Fv2%2Fproduct_cat&post=1393"},{"taxonomy":"product_tag","embeddable":true,"href":"https:\/\/publikationen.zhdk.ch\/index.php?rest_route=%2Fwp%2Fv2%2Fproduct_tag&post=1393"}],"curies":[{"name":"wp","href":"https:\/\/api.w.org\/{rel}","templated":true}]}}