{"id":1387,"date":"2019-04-24T15:21:07","date_gmt":"2019-04-24T13:21:07","guid":{"rendered":"http:\/\/publikationen.zhdk.ch\/?post_type=product&#038;p=1387"},"modified":"2023-02-02T10:19:55","modified_gmt":"2023-02-02T09:19:55","slug":"die-kuenste-im-gespraech","status":"publish","type":"product","link":"https:\/\/publikationen.zhdk.ch\/?product=die-kuenste-im-gespraech","title":{"rendered":"Die K\u00fcnste im Gespr\u00e4ch | Corinna Caduff, Sabine Gebhardt Fink, Florian Keller, Steffen Schmidt (Hg.)"},"content":{"rendered":"<p>Das Buch entstand im Rahmen des <a href=\"https:\/\/www.zhdk.ch\/forschungsprojekt\/418334\" target=\"_blank\" rel=\"noopener noreferrer\">Forschungsprojekts Verh\u00e4ltnis der K\u00fcnste.<\/a><\/p>\n<p><span class=\"description\">ZHdK: Institute for Cultural Studies in the Arts (ICS)<\/span><\/p>\n","protected":false},"excerpt":{"rendered":"<p>Das interdisziplin\u00e4re Autor*innenteam besch\u00e4ftigt sich in diesem Band mit dem Verh\u00e4ltnis von Kunst, Musik, Literatur und Film. In den Gegenwartsk\u00fcnsten geh\u00f6rt die \u00dcberschreitung von herk\u00f6mmlichen Disziplin- und Mediengrenzen l\u00e4ngst zum Alltag. Die Beitr\u00e4ge reflektieren im Spannungsfeld von Hoch- und Alltagskultur diese Tendenzen, indem sie verschiedenen Fragen auch historisch nachgehen: Wie erscheinen bestimmte Themen und Motive \u2013 z. B. die Tr\u00e4ne, die Ekstase, der Sport \u2013 in den verschiedenen K\u00fcnsten, wo zeigen sich \u00e4sthetische Differenzen und Analogien? Wie kann man umgehen mit geschichtlichen Diskontinuit\u00e4ten, die sich dabei im Vergleich der K\u00fcnste ergeben?<\/p>\n<p>156 Seiten,\u00a0Fink, 2007<br \/>\nISBN 978-3-7705-4524-7<\/p>\n","protected":false},"featured_media":1389,"template":"","meta":[],"product_brand":[],"product_cat":[361,151,699,767,701],"product_tag":[805],"class_list":{"0":"post-1387","1":"product","2":"type-product","3":"status-publish","4":"has-post-thumbnail","6":"product_cat-caduff-corinna","7":"product_cat-ics","8":"product_cat-gebhard-fink-sabine","9":"product_cat-keller-florian","10":"product_cat-schmidt-steffen-a","11":"product_tag-forschungsprojekt","13":"first","14":"instock","15":"shipping-taxable","16":"product-type-external"},"_links":{"self":[{"href":"https:\/\/publikationen.zhdk.ch\/index.php?rest_route=\/wp\/v2\/product\/1387","targetHints":{"allow":["GET"]}}],"collection":[{"href":"https:\/\/publikationen.zhdk.ch\/index.php?rest_route=\/wp\/v2\/product"}],"about":[{"href":"https:\/\/publikationen.zhdk.ch\/index.php?rest_route=\/wp\/v2\/types\/product"}],"version-history":[{"count":4,"href":"https:\/\/publikationen.zhdk.ch\/index.php?rest_route=\/wp\/v2\/product\/1387\/revisions"}],"predecessor-version":[{"id":3468,"href":"https:\/\/publikationen.zhdk.ch\/index.php?rest_route=\/wp\/v2\/product\/1387\/revisions\/3468"}],"wp:featuredmedia":[{"embeddable":true,"href":"https:\/\/publikationen.zhdk.ch\/index.php?rest_route=\/wp\/v2\/media\/1389"}],"wp:attachment":[{"href":"https:\/\/publikationen.zhdk.ch\/index.php?rest_route=%2Fwp%2Fv2%2Fmedia&parent=1387"}],"wp:term":[{"taxonomy":"product_brand","embeddable":true,"href":"https:\/\/publikationen.zhdk.ch\/index.php?rest_route=%2Fwp%2Fv2%2Fproduct_brand&post=1387"},{"taxonomy":"product_cat","embeddable":true,"href":"https:\/\/publikationen.zhdk.ch\/index.php?rest_route=%2Fwp%2Fv2%2Fproduct_cat&post=1387"},{"taxonomy":"product_tag","embeddable":true,"href":"https:\/\/publikationen.zhdk.ch\/index.php?rest_route=%2Fwp%2Fv2%2Fproduct_tag&post=1387"}],"curies":[{"name":"wp","href":"https:\/\/api.w.org\/{rel}","templated":true}]}}