{"id":1381,"date":"2019-04-24T15:10:55","date_gmt":"2019-04-24T13:10:55","guid":{"rendered":"http:\/\/publikationen.zhdk.ch\/?post_type=product&#038;p=1381"},"modified":"2023-08-10T13:22:54","modified_gmt":"2023-08-10T11:22:54","slug":"zuercher-jahrbuch-der-kuenste-2007","status":"publish","type":"product","link":"https:\/\/publikationen.zhdk.ch\/?product=zuercher-jahrbuch-der-kuenste-2007","title":{"rendered":"Is it now? &#8211; Gegenwart in den K\u00fcnsten | Z\u00fcrcher Jahrbuch der K\u00fcnste"},"content":{"rendered":"<p>Herausgegeben von Sigrid Adorf, Sabine Gebhardt Fink, Sigrid Schade, Steffen Schmidt.<\/p>\n<p><span class=\"description\">ZHdK: Institute for Cultural Studies in the Arts (ICS)<\/span><\/p>\n","protected":false},"excerpt":{"rendered":"<p>Was heisst heute, zeitgen\u00f6ssisch sein? Seit der Moderne galt die Aufforderung, K\u00fcnstler*innen sollten sich als Zeitgenossen und -zeuginnen verstehen. Gegenwart zu beschreiben heisst traditionell, sie in Abgrenzung zu einer konstruierten Vergangenheit und in Hinsicht auf eine vorgestellte Zukunft zu definieren. Heute aber scheint uns ein Bruch von der Vergangenheit zu trennen, Visionen scheinen unangebracht und die Gegenwart dehnt sich, wie Alexander Kluge es bereits 1985 in \u200a\u00ab\u200aDer Angriff der Gegenwart auf die \u00fcbrige Zeit\u200a\u00bb formulierte. Der Band reflektiert die prek\u00e4re Position von Zeitgenossenschaft und die Frage wie Theoretiker*innen und Praktiker*innen aus der bildenden Kunst, Musik, Performance und Theater mit der Notwendigkeit umgehen, Gegenwartsph\u00e4nomene greifbar zu machen.<\/p>\n<p><a href=\"https:\/\/publikationen.zhdk.ch\/?product_cat=zuercher-jahrbuch-der-kuenste\">Z\u00fcrcher Jahrbuch der K\u00fcnste<\/a> 2006<\/p>\n<p>208 Seiten, Z\u00fcrcher Hochschule der K\u00fcnste, 2007<br \/>\nISBN 978-3-906437-19-4<\/p>\n","protected":false},"featured_media":1383,"template":"","meta":[],"product_brand":[],"product_cat":[695,151,699,267,701,803],"product_tag":[],"class_list":{"0":"post-1381","1":"product","2":"type-product","3":"status-publish","4":"has-post-thumbnail","6":"product_cat-adorf-sigrid","7":"product_cat-ics","8":"product_cat-gebhard-fink-sabine","9":"product_cat-schade-sigrid","10":"product_cat-schmidt-steffen-a","11":"product_cat-zuercher-jahrbuch-der-kuenste","13":"first","14":"instock","15":"shipping-taxable","16":"product-type-external"},"_links":{"self":[{"href":"https:\/\/publikationen.zhdk.ch\/index.php?rest_route=\/wp\/v2\/product\/1381","targetHints":{"allow":["GET"]}}],"collection":[{"href":"https:\/\/publikationen.zhdk.ch\/index.php?rest_route=\/wp\/v2\/product"}],"about":[{"href":"https:\/\/publikationen.zhdk.ch\/index.php?rest_route=\/wp\/v2\/types\/product"}],"version-history":[{"count":6,"href":"https:\/\/publikationen.zhdk.ch\/index.php?rest_route=\/wp\/v2\/product\/1381\/revisions"}],"predecessor-version":[{"id":6087,"href":"https:\/\/publikationen.zhdk.ch\/index.php?rest_route=\/wp\/v2\/product\/1381\/revisions\/6087"}],"wp:featuredmedia":[{"embeddable":true,"href":"https:\/\/publikationen.zhdk.ch\/index.php?rest_route=\/wp\/v2\/media\/1383"}],"wp:attachment":[{"href":"https:\/\/publikationen.zhdk.ch\/index.php?rest_route=%2Fwp%2Fv2%2Fmedia&parent=1381"}],"wp:term":[{"taxonomy":"product_brand","embeddable":true,"href":"https:\/\/publikationen.zhdk.ch\/index.php?rest_route=%2Fwp%2Fv2%2Fproduct_brand&post=1381"},{"taxonomy":"product_cat","embeddable":true,"href":"https:\/\/publikationen.zhdk.ch\/index.php?rest_route=%2Fwp%2Fv2%2Fproduct_cat&post=1381"},{"taxonomy":"product_tag","embeddable":true,"href":"https:\/\/publikationen.zhdk.ch\/index.php?rest_route=%2Fwp%2Fv2%2Fproduct_tag&post=1381"}],"curies":[{"name":"wp","href":"https:\/\/api.w.org\/{rel}","templated":true}]}}